{"id":1005,"date":"2025-10-06T06:04:00","date_gmt":"2025-10-06T04:04:00","guid":{"rendered":"https:\/\/lobos.uno\/?post_type=product&#038;p=1005"},"modified":"2025-11-09T22:41:35","modified_gmt":"2025-11-09T21:41:35","slug":"fusil-de-hidrogel-modelo-ak-slr","status":"publish","type":"product","link":"https:\/\/lobos.uno\/?product=fusil-de-hidrogel-modelo-ak-slr","title":{"rendered":"Fusil de hidrogel modelo AK SLR"},"content":{"rendered":"<p><strong>Caracter\u00edsticas del lanzador de gel SLR AK<\/strong><\/p>\n<ul>\n<li>Tipo: Autom\u00e1tico, funciona con bater\u00edas<\/li>\n<li>Modos de disparo: totalmente autom\u00e1tico y semiautom\u00e1tico<\/li>\n<li>Materiales y artesan\u00eda de la m\u00e1s alta calidad<\/li>\n<\/ul>\n<p><strong>Dise\u00f1ado y construido con la m\u00e1xima atenci\u00f3n al detalle:<\/strong><\/p>\n<ul>\n<li>Peso 4.2k bien distribuido<\/li>\n<li>Fuerte construcci\u00f3n de nailon desde la punta hasta la culata<\/li>\n<li>Caja de cambios V5 con Engranajes met\u00e1licos<\/li>\n<li>Relaci\u00f3n de transmisi\u00f3n 18:1<\/li>\n<li>Barril de metal<\/li>\n<li>Barril exterior de metal Para reducir la vibraci\u00f3n<\/li>\n<li>Tapa cortafuegos de metal<\/li>\n<li>Interruptor met\u00e1lico CNC<\/li>\n<li>Pasador de metal CNC<\/li>\n<li>Junta de culata plegable de metal CNC<\/li>\n<li>Cubierta superior de metal<\/li>\n<li>Impresi\u00f3n l\u00e1ser en el receptor<\/li>\n<li>Refuerzo \u2013 Varilla de metal s\u00f3lido para mayor resistencia<\/li>\n<li>Stock plegable<\/li>\n<li>La manija de carga abre la cubierta antipolvo<\/li>\n<li>Utiliza bolas de gel de 7-8 mm<\/li>\n<li>Nota: La boquilla original es negra.<\/li>\n<li>Advertencia: El gatillo se puede quitar f\u00e1cilmente. Utilice el producto con cuidado<\/li>\n<li>Tambi\u00e9n se puede volver a montar.<\/li>\n<\/ul>\n<p><strong>Rendimiento del SLR AK:<\/strong><\/p>\n<ul>\n<li>Hasta 320 &#8211; 380 pies por segundo<\/li>\n<li>Distancia de disparo de hasta 40 m<\/li>\n<li>Hasta 20 rondas por segundo<\/li>\n<\/ul>\n<p>En la caja del SLR AK:<\/p>\n<p>1 Fusil de hidrogel LH SLR AK<\/p>\n<p>1 x Revista<\/p>\n<p>1 x cubierta de receptor de metal negro<\/p>\n<p>1 x Eslinga<\/p>\n<p>1 x Botella de llenado r\u00e1pido<\/p>\n<p>1 x Gafas de seguridad<\/p>\n<p>10 x Paquetes de balines de hidrogel<\/p>\n<p>1 x Instrucciones ilustradas<\/p>\n<p>1 x Boquilla negra (no naranja)<\/p>\n","protected":false},"excerpt":{"rendered":"<p>Caracter\u00edsticas del lanzador de gel SLR AK Tipo: Autom\u00e1tico, funciona con bater\u00edas Modos de disparo: totalmente autom\u00e1tico y semiautom\u00e1tico Materiales y artesan\u00eda de la m\u00e1s alta calidad Dise\u00f1ado y construido con la m\u00e1xima atenci\u00f3n al detalle: Peso 4.2k bien distribuido Fuerte construcci\u00f3n de nailon desde la punta hasta la culata Caja de cambios V5 con [&hellip;]<\/p>\n","protected":false},"featured_media":1006,"comment_status":"open","ping_status":"closed","template":"","meta":[],"product_brand":[90],"product_cat":[31],"product_tag":[],"class_list":{"0":"post-1005","1":"product","2":"type-product","3":"status-publish","4":"has-post-thumbnail","6":"product_brand-lehui","7":"product_cat-fusil","9":"first","10":"instock","11":"sale","12":"shipping-taxable","13":"purchasable","14":"product-type-simple"},"_links":{"self":[{"href":"https:\/\/lobos.uno\/index.php?rest_route=\/wp\/v2\/product\/1005","targetHints":{"allow":["GET"]}}],"collection":[{"href":"https:\/\/lobos.uno\/index.php?rest_route=\/wp\/v2\/product"}],"about":[{"href":"https:\/\/lobos.uno\/index.php?rest_route=\/wp\/v2\/types\/product"}],"replies":[{"embeddable":true,"href":"https:\/\/lobos.uno\/index.php?rest_route=%2Fwp%2Fv2%2Fcomments&post=1005"}],"wp:featuredmedia":[{"embeddable":true,"href":"https:\/\/lobos.uno\/index.php?rest_route=\/wp\/v2\/media\/1006"}],"wp:attachment":[{"href":"https:\/\/lobos.uno\/index.php?rest_route=%2Fwp%2Fv2%2Fmedia&parent=1005"}],"wp:term":[{"taxonomy":"product_brand","embeddable":true,"href":"https:\/\/lobos.uno\/index.php?rest_route=%2Fwp%2Fv2%2Fproduct_brand&post=1005"},{"taxonomy":"product_cat","embeddable":true,"href":"https:\/\/lobos.uno\/index.php?rest_route=%2Fwp%2Fv2%2Fproduct_cat&post=1005"},{"taxonomy":"product_tag","embeddable":true,"href":"https:\/\/lobos.uno\/index.php?rest_route=%2Fwp%2Fv2%2Fproduct_tag&post=1005"}],"curies":[{"name":"wp","href":"https:\/\/api.w.org\/{rel}","templated":true}]}}