{"id":283,"date":"2025-04-20T15:16:27","date_gmt":"2025-04-20T13:16:27","guid":{"rendered":"http:\/\/3.23.22.20\/?post_type=product&#038;p=283"},"modified":"2025-04-20T15:16:32","modified_gmt":"2025-04-20T13:16:32","slug":"mp9-fusil-de-hidrogel","status":"publish","type":"product","link":"https:\/\/lobos.uno\/?product=mp9-fusil-de-hidrogel","title":{"rendered":"MP9 FUSIL DE HIDROGEL"},"content":{"rendered":"<p>Este <strong>fusil de <a href=\"\/categoria-producto\/hidrogel\">hidrogel LH MP9<\/a> <\/strong>est\u00e1 fabricado con una <strong>construcci\u00f3n completa de nylon texturizado y metal<\/strong>, es adecuado para principiantes y cuenta con un interruptor selector de 3 v\u00edas con opciones segura, <strong>semiautom\u00e1tica y totalmente autom\u00e1tica.<\/strong><\/p>\n<p>La nueva versi\u00f3n tiene <strong>carcasas completamente negras<\/strong>, lo que hace que la apariencia del fusil sea realista.\u00a0<strong>Est\u00e1 equipado con una caja de cambios de pol\u00edmero, un cargador de 100 balas y una culata plegable<\/strong>.<\/p>\n<h3>Caracter\u00edsticas del MP9 de hidrogel:<\/h3>\n<p>&#8211; El <strong>MP9 es un fusil de hidrogel compacto<\/strong> pero con un rendimiento potente.<br \/>\n&#8211; accesorios extra\u00edbles.<br \/>\n&#8211; culata plegable.<br \/>\n&#8211; mag prime.<\/p>\n<h3>Especificaciones de la MP9 de hidrogel:<\/h3>\n<p>Marca: LEHUI<br \/>\nModelo: MP9<br \/>\nModo de fuego: completamente autom\u00e1tico<br \/>\nMaterial: Nylon + Metal<br \/>\nTama\u00f1o de munici\u00f3n: 7-8 mm<br \/>\nDe color negro<br \/>\nPeso: 3.2kg<\/p>\n<h3>Actuaci\u00f3n:<\/h3>\n<p>Campo de tiro: 35-40 m<br \/>\nPotencia de fuego: 280-320 FPS<br data-mce-fragment=\"1\" \/>Velocidad de disparo: 15-20RPS<\/p>\n<h3>El paquete incluye:<\/h3>\n<p>1x fusil de hidrogel LH \u200b\u200bMP9<br \/>\n1 bater\u00eda lipo de 11.1 V.<br \/>\n1 cargador USB.<br \/>\n1x manual<br \/>\n1x cargador<br \/>\n1x paquete de 10 mil Balas de hidrogel<\/p>\n","protected":false},"excerpt":{"rendered":"<p>El\u00a0<strong>MP9 de hidrogel <\/strong>brinda infinitas oportunidades de diversi\u00f3n y <strong>juego t\u00e1ctico<\/strong> tanto en casa como en el campo.<\/p>\n","protected":false},"featured_media":313,"comment_status":"open","ping_status":"closed","template":"","meta":[],"product_brand":[],"product_cat":[31],"product_tag":[],"class_list":{"0":"post-283","1":"product","2":"type-product","3":"status-publish","4":"has-post-thumbnail","6":"product_cat-fusil","8":"first","9":"instock","10":"purchasable","11":"product-type-simple"},"_links":{"self":[{"href":"https:\/\/lobos.uno\/index.php?rest_route=\/wp\/v2\/product\/283","targetHints":{"allow":["GET"]}}],"collection":[{"href":"https:\/\/lobos.uno\/index.php?rest_route=\/wp\/v2\/product"}],"about":[{"href":"https:\/\/lobos.uno\/index.php?rest_route=\/wp\/v2\/types\/product"}],"replies":[{"embeddable":true,"href":"https:\/\/lobos.uno\/index.php?rest_route=%2Fwp%2Fv2%2Fcomments&post=283"}],"wp:featuredmedia":[{"embeddable":true,"href":"https:\/\/lobos.uno\/index.php?rest_route=\/wp\/v2\/media\/313"}],"wp:attachment":[{"href":"https:\/\/lobos.uno\/index.php?rest_route=%2Fwp%2Fv2%2Fmedia&parent=283"}],"wp:term":[{"taxonomy":"product_brand","embeddable":true,"href":"https:\/\/lobos.uno\/index.php?rest_route=%2Fwp%2Fv2%2Fproduct_brand&post=283"},{"taxonomy":"product_cat","embeddable":true,"href":"https:\/\/lobos.uno\/index.php?rest_route=%2Fwp%2Fv2%2Fproduct_cat&post=283"},{"taxonomy":"product_tag","embeddable":true,"href":"https:\/\/lobos.uno\/index.php?rest_route=%2Fwp%2Fv2%2Fproduct_tag&post=283"}],"curies":[{"name":"wp","href":"https:\/\/api.w.org\/{rel}","templated":true}]}}