{"id":284,"date":"2025-04-20T15:16:27","date_gmt":"2025-04-20T13:16:27","guid":{"rendered":"http:\/\/3.23.22.20\/?post_type=product&#038;p=284"},"modified":"2025-04-20T15:16:33","modified_gmt":"2025-04-20T13:16:33","slug":"m4a1-v2-rifle-de-asalto-de-hidrogel","status":"publish","type":"product","link":"https:\/\/lobos.uno\/?product=m4a1-v2-rifle-de-asalto-de-hidrogel","title":{"rendered":"M4A1 V2 RIFLE DE ASALTO DE HIDROGEL"},"content":{"rendered":"<p>Nuestro <strong>rifle de hidrogel M4A1 Red<\/strong> es la elecci\u00f3n perfecta para aquellos que buscan iniciarse en el apasionante mundo del <a href=\"\/categoria-producto\/hidrogel\"><strong>GELSOFT<\/strong><\/a>.<\/p>\n<h3>Modos de disparo vers\u00e1tiles<\/h3>\n<p>El M4A1 ofrece dos modos de disparo que puedes seleccionar f\u00e1cilmente a trav\u00e9s del interruptor en el lateral del arma.El M4A1 ofrece dos modos de disparo que puedes seleccionar f\u00e1cilmente a trav\u00e9s del interruptor en el lateral del arma.<\/p>\n<p><strong>Disparo manual (disparo \u00fanico):<\/strong>\u00a0Puedes recargar manualmente el arma tirando de la palanca de carga hacia ti, proporcionando la m\u00e1xima precisi\u00f3n para cada bala disparada.<\/p>\n<p><strong>Modo totalmente autom\u00e1tico:<\/strong>\u00a0Activa el modo \u00abtotalmente autom\u00e1tico\u00bb para liberar la potencia del arma con su motor el\u00e9ctrico incorporado, lo que le permite disparar autom\u00e1ticamente en r\u00e1fagas.<\/p>\n<h3>Munici\u00f3n ecol\u00f3gica<\/h3>\n<p>Las balas de hidrogel, son respetuosas con el medio ambiente. Simplemente sum\u00e9rjalos en agua durante unas horas para que se hinchen, luego cargue el cargador para estar listo para disparar. Estas bolas de gel se desintegran por s\u00ed solas despu\u00e9s del impacto, lo que ayuda a mantener limpio su espacio de juego.<\/p>\n<h3>La seguridad es lo primero<\/h3>\n<p>El rifle est\u00e1 dise\u00f1ado para una experiencia de juego divertida y segura. Compuesto por un 95% de agua, las balas de hidrogel minimizan el riesgo de hematomas. Sin embargo, para garantizar su seguridad, es esencial que no apunte a los dem\u00e1s y que siempre use las gafas que vienen con cada rifle de asalto de hidrogel.<\/p>\n<p style=\"text-align: left;\"><strong>En la caja:<\/strong><\/p>\n<div class=\"t4s-table-res-df\"><\/div>\n<div class=\"t4s-table-res-df\">\n<table width=\"100%\">\n<tbody>\n<tr>\n<td>Rifle de asalto de Hidrogel Modelo: M4A1<\/td>\n<\/tr>\n<tr>\n<td>10.000 balas de hidrogel<\/td>\n<\/tr>\n<tr>\n<td>Visor<\/td>\n<\/tr>\n<tr>\n<td>Silenciador RGB<\/td>\n<\/tr>\n<tr>\n<td>Gafas de seguridad<\/td>\n<\/tr>\n<tr>\n<td>Dos cargadores<\/td>\n<\/tr>\n<tr>\n<td>Miras de hierro<\/td>\n<\/tr>\n<tr>\n<td>Cable de carga USB<\/td>\n<\/tr>\n<tr>\n<td>Manual de usuario<\/td>\n<\/tr>\n<tr>\n<td>Bater\u00eda recargable de litio de 11.1 V<\/td>\n<\/tr>\n<\/tbody>\n<\/table>\n<\/div>\n<p><strong>Caracter\u00edsticas t\u00e9cnicas:<\/strong><\/p>\n<div class=\"t4s-table-res-df\">\n<table style=\"margin-left: auto; margin-right: auto; width: 99.4792%;\">\n<tbody>\n<tr>\n<td style=\"width: 20%;\">\n<div style=\"text-align: left;\"><strong>Tipo<\/strong><\/div>\n<\/td>\n<td style=\"width: 77.7828%; text-align: center;\">El\u00e9ctrico<\/td>\n<\/tr>\n<tr>\n<td style=\"width: 20%; text-align: left;\"><strong>Moda:<\/strong><\/td>\n<td style=\"width: 77.7828%;\">Totalmente autom\u00e1tico \/ Disparo \u00fanico<\/td>\n<\/tr>\n<tr>\n<td style=\"width: 20%; text-align: left;\"><strong>Interruptor de seguridad:<\/strong><\/td>\n<td style=\"width: 77.7828%;\">S\u00ed<\/td>\n<\/tr>\n<tr>\n<td style=\"width: 20%; text-align: left;\"><strong>Rieles (20 mm):<\/strong><\/td>\n<td style=\"width: 77.7828%;\">S\u00ed<\/td>\n<\/tr>\n<tr>\n<td style=\"width: 20%; text-align: left;\"><strong>Capacidad del cargador:<\/strong><\/td>\n<td style=\"width: 77.7828%;\">5000 balas de hidrogel<\/td>\n<\/tr>\n<tr>\n<td style=\"width: 20%; text-align: left;\"><strong>Largo<\/strong><\/td>\n<td style=\"width: 77.7828%;\">62 cm (88 cm con silenciador)<\/td>\n<\/tr>\n<tr>\n<td style=\"width: 20%;\"><strong>Ancho<\/strong><\/td>\n<td style=\"width: 77.7828%;\">6,5\u00a0cm<\/td>\n<\/tr>\n<tr>\n<td style=\"width: 20%;\"><strong>Altura<\/strong><\/td>\n<td style=\"width: 77.7828%;\">19,5\u00a0cm<\/td>\n<\/tr>\n<tr>\n<td style=\"width: 20%;\"><strong>Material<\/strong><\/td>\n<td style=\"width: 77.7828%;\">ABS<\/td>\n<\/tr>\n<tr>\n<td style=\"width: 20%;\"><strong>Bater\u00eda<\/strong><\/td>\n<td style=\"width: 77.7828%;\">11.1V<\/td>\n<\/tr>\n<tr>\n<td style=\"width: 20%;\"><strong>Edad recomendada<\/strong><\/td>\n<td style=\"width: 77.7828%;\">14+<\/td>\n<\/tr>\n<\/tbody>\n<\/table>\n<\/div>\n","protected":false},"excerpt":{"rendered":"<p>El M4A1 ofrece dos modos de disparo que puedes seleccionar f\u00e1cilmente a trav\u00e9s del interruptor en el lateral del arma.<\/p>\n","protected":false},"featured_media":319,"comment_status":"open","ping_status":"closed","template":"","meta":[],"product_brand":[],"product_cat":[32],"product_tag":[],"class_list":{"0":"post-284","1":"product","2":"type-product","3":"status-publish","4":"has-post-thumbnail","6":"product_cat-rifles","8":"first","9":"instock","10":"sale","11":"shipping-taxable","12":"purchasable","13":"product-type-simple"},"_links":{"self":[{"href":"https:\/\/lobos.uno\/index.php?rest_route=\/wp\/v2\/product\/284","targetHints":{"allow":["GET"]}}],"collection":[{"href":"https:\/\/lobos.uno\/index.php?rest_route=\/wp\/v2\/product"}],"about":[{"href":"https:\/\/lobos.uno\/index.php?rest_route=\/wp\/v2\/types\/product"}],"replies":[{"embeddable":true,"href":"https:\/\/lobos.uno\/index.php?rest_route=%2Fwp%2Fv2%2Fcomments&post=284"}],"wp:featuredmedia":[{"embeddable":true,"href":"https:\/\/lobos.uno\/index.php?rest_route=\/wp\/v2\/media\/319"}],"wp:attachment":[{"href":"https:\/\/lobos.uno\/index.php?rest_route=%2Fwp%2Fv2%2Fmedia&parent=284"}],"wp:term":[{"taxonomy":"product_brand","embeddable":true,"href":"https:\/\/lobos.uno\/index.php?rest_route=%2Fwp%2Fv2%2Fproduct_brand&post=284"},{"taxonomy":"product_cat","embeddable":true,"href":"https:\/\/lobos.uno\/index.php?rest_route=%2Fwp%2Fv2%2Fproduct_cat&post=284"},{"taxonomy":"product_tag","embeddable":true,"href":"https:\/\/lobos.uno\/index.php?rest_route=%2Fwp%2Fv2%2Fproduct_tag&post=284"}],"curies":[{"name":"wp","href":"https:\/\/api.w.org\/{rel}","templated":true}]}}