{"id":286,"date":"2025-04-20T15:16:27","date_gmt":"2025-04-20T13:16:27","guid":{"rendered":"http:\/\/3.23.22.20\/?post_type=product&#038;p=286"},"modified":"2025-04-20T15:16:35","modified_gmt":"2025-04-20T13:16:35","slug":"bateria-lipo-nunchuk-doble-gens-ace-1300mah-7-4v-25c","status":"publish","type":"product","link":"https:\/\/lobos.uno\/?product=bateria-lipo-nunchuk-doble-gens-ace-1300mah-7-4v-25c","title":{"rendered":"BATERIA LIPO NUNCHUK DOBLE GENS ACE 1300MAH 7.4V 25C"},"content":{"rendered":"<p><strong>Gens Ace<\/strong> es una marca con f\u00e1brica propia y una amplia trayectoria en el mundo del radiocontrol y drones de competici\u00f3n.<\/p>\n<p>Su <a href=\"\/categoria-producto\/accesorios\"><strong>BATERIA LIPO NUNCHUK DOBLE GENS ACE 1300MAH 7.4V 25C<\/strong><\/a> son de la m\u00e1xima calidad y ofrecen un rendimiento espectacular con un bajo coste. <strong>Con capacidades de descarga (C) de 25C<\/strong> podemos obtener una gran respuesta de tiro y elevada cadencia incluso con modelos de <strong>bater\u00edas de 7.4V<\/strong> <strong>si la acompa\u00f1amos de un buen motor \u00abtorque\u00bb<\/strong>. Por otro lado su peso es muy reducido y ofrecen cientos de ciclos de carga\/descarga antes de degradarse por el uso.<\/p>\n<p>Conector: mini-Tamiya<\/p>\n<p>Tipo: LIPO<\/p>\n<p>Voltaje: 7.4V<\/p>\n<p>Capacidad: 1300 mah<\/p>\n<p>Capacidad de descarga continua: 25C<\/p>\n<p>Formato: stick alargado (2S1P)<\/p>\n<p>Medidas: 133x43x16mm (\u00b15mm)<\/p>\n<p>Tipo de cable: 16AWG<\/p>\n<p>Longitud cableado: 85mm (cables de alimentaci\u00f3n) y 45mm (conector JST-XH de balanceo)<\/p>\n<p>Peso: 201gr (\u00b110gr)<\/p>\n<p>Formato v\u00e1lido para r\u00e9plicas con un espacio amplio para bater\u00edas, por ejemplo en el guardamanos de un <strong>G36<\/strong>, culatas tipo \u00abCrane\u00bb con espacio en los laterales o incluso en tubos de culata. Chequear medidas antes de confirmar la compra.<\/p>\n<p><a href=\"https:\/\/tiktok.com@nordicos.shop\"><strong>NOTA: antes de usar la bater\u00eda por primera vez, conocer el detalle del funcionamiento de bater\u00edas LIPO y saber usarlas se recomienda la lectura de la gu\u00eda completa de bater\u00edas.<\/strong><\/a><\/p>\n","protected":false},"excerpt":{"rendered":"<p>Gens Ace es una marca con f\u00e1brica propia y una amplia trayectoria en el mundo del radiocontrol y drones de competici\u00f3n. Su BATERIA LIPO NUNCHUK DOBLE GENS ACE 1300MAH 7.4V 25C son de la m\u00e1xima calidad y ofrecen un rendimiento espectacular con un bajo coste. Con capacidades de descarga (C) de 25C podemos obtener una [&hellip;]<\/p>\n","protected":false},"featured_media":327,"comment_status":"open","ping_status":"closed","template":"","meta":[],"product_brand":[],"product_cat":[34],"product_tag":[],"class_list":{"0":"post-286","1":"product","2":"type-product","3":"status-publish","4":"has-post-thumbnail","6":"product_cat-baterias","8":"first","9":"instock","10":"shipping-taxable","11":"purchasable","12":"product-type-simple"},"_links":{"self":[{"href":"https:\/\/lobos.uno\/index.php?rest_route=\/wp\/v2\/product\/286","targetHints":{"allow":["GET"]}}],"collection":[{"href":"https:\/\/lobos.uno\/index.php?rest_route=\/wp\/v2\/product"}],"about":[{"href":"https:\/\/lobos.uno\/index.php?rest_route=\/wp\/v2\/types\/product"}],"replies":[{"embeddable":true,"href":"https:\/\/lobos.uno\/index.php?rest_route=%2Fwp%2Fv2%2Fcomments&post=286"}],"wp:featuredmedia":[{"embeddable":true,"href":"https:\/\/lobos.uno\/index.php?rest_route=\/wp\/v2\/media\/327"}],"wp:attachment":[{"href":"https:\/\/lobos.uno\/index.php?rest_route=%2Fwp%2Fv2%2Fmedia&parent=286"}],"wp:term":[{"taxonomy":"product_brand","embeddable":true,"href":"https:\/\/lobos.uno\/index.php?rest_route=%2Fwp%2Fv2%2Fproduct_brand&post=286"},{"taxonomy":"product_cat","embeddable":true,"href":"https:\/\/lobos.uno\/index.php?rest_route=%2Fwp%2Fv2%2Fproduct_cat&post=286"},{"taxonomy":"product_tag","embeddable":true,"href":"https:\/\/lobos.uno\/index.php?rest_route=%2Fwp%2Fv2%2Fproduct_tag&post=286"}],"curies":[{"name":"wp","href":"https:\/\/api.w.org\/{rel}","templated":true}]}}