{"id":288,"date":"2025-04-20T15:16:28","date_gmt":"2025-04-20T13:16:28","guid":{"rendered":"http:\/\/3.23.22.20\/?post_type=product&#038;p=288"},"modified":"2025-04-20T15:16:37","modified_gmt":"2025-04-20T13:16:37","slug":"red-dot-js-tactical-40mm-tan","status":"publish","type":"product","link":"https:\/\/lobos.uno\/?product=red-dot-js-tactical-40mm-tan","title":{"rendered":"RED DOT JS-TACTICAL 40MM TAN"},"content":{"rendered":"<p><strong><a href=\"\/categoria-producto\/accesorios\">Red dot<\/a> de la marca JS-TACTICAL de 40 mm en color Tan ajustable a railes est\u00e1ndar de 20 mm<\/strong><\/p>\n<p><strong>Caracter\u00edsticas:<\/strong><\/p>\n<p>&#8211; Di\u00e1metro de la lente 30 mm<\/p>\n<p>&#8211; Di\u00e1metro del tubo 40 mm<\/p>\n<p>&#8211; Con punto rojo o verde<\/p>\n<p>&#8211; Completamente de metal<\/p>\n<p>&#8211; Punto rojo o verde con 5 niveles de brillo ajustables<\/p>\n<p>&#8211; Ajustable para railes est\u00e1ndar de 20 mm<\/p>\n<p>&#8211; Tapas de protecci\u00f3n de lentes con recubrimiento antirreflectante<\/p>\n<p>&#8211; Alimentado por 1 pila cr2032 (incluida)<\/p>\n<p>&#8211; Longitud: 96 mm<\/p>\n<p>&#8211; Peso: 170 g<\/p>\n<p><a href=\"https:\/\/tiktok.com@nordicos.shop\"><strong>CLICK AQU\u00cd PARA VER VIDEO<\/strong><\/a><\/p>\n","protected":false},"excerpt":{"rendered":"<p>Red dot de la marca JS-TACTICAL de 40 mm en color Tan ajustable a railes est\u00e1ndar de 20 mm Caracter\u00edsticas: &#8211; Di\u00e1metro de la lente 30 mm &#8211; Di\u00e1metro del tubo 40 mm &#8211; Con punto rojo o verde &#8211; Completamente de metal &#8211; Punto rojo o verde con 5 niveles de brillo ajustables &#8211; [&hellip;]<\/p>\n","protected":false},"featured_media":331,"comment_status":"open","ping_status":"closed","template":"","meta":[],"product_brand":[],"product_cat":[35],"product_tag":[],"class_list":{"0":"post-288","1":"product","2":"type-product","3":"status-publish","4":"has-post-thumbnail","6":"product_cat-visores","8":"first","9":"instock","10":"shipping-taxable","11":"purchasable","12":"product-type-simple"},"_links":{"self":[{"href":"https:\/\/lobos.uno\/index.php?rest_route=\/wp\/v2\/product\/288","targetHints":{"allow":["GET"]}}],"collection":[{"href":"https:\/\/lobos.uno\/index.php?rest_route=\/wp\/v2\/product"}],"about":[{"href":"https:\/\/lobos.uno\/index.php?rest_route=\/wp\/v2\/types\/product"}],"replies":[{"embeddable":true,"href":"https:\/\/lobos.uno\/index.php?rest_route=%2Fwp%2Fv2%2Fcomments&post=288"}],"wp:featuredmedia":[{"embeddable":true,"href":"https:\/\/lobos.uno\/index.php?rest_route=\/wp\/v2\/media\/331"}],"wp:attachment":[{"href":"https:\/\/lobos.uno\/index.php?rest_route=%2Fwp%2Fv2%2Fmedia&parent=288"}],"wp:term":[{"taxonomy":"product_brand","embeddable":true,"href":"https:\/\/lobos.uno\/index.php?rest_route=%2Fwp%2Fv2%2Fproduct_brand&post=288"},{"taxonomy":"product_cat","embeddable":true,"href":"https:\/\/lobos.uno\/index.php?rest_route=%2Fwp%2Fv2%2Fproduct_cat&post=288"},{"taxonomy":"product_tag","embeddable":true,"href":"https:\/\/lobos.uno\/index.php?rest_route=%2Fwp%2Fv2%2Fproduct_tag&post=288"}],"curies":[{"name":"wp","href":"https:\/\/api.w.org\/{rel}","templated":true}]}}