{"id":290,"date":"2025-04-20T15:16:28","date_gmt":"2025-04-20T13:16:28","guid":{"rendered":"http:\/\/3.23.22.20\/?post_type=product&#038;p=290"},"modified":"2025-04-20T15:16:40","modified_gmt":"2025-04-20T13:16:40","slug":"red-dot-abierto-holografico-akedo-rojo-raccoon","status":"publish","type":"product","link":"https:\/\/lobos.uno\/?product=red-dot-abierto-holografico-akedo-rojo-raccoon","title":{"rendered":"RED DOT ABIERTO HOLOGR\u00c1FICO AKEDO ROJO &#8211; RACCOON"},"content":{"rendered":"<p><strong><a href=\"\/categoria-producto\/accesorios\">Red Dot<\/a> Abierto Hologr\u00e1fico Rojo &#8211; Raccoon permite un tiro muy intuitivo y certero, con 4 modos distintos de puntero y 4 niveles de intensidad.<\/strong><\/p>\n<p>Caracter\u00edsticas:<\/p>\n<p>&#8211; Color del puntero en Rojo<\/p>\n<p>&#8211; Pila incluida<\/p>\n<p>&#8211; Material: Met\u00e1lico<\/p>\n<p>&#8211; Color: Rojo<\/p>\n<p>&#8211; Ris de 22mm<\/p>\n<p>&#8211; Funciona con pilas CR2032<\/p>\n<p>&#8211; Regulaci\u00f3n: Horizontal , Vertical<\/p>\n<p>&#8211; Marca: Raccoon<\/p>\n<p><a href=\"https:\/\/tiktok.com@nordicos.shop\"><strong>CLICK AQU\u00cd PARA VER VIDEO\u00a0<\/strong><\/a><\/p>\n<p><strong>* Se avisa que este producto no es de la marca Theta Optics aunque la calidad es la misma.<\/strong><\/p>\n","protected":false},"excerpt":{"rendered":"<p>Red Dot Abierto Hologr\u00e1fico Rojo &#8211; Raccoon permite un tiro muy intuitivo y certero, con 4 modos distintos de puntero y 4 niveles de intensidad. Caracter\u00edsticas: &#8211; Color del puntero en Rojo &#8211; Pila incluida &#8211; Material: Met\u00e1lico &#8211; Color: Rojo &#8211; Ris de 22mm &#8211; Funciona con pilas CR2032 &#8211; Regulaci\u00f3n: Horizontal , Vertical [&hellip;]<\/p>\n","protected":false},"featured_media":337,"comment_status":"open","ping_status":"closed","template":"","meta":[],"product_brand":[],"product_cat":[35],"product_tag":[],"class_list":{"0":"post-290","1":"product","2":"type-product","3":"status-publish","4":"has-post-thumbnail","6":"product_cat-visores","8":"first","9":"instock","10":"shipping-taxable","11":"purchasable","12":"product-type-simple"},"_links":{"self":[{"href":"https:\/\/lobos.uno\/index.php?rest_route=\/wp\/v2\/product\/290","targetHints":{"allow":["GET"]}}],"collection":[{"href":"https:\/\/lobos.uno\/index.php?rest_route=\/wp\/v2\/product"}],"about":[{"href":"https:\/\/lobos.uno\/index.php?rest_route=\/wp\/v2\/types\/product"}],"replies":[{"embeddable":true,"href":"https:\/\/lobos.uno\/index.php?rest_route=%2Fwp%2Fv2%2Fcomments&post=290"}],"wp:featuredmedia":[{"embeddable":true,"href":"https:\/\/lobos.uno\/index.php?rest_route=\/wp\/v2\/media\/337"}],"wp:attachment":[{"href":"https:\/\/lobos.uno\/index.php?rest_route=%2Fwp%2Fv2%2Fmedia&parent=290"}],"wp:term":[{"taxonomy":"product_brand","embeddable":true,"href":"https:\/\/lobos.uno\/index.php?rest_route=%2Fwp%2Fv2%2Fproduct_brand&post=290"},{"taxonomy":"product_cat","embeddable":true,"href":"https:\/\/lobos.uno\/index.php?rest_route=%2Fwp%2Fv2%2Fproduct_cat&post=290"},{"taxonomy":"product_tag","embeddable":true,"href":"https:\/\/lobos.uno\/index.php?rest_route=%2Fwp%2Fv2%2Fproduct_tag&post=290"}],"curies":[{"name":"wp","href":"https:\/\/api.w.org\/{rel}","templated":true}]}}