{"id":292,"date":"2025-04-20T15:16:28","date_gmt":"2025-04-20T13:16:28","guid":{"rendered":"http:\/\/3.23.22.20\/?post_type=product&#038;p=292"},"modified":"2025-04-20T15:16:41","modified_gmt":"2025-04-20T13:16:41","slug":"silenciador-107-mm-vltor-fma","status":"publish","type":"product","link":"https:\/\/lobos.uno\/?product=silenciador-107-mm-vltor-fma","title":{"rendered":"SILENCIADOR 107 MM VLTOR &#8211; FMA"},"content":{"rendered":"<p><strong><a href=\"\/categoria-producto\/accesorios\">Silenciador<\/a> 107 mm Air Force est\u00e1 fabricado en aluminio con esponja en su interior para minimizar el ruido,tambi\u00e9n lleva en su interior un muelle que impide que la esponja se mueva y pueda darnos problemas.<\/strong><\/p>\n<p>Caracter\u00edsticas:<\/p>\n<p>&#8211; Rosca: 14mm+ y 14mm-.Totalmente funcional<\/p>\n<p>&#8211; Longitud: 107 mm<\/p>\n<p>&#8211; Ancho: 35 mm<\/p>\n<p>&#8211; Color: Negro<\/p>\n<p>&#8211; Marca: FMA<\/p>\n<p>&#8211; Material: Aluminio<\/p>\n<p><a href=\"https:\/\/tiktok.com@nordicos.shop\"><strong>CLICK AQU\u00cd PARA VER VIDEO\u00a0<\/strong><\/a><\/p>\n","protected":false},"excerpt":{"rendered":"<p>Silenciador 107 mm Air Force est\u00e1 fabricado en aluminio con esponja en su interior para minimizar el ruido,tambi\u00e9n lleva en su interior un muelle que impide que la esponja se mueva y pueda darnos problemas. Caracter\u00edsticas: &#8211; Rosca: 14mm+ y 14mm-.Totalmente funcional &#8211; Longitud: 107 mm &#8211; Ancho: 35 mm &#8211; Color: Negro &#8211; Marca: [&hellip;]<\/p>\n","protected":false},"featured_media":340,"comment_status":"open","ping_status":"closed","template":"","meta":[],"product_brand":[],"product_cat":[36],"product_tag":[],"class_list":{"0":"post-292","1":"product","2":"type-product","3":"status-publish","4":"has-post-thumbnail","6":"product_cat-silenciador","8":"first","9":"instock","10":"shipping-taxable","11":"purchasable","12":"product-type-simple"},"_links":{"self":[{"href":"https:\/\/lobos.uno\/index.php?rest_route=\/wp\/v2\/product\/292","targetHints":{"allow":["GET"]}}],"collection":[{"href":"https:\/\/lobos.uno\/index.php?rest_route=\/wp\/v2\/product"}],"about":[{"href":"https:\/\/lobos.uno\/index.php?rest_route=\/wp\/v2\/types\/product"}],"replies":[{"embeddable":true,"href":"https:\/\/lobos.uno\/index.php?rest_route=%2Fwp%2Fv2%2Fcomments&post=292"}],"wp:featuredmedia":[{"embeddable":true,"href":"https:\/\/lobos.uno\/index.php?rest_route=\/wp\/v2\/media\/340"}],"wp:attachment":[{"href":"https:\/\/lobos.uno\/index.php?rest_route=%2Fwp%2Fv2%2Fmedia&parent=292"}],"wp:term":[{"taxonomy":"product_brand","embeddable":true,"href":"https:\/\/lobos.uno\/index.php?rest_route=%2Fwp%2Fv2%2Fproduct_brand&post=292"},{"taxonomy":"product_cat","embeddable":true,"href":"https:\/\/lobos.uno\/index.php?rest_route=%2Fwp%2Fv2%2Fproduct_cat&post=292"},{"taxonomy":"product_tag","embeddable":true,"href":"https:\/\/lobos.uno\/index.php?rest_route=%2Fwp%2Fv2%2Fproduct_tag&post=292"}],"curies":[{"name":"wp","href":"https:\/\/api.w.org\/{rel}","templated":true}]}}