{"id":293,"date":"2025-04-20T15:16:28","date_gmt":"2025-04-20T13:16:28","guid":{"rendered":"http:\/\/3.23.22.20\/?post_type=product&#038;p=293"},"modified":"2025-04-20T15:16:42","modified_gmt":"2025-04-20T13:16:42","slug":"visor-mk2-novritsch","status":"publish","type":"product","link":"https:\/\/lobos.uno\/?product=visor-mk2-novritsch","title":{"rendered":"VISOR MK2 NOVRITSCH"},"content":{"rendered":"<p style=\"text-align: left;\"><strong>La nueva versi\u00f3n del <a href=\"\/categoria-producto\/accesorios\">visor<\/a> de francotirador con una excelente relaci\u00f3n calidad-precio. Tiene todas las caracter\u00edsticas que se pueden esperar de un <a href=\"\/categoria-producto\/hidrogel\">visor<\/a> moderno con una construcci\u00f3n de mejor calidad, incluyendo una palanca de lanzamiento y torretas de bloqueo para evitar perder el cero.<\/strong><\/p>\n<p style=\"text-align: left;\"><strong>Caracter\u00edsticas<\/strong>:<\/p>\n<p style=\"text-align: left;\">&#8211; Visor 3x-9x 50mm | Ret\u00edcula Mildot Iluminada<\/p>\n<p style=\"text-align: left;\">&#8211; Cristal transparente para una mejor calidad de imagen y transmisi\u00f3n de la luz<\/p>\n<p style=\"text-align: left;\">&#8211; Torretas de ajuste con bloqueo<\/p>\n<p style=\"text-align: left;\">&#8211; 2 anillas de 25 mm<\/p>\n<p style=\"text-align: left;\">&#8211; Palanca de lanzamiento de perfil bajo<\/p>\n<p style=\"text-align: left;\">&#8211; Llave Allen<\/p>\n<p style=\"text-align: left;\">&#8211; Marca: Novritsch<\/p>\n<p style=\"text-align: left;\">&#8211; Pa\u00f1o de limpieza de microfibra<\/p>\n<p style=\"text-align: left;\">&#8211; Alivio ocular \u2192 80 mm<\/p>\n<p style=\"text-align: left;\">&#8211; Di\u00e1metro del tubo \u2192 25 mm<\/p>\n<p style=\"text-align: left;\"><a href=\"https:\/\/tiktok.com\/@nordicos.shop\"><strong>CLICK AQU\u00cd PARA VER VIDEO\u00a0<\/strong><\/a><\/p>\n","protected":false},"excerpt":{"rendered":"<p>La nueva versi\u00f3n del visor de francotirador con una excelente relaci\u00f3n calidad-precio. Tiene todas las caracter\u00edsticas que se pueden esperar de un visor moderno con una construcci\u00f3n de mejor calidad, incluyendo una palanca de lanzamiento y torretas de bloqueo para evitar perder el cero. Caracter\u00edsticas: &#8211; Visor 3x-9x 50mm | Ret\u00edcula Mildot Iluminada &#8211; Cristal [&hellip;]<\/p>\n","protected":false},"featured_media":342,"comment_status":"open","ping_status":"closed","template":"","meta":[],"product_brand":[],"product_cat":[37],"product_tag":[],"class_list":{"0":"post-293","1":"product","2":"type-product","3":"status-publish","4":"has-post-thumbnail","6":"product_cat-visor-nocturno","8":"first","9":"instock","10":"shipping-taxable","11":"purchasable","12":"product-type-simple"},"_links":{"self":[{"href":"https:\/\/lobos.uno\/index.php?rest_route=\/wp\/v2\/product\/293","targetHints":{"allow":["GET"]}}],"collection":[{"href":"https:\/\/lobos.uno\/index.php?rest_route=\/wp\/v2\/product"}],"about":[{"href":"https:\/\/lobos.uno\/index.php?rest_route=\/wp\/v2\/types\/product"}],"replies":[{"embeddable":true,"href":"https:\/\/lobos.uno\/index.php?rest_route=%2Fwp%2Fv2%2Fcomments&post=293"}],"wp:featuredmedia":[{"embeddable":true,"href":"https:\/\/lobos.uno\/index.php?rest_route=\/wp\/v2\/media\/342"}],"wp:attachment":[{"href":"https:\/\/lobos.uno\/index.php?rest_route=%2Fwp%2Fv2%2Fmedia&parent=293"}],"wp:term":[{"taxonomy":"product_brand","embeddable":true,"href":"https:\/\/lobos.uno\/index.php?rest_route=%2Fwp%2Fv2%2Fproduct_brand&post=293"},{"taxonomy":"product_cat","embeddable":true,"href":"https:\/\/lobos.uno\/index.php?rest_route=%2Fwp%2Fv2%2Fproduct_cat&post=293"},{"taxonomy":"product_tag","embeddable":true,"href":"https:\/\/lobos.uno\/index.php?rest_route=%2Fwp%2Fv2%2Fproduct_tag&post=293"}],"curies":[{"name":"wp","href":"https:\/\/api.w.org\/{rel}","templated":true}]}}