{"id":296,"date":"2025-04-20T15:16:29","date_gmt":"2025-04-20T13:16:29","guid":{"rendered":"http:\/\/3.23.22.20\/?post_type=product&#038;p=296"},"modified":"2025-04-20T15:16:46","modified_gmt":"2025-04-20T13:16:46","slug":"pistola-de-hidrogel-para-ninos","status":"publish","type":"product","link":"https:\/\/lobos.uno\/?product=pistola-de-hidrogel-para-ninos","title":{"rendered":"PISTOLA DE HIDROGEL PARA NI\u00d1OS"},"content":{"rendered":"<p>Incre\u00edble y divertida pistola<a href=\"\/categoria-producto\/hidrogel\"><strong> de hidrogel<\/strong> <\/a>para juegos de disparo al aire libre para grandes y chicos. La velocidad r\u00e1pida y el largo alcance de disparo pueden darte una experiencia real y divertida. <strong>Ideal para todo tipo de ocasiones como fiestas, temporada de verano, piscina, playa, carnavales, aire libre, parques, etc.<\/strong> Fomenta el ejercicio f\u00edsico, las habilidades en torno a un objetivo, la observaci\u00f3n y la resistencia.<\/p>\n<p><strong>\u00a1Esta es una gran manera de entretener, especialmente para juegos de grupo! <\/strong><\/p>\n<p>La familia puede jugar a los disparos al aire libre y divertirse juntos. Los juegos de disparo implican un mont\u00f3n de movimientos f\u00edsicos, que son beneficiosos para la salud y la resistencia de los ni\u00f1os. <strong>Es seguro para los ni\u00f1os. <\/strong><\/p>\n<p>Cuando se expulsan las balas de hidrogel, se romper\u00e1n inmediatamente despu\u00e9s de encontrar obst\u00e1culos y formar una pila de peque\u00f1os fragmentos.<\/p>\n<p><strong>Una vez secas, desaparecer\u00e1n completamente, no manchan la ropa. Cuenta con una capacidad de 500 balas de hidrogel.<\/strong><\/p>\n<p>Caracter\u00edsticas<\/p>\n<p>-Dise\u00f1o innovador.<\/p>\n<p>-Para grandes y chicos.<\/p>\n<p>-F\u00e1cil de usar.<\/p>\n<p>-M\u00faltiples accesorios.<\/p>\n<p>Especificaciones:<\/p>\n<p>-Material: Pl\u00e1stico ABS + Hidrogel.<\/p>\n<p>-Medidas de caja (Largo x Ancho x Alto): 33.5&#215;4.2&#215;22 cm.<\/p>\n<p>Incluye:<\/p>\n<p>-Silenciador con funci\u00f3n de recarga (Presionar para recargar)<\/p>\n<p>-Mira con funci\u00f3n de carga (Abrir la tapa para cargar las balas de hidrogel)<\/p>\n<p>-Luz infrarroja.<\/p>\n<p>-Recipiente.<\/p>\n<p>-5000 balines de hidrogel.<\/p>\n<p>Nota:<\/p>\n<p>-El color puede variar ligeramente.<\/p>\n<p>-Para mayores de 6 a\u00f1os.<\/p>\n<p><a href=\"https:\/\/tiktok.com\/@nordicos.shop\"><strong>VER VIDEO\u00a0<\/strong><\/a><\/p>\n","protected":false},"excerpt":{"rendered":"<p>Incre\u00edble y divertida pistola de hidrogel para juegos de disparo al aire libre para grandes y chicos. La velocidad r\u00e1pida y el largo alcance de disparo pueden darte una experiencia real y divertida. Ideal para todo tipo de ocasiones como fiestas, temporada de verano, piscina, playa, carnavales, aire libre, parques, etc. Fomenta el ejercicio f\u00edsico, [&hellip;]<\/p>\n","protected":false},"featured_media":353,"comment_status":"open","ping_status":"closed","template":"","meta":[],"product_brand":[],"product_cat":[38],"product_tag":[],"class_list":{"0":"post-296","1":"product","2":"type-product","3":"status-publish","4":"has-post-thumbnail","6":"product_cat-pistolas","8":"first","9":"instock","10":"shipping-taxable","11":"purchasable","12":"product-type-simple"},"_links":{"self":[{"href":"https:\/\/lobos.uno\/index.php?rest_route=\/wp\/v2\/product\/296","targetHints":{"allow":["GET"]}}],"collection":[{"href":"https:\/\/lobos.uno\/index.php?rest_route=\/wp\/v2\/product"}],"about":[{"href":"https:\/\/lobos.uno\/index.php?rest_route=\/wp\/v2\/types\/product"}],"replies":[{"embeddable":true,"href":"https:\/\/lobos.uno\/index.php?rest_route=%2Fwp%2Fv2%2Fcomments&post=296"}],"wp:featuredmedia":[{"embeddable":true,"href":"https:\/\/lobos.uno\/index.php?rest_route=\/wp\/v2\/media\/353"}],"wp:attachment":[{"href":"https:\/\/lobos.uno\/index.php?rest_route=%2Fwp%2Fv2%2Fmedia&parent=296"}],"wp:term":[{"taxonomy":"product_brand","embeddable":true,"href":"https:\/\/lobos.uno\/index.php?rest_route=%2Fwp%2Fv2%2Fproduct_brand&post=296"},{"taxonomy":"product_cat","embeddable":true,"href":"https:\/\/lobos.uno\/index.php?rest_route=%2Fwp%2Fv2%2Fproduct_cat&post=296"},{"taxonomy":"product_tag","embeddable":true,"href":"https:\/\/lobos.uno\/index.php?rest_route=%2Fwp%2Fv2%2Fproduct_tag&post=296"}],"curies":[{"name":"wp","href":"https:\/\/api.w.org\/{rel}","templated":true}]}}