{"id":297,"date":"2025-04-20T15:16:29","date_gmt":"2025-04-20T13:16:29","guid":{"rendered":"http:\/\/3.23.22.20\/?post_type=product&#038;p=297"},"modified":"2025-04-20T15:16:49","modified_gmt":"2025-04-20T13:16:49","slug":"sdk-glock-18-pistola-de-hidrogel","status":"publish","type":"product","link":"https:\/\/lobos.uno\/?product=sdk-glock-18-pistola-de-hidrogel","title":{"rendered":"SDK GLOCK 18 PISTOLA DE HIDROGEL"},"content":{"rendered":"<p><strong><span style=\"font-size: 16px;\">DESCRIPCI\u00d3N<\/span><\/strong><\/p>\n<p>El SKD Glock 18 <a href=\"\/categoria-producto\/hidrogel\">pistola de hidrogel<\/a> es un gran paquete de gel blaster para un poco de diversi\u00f3n con sus amigos y familiares. Incluye bater\u00eda recargable, cable de carga, botella mezcladora de bolas de gel y gafas de seguridad<strong>.<\/strong><\/p>\n<p><strong>CARACTER\u00cdSTICAS:<\/strong><\/p>\n<p>Rendimiento de disparo: Aproximadamente 150 FPS<\/p>\n<p>Rango de disparo: 25+ Metros<\/p>\n<p>Tasa de Disparo: 5 Rondas Por Segundo<\/p>\n<p>Tama\u00f1o de la munici\u00f3n: 7-8mm<\/p>\n<p>Revista Fed<\/p>\n<p>Construcci\u00f3n de Material ABS<\/p>\n<p>Interruptor de Modo de Disparo Autom\u00e1tico Semi o Completo<\/p>\n<p>Riel para Agregar Accesorios<\/p>\n<p>Revista de Alta Capacidad<\/p>\n<p>INCLUIDO:<\/p>\n<p>1 x SKD GLOCK 18 PISTOLA DE HIDROGEL<\/p>\n<p>1 x Cacerina<\/p>\n<p>1 x 7.4V Li-on Bater\u00eda Recargable<\/p>\n<p>1 x Cable de carga USB<\/p>\n<p>1 x Gafas de Seguridad<\/p>\n<p>1 x 10000 balas de hidrogel<\/p>\n<p><strong>VER VIDEO<\/strong><\/p>\n","protected":false},"excerpt":{"rendered":"<p>DESCRIPCI\u00d3N El SKD Glock 18 pistola de hidrogel es un gran paquete de gel blaster para un poco de diversi\u00f3n con sus amigos y familiares. Incluye bater\u00eda recargable, cable de carga, botella mezcladora de bolas de gel y gafas de seguridad. CARACTER\u00cdSTICAS: Rendimiento de disparo: Aproximadamente 150 FPS Rango de disparo: 25+ Metros Tasa de [&hellip;]<\/p>\n","protected":false},"featured_media":356,"comment_status":"open","ping_status":"closed","template":"","meta":[],"product_brand":[],"product_cat":[38],"product_tag":[39,40],"class_list":{"0":"post-297","1":"product","2":"type-product","3":"status-publish","4":"has-post-thumbnail","6":"product_cat-pistolas","7":"product_tag-glock","8":"product_tag-hidrogel","10":"first","11":"instock","12":"shipping-taxable","13":"purchasable","14":"product-type-simple"},"_links":{"self":[{"href":"https:\/\/lobos.uno\/index.php?rest_route=\/wp\/v2\/product\/297","targetHints":{"allow":["GET"]}}],"collection":[{"href":"https:\/\/lobos.uno\/index.php?rest_route=\/wp\/v2\/product"}],"about":[{"href":"https:\/\/lobos.uno\/index.php?rest_route=\/wp\/v2\/types\/product"}],"replies":[{"embeddable":true,"href":"https:\/\/lobos.uno\/index.php?rest_route=%2Fwp%2Fv2%2Fcomments&post=297"}],"wp:featuredmedia":[{"embeddable":true,"href":"https:\/\/lobos.uno\/index.php?rest_route=\/wp\/v2\/media\/356"}],"wp:attachment":[{"href":"https:\/\/lobos.uno\/index.php?rest_route=%2Fwp%2Fv2%2Fmedia&parent=297"}],"wp:term":[{"taxonomy":"product_brand","embeddable":true,"href":"https:\/\/lobos.uno\/index.php?rest_route=%2Fwp%2Fv2%2Fproduct_brand&post=297"},{"taxonomy":"product_cat","embeddable":true,"href":"https:\/\/lobos.uno\/index.php?rest_route=%2Fwp%2Fv2%2Fproduct_cat&post=297"},{"taxonomy":"product_tag","embeddable":true,"href":"https:\/\/lobos.uno\/index.php?rest_route=%2Fwp%2Fv2%2Fproduct_tag&post=297"}],"curies":[{"name":"wp","href":"https:\/\/api.w.org\/{rel}","templated":true}]}}