{"id":298,"date":"2025-04-20T15:16:29","date_gmt":"2025-04-20T13:16:29","guid":{"rendered":"http:\/\/3.23.22.20\/?post_type=product&#038;p=298"},"modified":"2025-04-20T15:16:50","modified_gmt":"2025-04-20T13:16:50","slug":"glock-17-gen5-para-airsoft-umarex","status":"publish","type":"product","link":"https:\/\/lobos.uno\/?product=glock-17-gen5-para-airsoft-umarex","title":{"rendered":"GLOCK 17 GEN5 PARA AIRSOFT (UMAREX)"},"content":{"rendered":"<p>Con la adquisici\u00f3n de la <strong>licencia<\/strong> <strong>Glock<\/strong>, <strong>Umarex<\/strong> nos ofrece el buque insignia de la marca con una calidad excepcional tanto en t\u00e9rminos de calidad de fabricaci\u00f3n y respeto por cada detalle.<\/p>\n<p>A diferencia de las generaciones anteriores, la <b>GLOCK 17 GEN5 PARA AIRSOFT<\/b>\u00a0utiliza un tope de culata ambidiestro, y el perfil del punto de mira tambi\u00e9n ha sido modificado, al igual que la empu\u00f1adura. Las ranuras para los dedos han sido sustituidas por una estructura ergon\u00f3mica y antideslizante.<\/p>\n<p>El carril RIS de 22 mm en la parte delantera de la Glock 17 Gen5 para airsoft permite instalar iluminaci\u00f3n t\u00e1ctica u otros accesorios.<\/p>\n<p><strong>DESCRIPCI\u00d3N de la Glock 17 Gen5 para airsoft:<\/strong><\/p>\n<p>&#8211; Ligera y robusta carcasa de pol\u00edmero moldeado por inyecci\u00f3n y corredera con modificaci\u00f3n de empu\u00f1adura.<\/p>\n<p>&#8211; Totalmente licenciada GLOCK con marcas completas en la corredera y logotipos moldeados en el armaz\u00f3n.<\/p>\n<p>&#8211; Mira tradicional GLOCK.<\/p>\n<p>&#8211; Seguro de gatillo GLOCK funcional<strong>.<\/strong><\/p>\n<p>&#8211; Tecnolog\u00eda de textura rugosa GLOCK para un mejor agarre antideslizante.<\/p>\n<p>&#8211; Carril GLOCK Picatinny para accesorios.<\/p>\n<p>&#8211; Retroceso realista de Co2 para simular el retroceso y el ciclo de la corredera.<\/p>\n<p>Marca: <span style=\"font-size: 16px;\">Umarex<\/span><\/p>\n<p>Licencia Oficial: <span style=\"font-size: 16px;\">S\u00ed\u00a0<\/span><\/p>\n<p>Tipo: <a href=\"\/categoria-producto\/airsoft\"><span style=\"font-size: 16px;\">Pistola de airsoft<\/span><\/a><\/p>\n<p>Modelo: <span style=\"font-size: 16px;\">G17<\/span><\/p>\n<p>Propulsi\u00f3n: <span style=\"font-size: 16px;\">Co2<\/span><\/p>\n<p>Gas recomendado dependiendo de la temperatura<\/p>\n<p>Cartucho: Co2 12Gr<\/p>\n<p>Material: <span style=\"font-size: 16px;\">Metal+<\/span><span style=\"font-size: 16px;\">Pol\u00edmero<\/span><\/p>\n<p>Color: <span style=\"font-size: 16px;\">Negro<\/span><\/p>\n<p>Hop Up: <span style=\"font-size: 16px;\">fijado<\/span><\/p>\n<p>Energ\u00eda (en Joule): <span style=\"font-size: 16px;\">~1.9<\/span><\/p>\n<p>Potencia (en FPS): <span style=\"font-size: 16px;\">~480<\/span><\/p>\n<p>Calibre (en mm): <span style=\"font-size: 16px;\">6<\/span><\/p>\n<p>Capacidad del cargador: <span style=\"font-size: 16px;\">14<\/span><\/p>\n<p>BlowBack: <span style=\"font-size: 16px;\">S\u00ed<\/span><\/p>\n<p>Tipo de riel: <span style=\"font-size: 16px;\">Picatinny<\/span><\/p>\n<p>Longitud (en mm): <span style=\"font-size: 16px;\">202<\/span><\/p>\n<p>Peso (en kg): <span style=\"font-size: 16px;\">0.675<\/span><\/p>\n<p>Modo de disparo: <span style=\"font-size: 16px;\">Seguridad \/ Semiautom\u00e1tico<\/span><\/p>\n<p>Generaci\u00f3n: <span style=\"font-size: 16px;\">5<\/span><\/p>\n<p><strong>VER VIDEO<\/strong><\/p>\n","protected":false},"excerpt":{"rendered":"<p><strong>Totalmente licenciada GLOCK con marcas completas en la corredera y logotipos moldeados en el armaz\u00f3n.<\/strong><\/p>\n","protected":false},"featured_media":362,"comment_status":"open","ping_status":"closed","template":"","meta":[],"product_brand":[],"product_cat":[42],"product_tag":[43,39],"class_list":{"0":"post-298","1":"product","2":"type-product","3":"status-publish","4":"has-post-thumbnail","6":"product_cat-pistolas-airsoft","7":"product_tag-airsoft","8":"product_tag-glock","10":"first","11":"instock","12":"shipping-taxable","13":"purchasable","14":"product-type-simple"},"_links":{"self":[{"href":"https:\/\/lobos.uno\/index.php?rest_route=\/wp\/v2\/product\/298","targetHints":{"allow":["GET"]}}],"collection":[{"href":"https:\/\/lobos.uno\/index.php?rest_route=\/wp\/v2\/product"}],"about":[{"href":"https:\/\/lobos.uno\/index.php?rest_route=\/wp\/v2\/types\/product"}],"replies":[{"embeddable":true,"href":"https:\/\/lobos.uno\/index.php?rest_route=%2Fwp%2Fv2%2Fcomments&post=298"}],"wp:featuredmedia":[{"embeddable":true,"href":"https:\/\/lobos.uno\/index.php?rest_route=\/wp\/v2\/media\/362"}],"wp:attachment":[{"href":"https:\/\/lobos.uno\/index.php?rest_route=%2Fwp%2Fv2%2Fmedia&parent=298"}],"wp:term":[{"taxonomy":"product_brand","embeddable":true,"href":"https:\/\/lobos.uno\/index.php?rest_route=%2Fwp%2Fv2%2Fproduct_brand&post=298"},{"taxonomy":"product_cat","embeddable":true,"href":"https:\/\/lobos.uno\/index.php?rest_route=%2Fwp%2Fv2%2Fproduct_cat&post=298"},{"taxonomy":"product_tag","embeddable":true,"href":"https:\/\/lobos.uno\/index.php?rest_route=%2Fwp%2Fv2%2Fproduct_tag&post=298"}],"curies":[{"name":"wp","href":"https:\/\/api.w.org\/{rel}","templated":true}]}}