{"id":299,"date":"2025-04-20T15:16:29","date_gmt":"2025-04-20T13:16:29","guid":{"rendered":"http:\/\/3.23.22.20\/?post_type=product&#038;p=299"},"modified":"2025-04-20T15:16:57","modified_gmt":"2025-04-20T13:16:57","slug":"glock-g18c-umarex","status":"publish","type":"product","link":"https:\/\/lobos.uno\/?product=glock-g18c-umarex","title":{"rendered":"GLOCK G18C (UMAREX)"},"content":{"rendered":"<p>Con la adquisici\u00f3n de la licencia <strong>Glock, Umarex<\/strong> nos ofrece aqu\u00ed la versi\u00f3n <strong>\u00abBrutale\u00bb<\/strong> de la marca en una calidad excepcional tanto por su calidad de fabricaci\u00f3n como por su respeto a las dimensiones.<\/p>\n<p><strong>Se trata de una r\u00e9plica accionada por gas de la pistola m\u00e1s popular del mundo, en versi\u00f3n con selector de tiro: Glock 18C.<\/strong> <strong>El cuerpo de la <a href=\"\/categoria-producto\/airsoft\">pistola<\/a> es de pol\u00edmero, mientras que la culata, el ca\u00f1\u00f3n exterior y el cargador son de metal. En la pistola y el cargador se han aplicado marcas con licencia Glock. La principal caracter\u00edstica de la Glock 18C que la distingue de otros modelos de esta marca es el selector de fuego integrado situado a la izquierda de la culata.<\/strong><\/p>\n<p>DESCRIPCI\u00d3N :<\/p>\n<p>. full-auto<\/p>\n<p>. Rail Picatinny para accesorios .<\/p>\n<p>. gas blowback<\/p>\n<p>. R\u00e9plica genuina (Marcas y logotipos GLOCK genuinos) .<\/p>\n<p>. Llave Hop-up incluida<\/p>\n<p>. Cargador Hi-Cap de 50 disparos<\/p>\n<p>. Selector semi \/ full auto .<\/p>\n<p>. Culata met\u00e1lica .<\/p>\n<p>. Cuerpo de pol\u00edmero y fibra con empu\u00f1adura antideslizante.<\/p>\n<p><strong>Descripci\u00f3n<\/strong><\/p>\n<p>Marca: <span style=\"font-size: 16px;\">Umarex<\/span><\/p>\n<p>Licencia Oficial: <span style=\"font-size: 16px;\">S\u00ed\u00a0<\/span><\/p>\n<p>Tipo: <span style=\"font-size: 16px;\">Pistola de airsoft<\/span><\/p>\n<p>Modelo: <span style=\"font-size: 16px;\">G18<\/span><\/p>\n<p>Propulsi\u00f3n: <span style=\"font-size: 16px;\">Gas<\/span><\/p>\n<p>Gas recomendado dependiendo de la temperatura: <span style=\"font-size: 16px;\">130 PSI \/ Ultrair \/ Protech \/ H&amp;K Umarex \/ Nuprol 2.0<\/span><\/p>\n<p>Material: <span style=\"font-size: 16px;\">Metal+<\/span><span style=\"font-size: 16px;\">Pol\u00edmero<\/span><\/p>\n<p>Color: <span style=\"font-size: 16px;\">Negro<\/span><\/p>\n<p>Hop Up: <span style=\"font-size: 16px;\">ajustable<\/span><\/p>\n<p>Energ\u00eda (en Joule): <span style=\"font-size: 16px;\">~1<\/span><\/p>\n<p>Potencia (en FPS): <span style=\"font-size: 16px;\">~330<\/span><\/p>\n<p>Calibre (en mm): <span style=\"font-size: 16px;\">6<\/span><\/p>\n<p>Beraterb\u00e4lle (in Gr): <span style=\"font-size: 16px;\">0,20-<\/span><span style=\"font-size: 16px;\">0,23-<\/span><span style=\"font-size: 16px;\">0,25<\/span><\/p>\n<p>Capacidad del cargador: <span style=\"font-size: 16px;\">50<\/span><\/p>\n<p>Rueda de desplazamiento: <span style=\"font-size: 16px;\">No<\/span><\/p>\n<p>BlowBack: <span style=\"font-size: 16px;\">S\u00ed<\/span><\/p>\n<p>Tipo de riel: <span style=\"font-size: 16px;\">Picatinny<\/span><\/p>\n<p>Longitud (en mm): <span style=\"font-size: 16px;\">204<\/span><\/p>\n<p>Peso (en kg): <span style=\"font-size: 16px;\">0.875<\/span><\/p>\n<p>modo de disparo: <span style=\"font-size: 16px;\">Seguridad \/ Semiautom\u00e1tico \/ Totalmente autom\u00e1tico<\/span><\/p>\n<p><strong>VER VIDEO<\/strong><\/p>\n","protected":false},"excerpt":{"rendered":"<p>Con la adquisici\u00f3n de la licencia Glock, Umarex nos ofrece aqu\u00ed la versi\u00f3n \u00abBrutale\u00bb de la marca en una calidad excepcional tanto por su calidad de fabricaci\u00f3n como por su respeto a las dimensiones. Se trata de una r\u00e9plica accionada por gas de la pistola m\u00e1s popular del mundo, en versi\u00f3n con selector de tiro: [&hellip;]<\/p>\n","protected":false},"featured_media":381,"comment_status":"open","ping_status":"closed","template":"","meta":[],"product_brand":[],"product_cat":[42],"product_tag":[],"class_list":{"0":"post-299","1":"product","2":"type-product","3":"status-publish","4":"has-post-thumbnail","6":"product_cat-pistolas-airsoft","8":"first","9":"outofstock","10":"shipping-taxable","11":"purchasable","12":"product-type-simple"},"_links":{"self":[{"href":"https:\/\/lobos.uno\/index.php?rest_route=\/wp\/v2\/product\/299","targetHints":{"allow":["GET"]}}],"collection":[{"href":"https:\/\/lobos.uno\/index.php?rest_route=\/wp\/v2\/product"}],"about":[{"href":"https:\/\/lobos.uno\/index.php?rest_route=\/wp\/v2\/types\/product"}],"replies":[{"embeddable":true,"href":"https:\/\/lobos.uno\/index.php?rest_route=%2Fwp%2Fv2%2Fcomments&post=299"}],"wp:featuredmedia":[{"embeddable":true,"href":"https:\/\/lobos.uno\/index.php?rest_route=\/wp\/v2\/media\/381"}],"wp:attachment":[{"href":"https:\/\/lobos.uno\/index.php?rest_route=%2Fwp%2Fv2%2Fmedia&parent=299"}],"wp:term":[{"taxonomy":"product_brand","embeddable":true,"href":"https:\/\/lobos.uno\/index.php?rest_route=%2Fwp%2Fv2%2Fproduct_brand&post=299"},{"taxonomy":"product_cat","embeddable":true,"href":"https:\/\/lobos.uno\/index.php?rest_route=%2Fwp%2Fv2%2Fproduct_cat&post=299"},{"taxonomy":"product_tag","embeddable":true,"href":"https:\/\/lobos.uno\/index.php?rest_route=%2Fwp%2Fv2%2Fproduct_tag&post=299"}],"curies":[{"name":"wp","href":"https:\/\/api.w.org\/{rel}","templated":true}]}}