{"id":301,"date":"2025-04-20T15:16:29","date_gmt":"2025-04-20T13:16:29","guid":{"rendered":"http:\/\/3.23.22.20\/?post_type=product&#038;p=301"},"modified":"2025-04-20T15:17:01","modified_gmt":"2025-04-20T13:17:01","slug":"xyh-1911-pistola-de-hidrogel-blue","status":"publish","type":"product","link":"https:\/\/lobos.uno\/?product=xyh-1911-pistola-de-hidrogel-blue","title":{"rendered":"XYH-1911 PISTOLA DE HIDROGEL BLUE"},"content":{"rendered":"<p><strong>DESCRIPTION<\/strong><\/p>\n<p><strong>El XYH-1911 Blue tiene la mayor tasa de fuego de todas las pistolas.<\/strong> <strong>Esto significa que dispara m\u00e1s balas de hidrogel por segundo que cualquier otra.<\/strong> Est\u00e1 bien construido, impecable en fiabilidad y rendimiento.<\/p>\n<p>Los accesorios son extra\u00edbles si no le gusta c\u00f3mo se ven. Las balas de hidrogel se alimentan a trav\u00e9s de la tolva superior en la botella o en una tolva m\u00e1s delgada, ambas se incluyen dentro de la caja.<\/p>\n<p>La opci\u00f3n de botella es ideal para aquellos que son gatillo feliz. La desventaja de otras pistolas es que el clip de la revista es peque\u00f1o y te quedas sin balas de hidrogel r\u00e1pidamente, pero<strong> para el XYH-1911 Blue esto no es un problema<\/strong>.<\/p>\n<p><strong>\u00c9sta es definitivamente una de las mejores <a href=\"\/categoria-producto\/hidrogel\">pistolas<\/a> del mercado.<\/strong><\/p>\n<p>&nbsp;<\/p>\n<p><strong>CARACTER\u00cdSTICAS:<\/strong><\/p>\n<p>Potencia de disparo: Aproximadamente 150 fps<\/p>\n<p>Rango de disparo: 15+ Metros<\/p>\n<p>Tama\u00f1o de la munici\u00f3n: 7-8mm<\/p>\n<p>Tolva alimentada<\/p>\n<p>Autom\u00e1tico completo<\/p>\n<p>Carril para agregar accesorios<\/p>\n<p>Silenciador y l\u00e1ser incluidos y se pueden quitar<\/p>\n<p>Material: ABS<\/p>\n<p><strong>INCLUYE EN EL PACK:<\/strong><\/p>\n<p>XYH-1911 Pistola de Hidrogel Blue<\/p>\n<p>Botella de recarga<\/p>\n<p>Bater\u00eda recargable de Li-on 7.4V<\/p>\n<p>Cable cargador USB<\/p>\n<p>Silenciador\/linterna\/laser<\/p>\n<p>Lentes de seguridad<\/p>\n<p>10 mil balines de Hidrogel<\/p>\n<p><a href=\"https:\/\/tiktok.com\/@nordicos.shop\">VER VIDEO<\/a><\/p>\n","protected":false},"excerpt":{"rendered":"<p>DESCRIPTION El XYH-1911 Blue tiene la mayor tasa de fuego de todas las pistolas. Esto significa que dispara m\u00e1s balas de hidrogel por segundo que cualquier otra. Est\u00e1 bien construido, impecable en fiabilidad y rendimiento. Los accesorios son extra\u00edbles si no le gusta c\u00f3mo se ven. Las balas de hidrogel se alimentan a trav\u00e9s de [&hellip;]<\/p>\n","protected":false},"featured_media":387,"comment_status":"open","ping_status":"closed","template":"","meta":[],"product_brand":[],"product_cat":[38],"product_tag":[],"class_list":{"0":"post-301","1":"product","2":"type-product","3":"status-publish","4":"has-post-thumbnail","6":"product_cat-pistolas","8":"first","9":"instock","10":"shipping-taxable","11":"purchasable","12":"product-type-simple"},"_links":{"self":[{"href":"https:\/\/lobos.uno\/index.php?rest_route=\/wp\/v2\/product\/301","targetHints":{"allow":["GET"]}}],"collection":[{"href":"https:\/\/lobos.uno\/index.php?rest_route=\/wp\/v2\/product"}],"about":[{"href":"https:\/\/lobos.uno\/index.php?rest_route=\/wp\/v2\/types\/product"}],"replies":[{"embeddable":true,"href":"https:\/\/lobos.uno\/index.php?rest_route=%2Fwp%2Fv2%2Fcomments&post=301"}],"wp:featuredmedia":[{"embeddable":true,"href":"https:\/\/lobos.uno\/index.php?rest_route=\/wp\/v2\/media\/387"}],"wp:attachment":[{"href":"https:\/\/lobos.uno\/index.php?rest_route=%2Fwp%2Fv2%2Fmedia&parent=301"}],"wp:term":[{"taxonomy":"product_brand","embeddable":true,"href":"https:\/\/lobos.uno\/index.php?rest_route=%2Fwp%2Fv2%2Fproduct_brand&post=301"},{"taxonomy":"product_cat","embeddable":true,"href":"https:\/\/lobos.uno\/index.php?rest_route=%2Fwp%2Fv2%2Fproduct_cat&post=301"},{"taxonomy":"product_tag","embeddable":true,"href":"https:\/\/lobos.uno\/index.php?rest_route=%2Fwp%2Fv2%2Fproduct_tag&post=301"}],"curies":[{"name":"wp","href":"https:\/\/api.w.org\/{rel}","templated":true}]}}