{"id":302,"date":"2025-04-20T15:16:29","date_gmt":"2025-04-20T13:16:29","guid":{"rendered":"http:\/\/3.23.22.20\/?post_type=product&#038;p=302"},"modified":"2025-04-20T15:17:02","modified_gmt":"2025-04-20T13:17:02","slug":"linterna-para-rifle-o-pistola-acqptf-2-modos-de-luz","status":"publish","type":"product","link":"https:\/\/lobos.uno\/?product=linterna-para-rifle-o-pistola-acqptf-2-modos-de-luz","title":{"rendered":"LINTERNA PARA RIFLE O PISTOLA ACQPTF (2 MODOS DE LUZ)"},"content":{"rendered":"<p><strong>NUEVA funci\u00f3n \u00a1estrobosc\u00f3pica!<\/strong><\/p>\n<p><strong>La funci\u00f3n de <a href=\"\/categoria-producto\/accesorios\">linterna<\/a> desorientar\u00e1 a su objetivo y prolongar\u00e1 la duraci\u00f3n de la bater\u00eda.<\/strong><\/p>\n<p>Montaje de liberaci\u00f3n r\u00e1pida que <strong>se adapta a la mayor\u00eda de los rieles tipo Weaver\/Picatinny<\/strong> que se encuentran en la mayor\u00eda de las pistolas semiautom\u00e1ticas o rifles.<\/p>\n<p><strong>Interruptor de goma con bot\u00f3n pulsador en el lado izquierdo de la linterna y bot\u00f3n estrobosc\u00f3pico de goma con bot\u00f3n pulsador en el lado derecho de la linterna.<\/strong><\/p>\n<p>Salida m\u00e1xima de <strong>150 l\u00famenes<\/strong><\/p>\n<p>Utiliza 1 bater\u00eda tipo litio CR2 (incluida)<\/p>\n<p>Material Aluminio<\/p>\n<p>Peso:<strong> 2,6 onzas<\/strong>. (con bater\u00eda)<\/p>\n<p><strong><em>Compatible con cualquier arma de p\u00f3lvora, <a href=\"\/categoria-producto\/airsoft\">airsoft<\/a>, co2, <a href=\"\/categoria-producto\/hidrogel\">hidrogel<\/a> o traum\u00e1tica que cuente con riel picatinny inferior o laterial.<\/em><\/strong><\/p>\n<p><a href=\"https:\/\/tiktok.com\/@nordicos.shop\">VER VIDEO<\/a><\/p>\n","protected":false},"excerpt":{"rendered":"<p>NUEVA funci\u00f3n \u00a1estrobosc\u00f3pica! La funci\u00f3n de linterna desorientar\u00e1 a su objetivo y prolongar\u00e1 la duraci\u00f3n de la bater\u00eda. Montaje de liberaci\u00f3n r\u00e1pida que se adapta a la mayor\u00eda de los rieles tipo Weaver\/Picatinny que se encuentran en la mayor\u00eda de las pistolas semiautom\u00e1ticas o rifles. Interruptor de goma con bot\u00f3n pulsador en el lado izquierdo [&hellip;]<\/p>\n","protected":false},"featured_media":391,"comment_status":"open","ping_status":"closed","template":"","meta":[],"product_brand":[],"product_cat":[44],"product_tag":[],"class_list":{"0":"post-302","1":"product","2":"type-product","3":"status-publish","4":"has-post-thumbnail","6":"product_cat-linterna","8":"first","9":"instock","10":"shipping-taxable","11":"purchasable","12":"product-type-simple"},"_links":{"self":[{"href":"https:\/\/lobos.uno\/index.php?rest_route=\/wp\/v2\/product\/302","targetHints":{"allow":["GET"]}}],"collection":[{"href":"https:\/\/lobos.uno\/index.php?rest_route=\/wp\/v2\/product"}],"about":[{"href":"https:\/\/lobos.uno\/index.php?rest_route=\/wp\/v2\/types\/product"}],"replies":[{"embeddable":true,"href":"https:\/\/lobos.uno\/index.php?rest_route=%2Fwp%2Fv2%2Fcomments&post=302"}],"wp:featuredmedia":[{"embeddable":true,"href":"https:\/\/lobos.uno\/index.php?rest_route=\/wp\/v2\/media\/391"}],"wp:attachment":[{"href":"https:\/\/lobos.uno\/index.php?rest_route=%2Fwp%2Fv2%2Fmedia&parent=302"}],"wp:term":[{"taxonomy":"product_brand","embeddable":true,"href":"https:\/\/lobos.uno\/index.php?rest_route=%2Fwp%2Fv2%2Fproduct_brand&post=302"},{"taxonomy":"product_cat","embeddable":true,"href":"https:\/\/lobos.uno\/index.php?rest_route=%2Fwp%2Fv2%2Fproduct_cat&post=302"},{"taxonomy":"product_tag","embeddable":true,"href":"https:\/\/lobos.uno\/index.php?rest_route=%2Fwp%2Fv2%2Fproduct_tag&post=302"}],"curies":[{"name":"wp","href":"https:\/\/api.w.org\/{rel}","templated":true}]}}