{"id":303,"date":"2025-04-20T15:16:29","date_gmt":"2025-04-20T13:16:29","guid":{"rendered":"http:\/\/3.23.22.20\/?post_type=product&#038;p=303"},"modified":"2025-04-20T15:17:04","modified_gmt":"2025-04-20T13:17:04","slug":"glock-17-gen3-de-airsoft","status":"publish","type":"product","link":"https:\/\/lobos.uno\/?product=glock-17-gen3-de-airsoft","title":{"rendered":"GLOCK 17 GEN3 DE AIRSOFT"},"content":{"rendered":"<p>Caracter\u00edsticas<\/p>\n<p>Marco de pol\u00edmero moldeado por inyecci\u00f3n, ligero y resistente, con corredera de aleaci\u00f3n de aluminio.<\/p>\n<p>Licencia completa de <a href=\"\/CATEGORIA-PRODUCTOS\/AIRSOFT\">GLOCK<\/a> con marcas completas en la diapositiva y logotipos moldeados en el marco.<\/p>\n<p>Miras GLOCK tradicionales<\/p>\n<p>Seguridad funcional del gatillo GLOCK<\/p>\n<p>Marco de textura rugosa GLOCK Gen.3 para un mejor agarre antideslizante<\/p>\n<p>Riel accesorio GLOCK<\/p>\n<p>Retroceso de gas realista para simular el retroceso y el ciclo de deslizamiento<strong>.<\/strong><\/p>\n<p>La GLOCK 17 es la pistola de servicio con la que se miden todas las dem\u00e1s pistolas de servicio. Reconocida por su confiabilidad, rendimiento y capacidad del cargador, la GLOCK 17 es la pistola de tama\u00f1o completo ideal para profesionales y entusiastas. El marco Gen.4 presenta una nueva tecnolog\u00eda de textura rugosa probada cient\u00edficamente y probada en el mundo real para un mejor agarre.<\/p>\n<p>Fabricante: UMAREX (con licencia de GLOCK)<\/p>\n<p>Rango de FPS: 290-310<\/p>\n<p>Especificaciones:<\/p>\n<p>Dimensiones: 190 mm x 140 mm<\/p>\n<p>Revista: 20 rondas<\/p>\n<p>Tipo de gas: gas verde, gas rojo, propano<\/p>\n<p>Modo de disparo: Semiautom\u00e1tico, Seguridad<\/p>\n<p>Sistema: retroceso de gas<\/p>\n<p>Hopup: S\u00ed, ajustable<\/p>\n<p>El paquete incluye: pistola, cargador y manual.<\/p>\n","protected":false},"excerpt":{"rendered":"<p>Reconocida por su confiabilidad, rendimiento y capacidad del cargador, la GLOCK 17 es la pistola de tama\u00f1o completo ideal para profesionales y entusiastas.<\/p>\n","protected":false},"featured_media":394,"comment_status":"open","ping_status":"closed","template":"","meta":[],"product_brand":[],"product_cat":[42],"product_tag":[43,39,45],"class_list":{"0":"post-303","1":"product","2":"type-product","3":"status-publish","4":"has-post-thumbnail","6":"product_cat-pistolas-airsoft","7":"product_tag-airsoft","8":"product_tag-glock","9":"product_tag-licenciada","11":"first","12":"instock","13":"purchasable","14":"product-type-simple"},"_links":{"self":[{"href":"https:\/\/lobos.uno\/index.php?rest_route=\/wp\/v2\/product\/303","targetHints":{"allow":["GET"]}}],"collection":[{"href":"https:\/\/lobos.uno\/index.php?rest_route=\/wp\/v2\/product"}],"about":[{"href":"https:\/\/lobos.uno\/index.php?rest_route=\/wp\/v2\/types\/product"}],"replies":[{"embeddable":true,"href":"https:\/\/lobos.uno\/index.php?rest_route=%2Fwp%2Fv2%2Fcomments&post=303"}],"wp:featuredmedia":[{"embeddable":true,"href":"https:\/\/lobos.uno\/index.php?rest_route=\/wp\/v2\/media\/394"}],"wp:attachment":[{"href":"https:\/\/lobos.uno\/index.php?rest_route=%2Fwp%2Fv2%2Fmedia&parent=303"}],"wp:term":[{"taxonomy":"product_brand","embeddable":true,"href":"https:\/\/lobos.uno\/index.php?rest_route=%2Fwp%2Fv2%2Fproduct_brand&post=303"},{"taxonomy":"product_cat","embeddable":true,"href":"https:\/\/lobos.uno\/index.php?rest_route=%2Fwp%2Fv2%2Fproduct_cat&post=303"},{"taxonomy":"product_tag","embeddable":true,"href":"https:\/\/lobos.uno\/index.php?rest_route=%2Fwp%2Fv2%2Fproduct_tag&post=303"}],"curies":[{"name":"wp","href":"https:\/\/api.w.org\/{rel}","templated":true}]}}