{"id":304,"date":"2025-04-20T15:16:30","date_gmt":"2025-04-20T13:16:30","guid":{"rendered":"http:\/\/3.23.22.20\/?post_type=product&#038;p=304"},"modified":"2025-11-09T22:41:50","modified_gmt":"2025-11-09T21:41:50","slug":"glock-19x-gbb-umarex-para-airsoft","status":"publish","type":"product","link":"https:\/\/lobos.uno\/?product=glock-19x-gbb-umarex-para-airsoft","title":{"rendered":"GLOCK 19X GBB UMAREX PARA AIRSOFT"},"content":{"rendered":"<h5>Pistola airsoft de Gas Umarex Glock 19X<\/h5>\n<p>GLOCK describe la G19X como su primera \u00abpistola cruzada\u00bb. Combina el marco de tama\u00f1o completo del G17 con la corredera compacta del G19. Una novedad es el color, Coyote, que distingue a esta pistola de otros modelos.<\/p>\n<p>\u00d3pticamente, la versi\u00f3n de <a href=\"\/categoria-producto\/airsoft\">airsoft<\/a> a gas apenas se distingue del original. Pero en lugar de munici\u00f3n 9&#215;19, utiliza BB de 6 mm, que se introducen con precisi\u00f3n a trav\u00e9s del ca\u00f1\u00f3n gracias al tiro ajustable externamente.<\/p>\n<p>La corredera est\u00e1 hecha de metal de primera calidad y ofrece un retroceso claramente perceptible gracias al potente retroceso.<\/p>\n<p>El cargador tiene una capacidad de 22 rondas y los accesorios t\u00edpicos de GLOCK se pueden conectar al riel.<\/p>\n<ul>\n<li>Modelo: Glock 19X<\/li>\n<li>Serie:\u00a0<a href=\"\/categoria-producto\/airsoft\">Glock Airsoft<\/a><\/li>\n<li>Marca: Umarex<\/li>\n<li>Acci\u00f3n: Gas<\/li>\n<li>Material: Polimero y Metal<\/li>\n<li>Blowback<\/li>\n<li>Rail Picatinny<\/li>\n<li>Hop Up ajustable<\/li>\n<li>Colores: Tan<\/li>\n<li>Peso: 630 gr<\/li>\n<li>Longitud: 175 mm<\/li>\n<li>Potencia: 0,81 j<\/li>\n<li>Velocidad: 295 fps (aproximadamente, bolas 0,20 gr)<\/li>\n<li>Cargador: 22 bolas<\/li>\n<li>Incluye un cargador. Cargador suplementario: 2.6459.1<\/li>\n<\/ul>\n<p><strong>CLICK PARA VER VIDEO<\/strong><\/p>\n","protected":false},"excerpt":{"rendered":"<p>Pistola airsoft de Gas Umarex Glock 19X GLOCK describe la G19X como su primera \u00abpistola cruzada\u00bb. Combina el marco de tama\u00f1o completo del G17 con la corredera compacta del G19. Una novedad es el color, Coyote, que distingue a esta pistola de otros modelos. \u00d3pticamente, la versi\u00f3n de airsoft a gas apenas se distingue del [&hellip;]<\/p>\n","protected":false},"featured_media":402,"comment_status":"open","ping_status":"closed","template":"","meta":[],"product_brand":[],"product_cat":[42],"product_tag":[43,39,45],"class_list":{"0":"post-304","1":"product","2":"type-product","3":"status-publish","4":"has-post-thumbnail","6":"product_cat-pistolas-airsoft","7":"product_tag-airsoft","8":"product_tag-glock","9":"product_tag-licenciada","11":"first","12":"instock","13":"shipping-taxable","14":"purchasable","15":"product-type-simple"},"_links":{"self":[{"href":"https:\/\/lobos.uno\/index.php?rest_route=\/wp\/v2\/product\/304","targetHints":{"allow":["GET"]}}],"collection":[{"href":"https:\/\/lobos.uno\/index.php?rest_route=\/wp\/v2\/product"}],"about":[{"href":"https:\/\/lobos.uno\/index.php?rest_route=\/wp\/v2\/types\/product"}],"replies":[{"embeddable":true,"href":"https:\/\/lobos.uno\/index.php?rest_route=%2Fwp%2Fv2%2Fcomments&post=304"}],"wp:featuredmedia":[{"embeddable":true,"href":"https:\/\/lobos.uno\/index.php?rest_route=\/wp\/v2\/media\/402"}],"wp:attachment":[{"href":"https:\/\/lobos.uno\/index.php?rest_route=%2Fwp%2Fv2%2Fmedia&parent=304"}],"wp:term":[{"taxonomy":"product_brand","embeddable":true,"href":"https:\/\/lobos.uno\/index.php?rest_route=%2Fwp%2Fv2%2Fproduct_brand&post=304"},{"taxonomy":"product_cat","embeddable":true,"href":"https:\/\/lobos.uno\/index.php?rest_route=%2Fwp%2Fv2%2Fproduct_cat&post=304"},{"taxonomy":"product_tag","embeddable":true,"href":"https:\/\/lobos.uno\/index.php?rest_route=%2Fwp%2Fv2%2Fproduct_tag&post=304"}],"curies":[{"name":"wp","href":"https:\/\/api.w.org\/{rel}","templated":true}]}}