{"id":305,"date":"2025-04-20T15:16:30","date_gmt":"2025-04-20T13:16:30","guid":{"rendered":"http:\/\/3.23.22.20\/?post_type=product&#038;p=305"},"modified":"2025-04-20T15:17:07","modified_gmt":"2025-04-20T13:17:07","slug":"mochila-tactica-miltec-36-litros","status":"publish","type":"product","link":"https:\/\/lobos.uno\/?product=mochila-tactica-miltec-36-litros","title":{"rendered":"MOCHILA TACTICA MILTEC 36 LITROS"},"content":{"rendered":"<h2><a href=\"\/categoria-producto\/accesorios\">Mochila<\/a> t\u00e1ctica de poli\u00e9ster 36 litros Mil-Tec<\/h2>\n<ul>\n<li>Marca: Mil Tec<\/li>\n<li>Color: Negro, Tan, OD, Woodland, Digital y Camuflaje<\/li>\n<li>Material: Poli\u00e9ster<\/li>\n<li>Cubierto con cloruro de polivinilo<\/li>\n<li>Forro: 100% poli\u00e9ster.<\/li>\n<li>Acolchado: espuma EVA (260 o 550 g \/ qm)<\/li>\n<li>Medida: 51 x 29 x 28 cm<\/li>\n<li>Volumen: unos 36 litros<\/li>\n<li>Peso: alrededor de 1,450 gr<\/li>\n<li>Fortalecimiento de la espalda<\/li>\n<li>Cinturones de hombro acolchados, con forma, ergon\u00f3micos y ajustables, ancho: 5 cm.<\/li>\n<li>Ojales para materiales de sujeci\u00f3n adem\u00e1s<\/li>\n<li>Cintur\u00f3n de vientre ajustable con cierre r\u00e1pido<\/li>\n<li>2 compartimentos grandes con varios compartimentos con cremallera y red<\/li>\n<li>Gran bolsillo delantero y un compartimento con cremallera<\/li>\n<li>Todos los compartimentos con cremallera en dos direcciones<\/li>\n<li>Control de volumen y maletero con correas de compresi\u00f3n laterales<\/li>\n<li>Varios cierres Molle<\/li>\n<li>Compartimento de scratch integrado para el hidropack<\/li>\n<\/ul>\n<p><a href=\"https:\/\/tiktok.com\/@nordicos.shop\"><strong>CLICK PARA VER VIDEO<\/strong><\/a><\/p>\n","protected":false},"excerpt":{"rendered":"<p>Mochila t\u00e1ctica de poli\u00e9ster 36 litros Mil-Tec Marca: Mil Tec Color: Negro, Tan, OD, Woodland, Digital y Camuflaje Material: Poli\u00e9ster Cubierto con cloruro de polivinilo Forro: 100% poli\u00e9ster. Acolchado: espuma EVA (260 o 550 g \/ qm) Medida: 51 x 29 x 28 cm Volumen: unos 36 litros Peso: alrededor de 1,450 gr Fortalecimiento de [&hellip;]<\/p>\n","protected":false},"featured_media":412,"comment_status":"open","ping_status":"closed","template":"","meta":[],"product_brand":[],"product_cat":[46,47],"product_tag":[],"class_list":{"0":"post-305","1":"product","2":"type-product","3":"status-publish","4":"has-post-thumbnail","6":"product_cat-equipo","7":"product_cat-mochilas","9":"first","10":"instock","11":"purchasable","12":"product-type-simple"},"_links":{"self":[{"href":"https:\/\/lobos.uno\/index.php?rest_route=\/wp\/v2\/product\/305","targetHints":{"allow":["GET"]}}],"collection":[{"href":"https:\/\/lobos.uno\/index.php?rest_route=\/wp\/v2\/product"}],"about":[{"href":"https:\/\/lobos.uno\/index.php?rest_route=\/wp\/v2\/types\/product"}],"replies":[{"embeddable":true,"href":"https:\/\/lobos.uno\/index.php?rest_route=%2Fwp%2Fv2%2Fcomments&post=305"}],"wp:featuredmedia":[{"embeddable":true,"href":"https:\/\/lobos.uno\/index.php?rest_route=\/wp\/v2\/media\/412"}],"wp:attachment":[{"href":"https:\/\/lobos.uno\/index.php?rest_route=%2Fwp%2Fv2%2Fmedia&parent=305"}],"wp:term":[{"taxonomy":"product_brand","embeddable":true,"href":"https:\/\/lobos.uno\/index.php?rest_route=%2Fwp%2Fv2%2Fproduct_brand&post=305"},{"taxonomy":"product_cat","embeddable":true,"href":"https:\/\/lobos.uno\/index.php?rest_route=%2Fwp%2Fv2%2Fproduct_cat&post=305"},{"taxonomy":"product_tag","embeddable":true,"href":"https:\/\/lobos.uno\/index.php?rest_route=%2Fwp%2Fv2%2Fproduct_tag&post=305"}],"curies":[{"name":"wp","href":"https:\/\/api.w.org\/{rel}","templated":true}]}}