{"id":306,"date":"2025-04-20T15:16:30","date_gmt":"2025-04-20T13:16:30","guid":{"rendered":"http:\/\/3.23.22.20\/?post_type=product&#038;p=306"},"modified":"2025-04-20T15:17:13","modified_gmt":"2025-04-20T13:17:13","slug":"mac-10-ametralladora-compacta-de-hidrogel-nordicos","status":"publish","type":"product","link":"https:\/\/lobos.uno\/?product=mac-10-ametralladora-compacta-de-hidrogel-nordicos","title":{"rendered":"MAC 10 AMETRALLADORA COMPACTA DE HIDROGEL &#8211; NORDICOS"},"content":{"rendered":"<p><span style=\"font-size: 16px;\"><strong>El MAC 10 es una ametralladora compacta de origen estadounidense dise\u00f1ada en la d\u00e9cada de 1960 por Gordon B. Ingram. Es conocida por su tama\u00f1o peque\u00f1o, alta cadencia de fuego y capacidad de ser f\u00e1cilmente modificada.<\/strong> \u00a0<\/span><\/p>\n<p>El <strong>MAC-10<\/strong> tiene un mango de carga en la parte superior que tambi\u00e9n funciona como cebador magn\u00e9tico. <strong>La culata de metal incorporada<\/strong> tambi\u00e9n se puede extender hacia atr\u00e1s con solo presionar un bot\u00f3n debajo y se pliega muy bien cuando no est\u00e1 en uso. Muy bien construido y viene con <strong>ca\u00f1ones de aleaci\u00f3n<\/strong> mejorados instalados.<\/p>\n<p>La bater\u00eda est\u00e1 oculta en el receptor y parece que hay suficiente espacio para una m\u00e1s grande.<\/p>\n<p>Caracter\u00edsticas:<\/p>\n<p>Marca: BingFeng<\/p>\n<p>Modelo: MAC-10<\/p>\n<p>Tipo: Autom\u00e1tico\/Alimentado por bater\u00eda<\/p>\n<p>Modos de disparo:<\/p>\n<p>Completamente autom\u00e1tico<\/p>\n<p>Interruptor de seguridad<\/p>\n<p>Escala 1:1<\/p>\n<p>Construcci\u00f3n de nailon de alta calidad.<\/p>\n<p>Barril interior de aleaci\u00f3n.<\/p>\n<p>Caja de cambios de Metal<\/p>\n<p>Engranaje de Metal<\/p>\n<p>Extensible pero en stock.<\/p>\n<p>Culata de metal abatible<\/p>\n<p>Mag Fed<\/p>\n<p>Revista de nailon<\/p>\n<p>Capacidad del cargador: aproximadamente 100 balas de hidrogel<\/p>\n<p>Imprimaci\u00f3n magn\u00e9tica<\/p>\n<p>Vista de hierro incorporada<\/p>\n<p>Utiliza balas de <a href=\"\/categoria-producto\/hidrogel\">hidrogel<\/a> de 7-8 mm.<\/p>\n<p><strong>Actuaci\u00f3n:<\/strong><\/p>\n<p>Hasta 180 FPS<\/p>\n<p>Distancia de disparo de hasta 20 m<\/p>\n<p>Hasta 12 RPS<\/p>\n<p><strong>Especificaciones:<\/strong><\/p>\n<p>Longitud:<\/p>\n<p>Stock colapsado: 31cm<\/p>\n<p>Stock extendido: 39cm<\/p>\n<p>Ancho: 4,8 cm<\/p>\n<p>Altura: 28cm<\/p>\n<p>Peso: 800g<\/p>\n<p><strong>El paquete incluye:<\/strong><\/p>\n<p>1 Ametralladora de hidrogel MAC-10.<\/p>\n<p>1 Cacerina.<\/p>\n<p>1 Bater\u00eda de 11.1 V.<\/p>\n<p>1 Cargador USB.<\/p>\n<p>1 Manual<\/p>\n<p>\ud83d\udc49<a href=\"https:\/\/vm.tiktok.com\/ZMMQvF9vd\/\"><strong> \u00bfQuieres verla en Acci\u00f3n?<\/strong><\/a><\/p>\n","protected":false},"excerpt":{"rendered":"<p>El MAC 10 es f\u00e1cil de recargar y se hace presionando la peque\u00f1a palanca en la parte posterior de la empu\u00f1adura.<\/p>\n","protected":false},"featured_media":414,"comment_status":"open","ping_status":"closed","template":"","meta":[],"product_brand":[],"product_cat":[48],"product_tag":[],"class_list":{"0":"post-306","1":"product","2":"type-product","3":"status-publish","4":"has-post-thumbnail","6":"product_cat-ametralladora","8":"first","9":"instock","10":"sale","11":"shipping-taxable","12":"purchasable","13":"product-type-simple"},"_links":{"self":[{"href":"https:\/\/lobos.uno\/index.php?rest_route=\/wp\/v2\/product\/306","targetHints":{"allow":["GET"]}}],"collection":[{"href":"https:\/\/lobos.uno\/index.php?rest_route=\/wp\/v2\/product"}],"about":[{"href":"https:\/\/lobos.uno\/index.php?rest_route=\/wp\/v2\/types\/product"}],"replies":[{"embeddable":true,"href":"https:\/\/lobos.uno\/index.php?rest_route=%2Fwp%2Fv2%2Fcomments&post=306"}],"wp:featuredmedia":[{"embeddable":true,"href":"https:\/\/lobos.uno\/index.php?rest_route=\/wp\/v2\/media\/414"}],"wp:attachment":[{"href":"https:\/\/lobos.uno\/index.php?rest_route=%2Fwp%2Fv2%2Fmedia&parent=306"}],"wp:term":[{"taxonomy":"product_brand","embeddable":true,"href":"https:\/\/lobos.uno\/index.php?rest_route=%2Fwp%2Fv2%2Fproduct_brand&post=306"},{"taxonomy":"product_cat","embeddable":true,"href":"https:\/\/lobos.uno\/index.php?rest_route=%2Fwp%2Fv2%2Fproduct_cat&post=306"},{"taxonomy":"product_tag","embeddable":true,"href":"https:\/\/lobos.uno\/index.php?rest_route=%2Fwp%2Fv2%2Fproduct_tag&post=306"}],"curies":[{"name":"wp","href":"https:\/\/api.w.org\/{rel}","templated":true}]}}