{"id":308,"date":"2025-04-20T15:16:30","date_gmt":"2025-04-20T13:16:30","guid":{"rendered":"http:\/\/3.23.22.20\/?post_type=product&#038;p=308"},"modified":"2025-04-20T15:17:20","modified_gmt":"2025-04-20T13:17:20","slug":"mac-10-ametralladora-de-hidrogel","status":"publish","type":"product","link":"https:\/\/lobos.uno\/?product=mac-10-ametralladora-de-hidrogel","title":{"rendered":"MAC 10 AMETRALLADORA DE HIDROGEL"},"content":{"rendered":"<p><strong><a href=\"\/categoria-producto\/hidrogel\">\u00a0MAC-10 ametralladora de hidrogel<\/a>, es un arma excepcionalmente potente y compacta, dise\u00f1ada para ofrecer un rendimiento de alto nivel. Con una alta velocidad de disparo y un largo alcance, este artilugio es ideal para jugadores exigentes.<\/strong><\/p>\n<p><strong>La carcasa de nailon del MAC-10 proporciona una excepcional resistencia a ca\u00eddas y golpes, lo que garantiza la m\u00e1xima durabilidad incluso en las situaciones m\u00e1s intensas. Adem\u00e1s, esta arma est\u00e1 equipada con una conveniente funci\u00f3n de \u00abrecompensa\u00bb que le permite precargar el arma para un uso r\u00e1pido y efectivo.<\/strong><\/p>\n<p><strong>Caracter\u00edsticas principales<\/strong>:<\/p>\n<ul>\n<li>Dise\u00f1o compacto y potente para un rendimiento excepcional<\/li>\n<li>Alta velocidad de disparo y largo alcance para un dominio efectivo<\/li>\n<li>La carcasa de nailon es resistente a ca\u00eddas e impactos<\/li>\n<li>Capacidad del cargador: 50 balas para disparos prolongados<\/li>\n<li>Modo totalmente autom\u00e1tico para una cadencia de disparo r\u00e1pida<\/li>\n<li>Interruptor de seguridad para un manejo seguro<\/li>\n<li>Funci\u00f3n \u00abPrime\u00bb para un uso r\u00e1pido y eficiente<\/li>\n<li>Material de nailon para una durabilidad excepcional<\/li>\n<li>Soporte de la bater\u00eda: 7.4v \/ 11.1v JST para una potencia \u00f3ptima<\/li>\n<li>Dimensiones: Largo 30 cm, Ancho 5 cm, Alto 27 cm<\/li>\n<\/ul>\n<p><a href=\"https:\/\/tiktok.com\/@nordicos.shop\"><strong>Ver la MAC 10 en acci\u00f3n.<\/strong><\/a><\/p>\n<p style=\"text-align: left;\"><strong>En la caja:<\/strong><\/p>\n<div class=\"t4s-table-res-df\">\n<table width=\"100%\">\n<tbody>\n<tr>\n<td>MAC-10 AMETRALLADORA DE HIDROGEL<\/td>\n<\/tr>\n<tr>\n<td><span>11.000 bolas de gel<\/span><\/td>\n<\/tr>\n<tr>\n<td>Gafas de seguridad<\/td>\n<\/tr>\n<tr>\n<td>Bater\u00eda recargable de litio de 7,4 V y 600 mAh<\/td>\n<\/tr>\n<tr>\n<td>Cable de carga USB<\/td>\n<\/tr>\n<tr>\n<td>Cargador<\/td>\n<\/tr>\n<tr>\n<td>Manual de usuario<\/td>\n<\/tr>\n<\/tbody>\n<\/table>\n<\/div>\n<p><strong>Caracter\u00edsticas t\u00e9cnicas:<\/strong><\/p>\n<div class=\"t4s-table-res-df\">\n<table style=\"margin-left: auto; margin-right: auto; width: 99.4792%;\">\n<tbody>\n<tr>\n<td style=\"width: 20%;\">\n<div style=\"text-align: left;\"><strong>Tipo<\/strong><\/div>\n<\/td>\n<td style=\"width: 77.7828%; text-align: left;\">El\u00e9ctrico<\/td>\n<\/tr>\n<tr>\n<td style=\"width: 20%;\"><strong>Material<\/strong><\/td>\n<td style=\"width: 77.7828%;\"><span>Nailon<\/span><\/td>\n<\/tr>\n<tr>\n<td style=\"width: 20%;\"><strong>Moda:<\/strong><\/td>\n<td style=\"width: 77.7828%;\">Totalmente autom\u00e1tico<\/td>\n<\/tr>\n<tr>\n<td style=\"width: 20%;\"><strong>Interruptor de seguridad:<\/strong><\/td>\n<td style=\"width: 77.7828%;\">S\u00ed<\/td>\n<\/tr>\n<tr>\n<td style=\"width: 20%;\"><strong>Rieles (20 mm):<\/strong><\/td>\n<td style=\"width: 77.7828%;\">No<\/td>\n<\/tr>\n<tr>\n<td style=\"width: 20%;\"><strong>Capacidad del cargador:<\/strong><\/td>\n<td style=\"width: 77.7828%;\">50 balas de hidrogel<\/td>\n<\/tr>\n<tr>\n<td style=\"width: 20%;\"><strong>Largura:<\/strong><\/td>\n<td style=\"width: 77.7828%;\">30cm<\/td>\n<\/tr>\n<tr>\n<td style=\"width: 20%;\"><strong>Ancho:<\/strong><\/td>\n<td style=\"width: 77.7828%;\">5cm<\/td>\n<\/tr>\n<tr>\n<td style=\"width: 20%;\"><strong>Altura:<\/strong><\/td>\n<td style=\"width: 77.7828%;\">27cm<\/td>\n<\/tr>\n<tr>\n<td style=\"width: 20%;\"><strong>Bater\u00eda<\/strong><\/td>\n<td style=\"width: 77.7828%;\">7.4v \/ 11.1v JST<\/td>\n<\/tr>\n<tr>\n<td style=\"width: 20%;\"><strong>Edad recomendada<\/strong><\/td>\n<td style=\"width: 77.7828%;\">16+<\/td>\n<\/tr>\n<\/tbody>\n<\/table>\n<\/div>\n","protected":false},"excerpt":{"rendered":"<p>\u00a0MAC-10 ametralladora de hidrogel, es un arma excepcionalmente potente y compacta, dise\u00f1ada para ofrecer un rendimiento de alto nivel. Con una alta velocidad de disparo y un largo alcance, este artilugio es ideal para jugadores exigentes. La carcasa de nailon del MAC-10 proporciona una excepcional resistencia a ca\u00eddas y golpes, lo que garantiza la m\u00e1xima [&hellip;]<\/p>\n","protected":false},"featured_media":434,"comment_status":"open","ping_status":"closed","template":"","meta":[],"product_brand":[],"product_cat":[48],"product_tag":[],"class_list":{"0":"post-308","1":"product","2":"type-product","3":"status-publish","4":"has-post-thumbnail","6":"product_cat-ametralladora","8":"first","9":"instock","10":"purchasable","11":"product-type-simple"},"_links":{"self":[{"href":"https:\/\/lobos.uno\/index.php?rest_route=\/wp\/v2\/product\/308","targetHints":{"allow":["GET"]}}],"collection":[{"href":"https:\/\/lobos.uno\/index.php?rest_route=\/wp\/v2\/product"}],"about":[{"href":"https:\/\/lobos.uno\/index.php?rest_route=\/wp\/v2\/types\/product"}],"replies":[{"embeddable":true,"href":"https:\/\/lobos.uno\/index.php?rest_route=%2Fwp%2Fv2%2Fcomments&post=308"}],"wp:featuredmedia":[{"embeddable":true,"href":"https:\/\/lobos.uno\/index.php?rest_route=\/wp\/v2\/media\/434"}],"wp:attachment":[{"href":"https:\/\/lobos.uno\/index.php?rest_route=%2Fwp%2Fv2%2Fmedia&parent=308"}],"wp:term":[{"taxonomy":"product_brand","embeddable":true,"href":"https:\/\/lobos.uno\/index.php?rest_route=%2Fwp%2Fv2%2Fproduct_brand&post=308"},{"taxonomy":"product_cat","embeddable":true,"href":"https:\/\/lobos.uno\/index.php?rest_route=%2Fwp%2Fv2%2Fproduct_cat&post=308"},{"taxonomy":"product_tag","embeddable":true,"href":"https:\/\/lobos.uno\/index.php?rest_route=%2Fwp%2Fv2%2Fproduct_tag&post=308"}],"curies":[{"name":"wp","href":"https:\/\/api.w.org\/{rel}","templated":true}]}}