{"id":309,"date":"2025-04-20T15:16:30","date_gmt":"2025-04-20T13:16:30","guid":{"rendered":"http:\/\/3.23.22.20\/?post_type=product&#038;p=309"},"modified":"2025-04-20T15:17:22","modified_gmt":"2025-04-20T13:17:22","slug":"visor-reflex-panoramico-red-line","status":"publish","type":"product","link":"https:\/\/lobos.uno\/?product=visor-reflex-panoramico-red-line","title":{"rendered":"VISOR REFLEX PANORAMICO RED LINE"},"content":{"rendered":"<h3>Visor r\u00e9flex de l\u00ednea roja Visor panor\u00e1mico.<\/h3>\n<ul>\n<li><strong>Mira r\u00e9flex Redline de acero para replicas de<a href=\"\/categoria-producto\/hidrogel\"> Hidrogel<\/a> y <a href=\"\/categoria-producto\/airsoft\">Airsoft<\/a>\u00a0con\u00a0carril de 20 mm.<\/strong><\/li>\n<li><strong>Este visor funciona con m\u00faltiples puntos,\u00a0permite disparar con los dos ojos abiertos y una r\u00e1pida adquisici\u00f3n del objetivo.<\/strong><\/li>\n<li><strong>Nuestro visor ofrece m\u00faltiples ajustes de brillo para adaptarse a cualquier situaci\u00f3n de disparo.<\/strong><\/li>\n<li><strong>Ajuste\u00a0lateral y vertical muy f\u00e1cil gracias a dos tornillos en la parte posterior y lateral del visor.<\/strong><\/li>\n<\/ul>\n<p><a href=\"https:\/\/tiktok.com\/@nordicos.shop\"><strong>Click aqui para ir a Tiktok<\/strong><\/a><\/p>\n","protected":false},"excerpt":{"rendered":"<p>Visor r\u00e9flex de l\u00ednea roja Visor panor\u00e1mico. Mira r\u00e9flex Redline de acero para replicas de Hidrogel y Airsoft\u00a0con\u00a0carril de 20 mm. Este visor funciona con m\u00faltiples puntos,\u00a0permite disparar con los dos ojos abiertos y una r\u00e1pida adquisici\u00f3n del objetivo. Nuestro visor ofrece m\u00faltiples ajustes de brillo para adaptarse a cualquier situaci\u00f3n de disparo. Ajuste\u00a0lateral y [&hellip;]<\/p>\n","protected":false},"featured_media":437,"comment_status":"open","ping_status":"closed","template":"","meta":[],"product_brand":[],"product_cat":[35],"product_tag":[],"class_list":{"0":"post-309","1":"product","2":"type-product","3":"status-publish","4":"has-post-thumbnail","6":"product_cat-visores","8":"first","9":"instock","10":"purchasable","11":"product-type-simple"},"_links":{"self":[{"href":"https:\/\/lobos.uno\/index.php?rest_route=\/wp\/v2\/product\/309","targetHints":{"allow":["GET"]}}],"collection":[{"href":"https:\/\/lobos.uno\/index.php?rest_route=\/wp\/v2\/product"}],"about":[{"href":"https:\/\/lobos.uno\/index.php?rest_route=\/wp\/v2\/types\/product"}],"replies":[{"embeddable":true,"href":"https:\/\/lobos.uno\/index.php?rest_route=%2Fwp%2Fv2%2Fcomments&post=309"}],"wp:featuredmedia":[{"embeddable":true,"href":"https:\/\/lobos.uno\/index.php?rest_route=\/wp\/v2\/media\/437"}],"wp:attachment":[{"href":"https:\/\/lobos.uno\/index.php?rest_route=%2Fwp%2Fv2%2Fmedia&parent=309"}],"wp:term":[{"taxonomy":"product_brand","embeddable":true,"href":"https:\/\/lobos.uno\/index.php?rest_route=%2Fwp%2Fv2%2Fproduct_brand&post=309"},{"taxonomy":"product_cat","embeddable":true,"href":"https:\/\/lobos.uno\/index.php?rest_route=%2Fwp%2Fv2%2Fproduct_cat&post=309"},{"taxonomy":"product_tag","embeddable":true,"href":"https:\/\/lobos.uno\/index.php?rest_route=%2Fwp%2Fv2%2Fproduct_tag&post=309"}],"curies":[{"name":"wp","href":"https:\/\/api.w.org\/{rel}","templated":true}]}}