{"id":310,"date":"2025-04-20T15:16:30","date_gmt":"2025-04-20T13:16:30","guid":{"rendered":"http:\/\/3.23.22.20\/?post_type=product&#038;p=310"},"modified":"2025-04-20T15:17:23","modified_gmt":"2025-04-20T13:17:23","slug":"laser-red-spartan-para-pistolas-de-hidrogel","status":"publish","type":"product","link":"https:\/\/lobos.uno\/?product=laser-red-spartan-para-pistolas-de-hidrogel","title":{"rendered":"LASER RED SPARTAN PARA PISTOLAS DE HIDROGEL"},"content":{"rendered":"<h3><a href=\"\/categoria-producto\/accesorios\/laser\">Laser Red Spartan<\/a> es perfecto para <a href=\"\/categoria-producto\/hidrogel\/\">pistolas de Hidrogel<\/a><\/h3>\n<ul>\n<li><strong>Nuestro l\u00e1ser Spartan funciona con pilas y est\u00e1 equipado con un carril de 20 mm.<br \/>\n<\/strong><\/li>\n<li><strong>Da la casualidad de que este l\u00e1ser es el dispositivo m\u00e1s peque\u00f1o para equipar en su pistola de hidrogel o airsoft.<\/strong><\/li>\n<li><strong>Ser\u00e1 perfecto para perfeccionar tu precisi\u00f3n en tus batallas m\u00e1s intr\u00e9pidas. <\/strong><\/li>\n<li><strong>Tanto de noche como de d\u00eda, nuestro l\u00e1ser Spartan funcionar\u00e1 perfectamente.<\/strong><\/li>\n<\/ul>\n<p><a href=\"https:\/\/tiktok.com\/@nordicos.shop\"><strong>Click para ir a Tiktok<\/strong><\/a><\/p>\n","protected":false},"excerpt":{"rendered":"<p>Laser Red Spartan es perfecto para pistolas de Hidrogel Nuestro l\u00e1ser Spartan funciona con pilas y est\u00e1 equipado con un carril de 20 mm. Da la casualidad de que este l\u00e1ser es el dispositivo m\u00e1s peque\u00f1o para equipar en su pistola de hidrogel o airsoft. Ser\u00e1 perfecto para perfeccionar tu precisi\u00f3n en tus batallas m\u00e1s [&hellip;]<\/p>\n","protected":false},"featured_media":442,"comment_status":"open","ping_status":"closed","template":"","meta":[],"product_brand":[],"product_cat":[50],"product_tag":[],"class_list":{"0":"post-310","1":"product","2":"type-product","3":"status-publish","4":"has-post-thumbnail","6":"product_cat-laser","8":"first","9":"instock","10":"shipping-taxable","11":"purchasable","12":"product-type-simple"},"_links":{"self":[{"href":"https:\/\/lobos.uno\/index.php?rest_route=\/wp\/v2\/product\/310","targetHints":{"allow":["GET"]}}],"collection":[{"href":"https:\/\/lobos.uno\/index.php?rest_route=\/wp\/v2\/product"}],"about":[{"href":"https:\/\/lobos.uno\/index.php?rest_route=\/wp\/v2\/types\/product"}],"replies":[{"embeddable":true,"href":"https:\/\/lobos.uno\/index.php?rest_route=%2Fwp%2Fv2%2Fcomments&post=310"}],"wp:featuredmedia":[{"embeddable":true,"href":"https:\/\/lobos.uno\/index.php?rest_route=\/wp\/v2\/media\/442"}],"wp:attachment":[{"href":"https:\/\/lobos.uno\/index.php?rest_route=%2Fwp%2Fv2%2Fmedia&parent=310"}],"wp:term":[{"taxonomy":"product_brand","embeddable":true,"href":"https:\/\/lobos.uno\/index.php?rest_route=%2Fwp%2Fv2%2Fproduct_brand&post=310"},{"taxonomy":"product_cat","embeddable":true,"href":"https:\/\/lobos.uno\/index.php?rest_route=%2Fwp%2Fv2%2Fproduct_cat&post=310"},{"taxonomy":"product_tag","embeddable":true,"href":"https:\/\/lobos.uno\/index.php?rest_route=%2Fwp%2Fv2%2Fproduct_tag&post=310"}],"curies":[{"name":"wp","href":"https:\/\/api.w.org\/{rel}","templated":true}]}}