{"id":311,"date":"2025-04-20T15:16:30","date_gmt":"2025-04-20T13:16:30","guid":{"rendered":"http:\/\/3.23.22.20\/?post_type=product&#038;p=311"},"modified":"2025-04-20T15:17:24","modified_gmt":"2025-04-20T13:17:24","slug":"pack-cargador-rapido-para-pistolas-de-hidrogel","status":"publish","type":"product","link":"https:\/\/lobos.uno\/?product=pack-cargador-rapido-para-pistolas-de-hidrogel","title":{"rendered":"PACK CARGADOR RAPIDO PARA PISTOLAS DE HIDROGEL"},"content":{"rendered":"<h3><span id=\"p0\">Este pack cargador r\u00e1pido es una excelente manera de recargar su <a href=\"\/categoria-producto\/hidrogel\/\">pistola de hidrogel<\/a><\/span><\/h3>\n<p><strong>El cargador r\u00e1pido imprescindible para recargar r\u00e1pidamente tu pistola de hidrogel. Duraderas y resistentes, nuestras botellas har\u00e1n que sea mucho m\u00e1s f\u00e1cil llenar sus cargadores.<\/strong><\/p>\n<ul>\n<li><strong><a href=\"\/categoria-producto\/accesorios\/\">Frasco retr\u00e1ctil<\/a> con boquilla de 600 ml<\/strong><\/li>\n<li><strong>Frasco con boquilla 800 ml<\/strong><\/li>\n<\/ul>\n<p><a href=\"https:\/\/tiktok.com\/@nordicos.shop\"><strong>Click para ir a Tiktok<\/strong><\/a><\/p>\n","protected":false},"excerpt":{"rendered":"<p>Este pack cargador r\u00e1pido es una excelente manera de recargar su pistola de hidrogel El cargador r\u00e1pido imprescindible para recargar r\u00e1pidamente tu pistola de hidrogel. Duraderas y resistentes, nuestras botellas har\u00e1n que sea mucho m\u00e1s f\u00e1cil llenar sus cargadores. Frasco retr\u00e1ctil con boquilla de 600 ml Frasco con boquilla 800 ml Click para ir a [&hellip;]<\/p>\n","protected":false},"featured_media":445,"comment_status":"open","ping_status":"closed","template":"","meta":[],"product_brand":[],"product_cat":[33],"product_tag":[],"class_list":{"0":"post-311","1":"product","2":"type-product","3":"status-publish","4":"has-post-thumbnail","6":"product_cat-accesorios","8":"first","9":"instock","10":"shipping-taxable","11":"purchasable","12":"product-type-simple"},"_links":{"self":[{"href":"https:\/\/lobos.uno\/index.php?rest_route=\/wp\/v2\/product\/311","targetHints":{"allow":["GET"]}}],"collection":[{"href":"https:\/\/lobos.uno\/index.php?rest_route=\/wp\/v2\/product"}],"about":[{"href":"https:\/\/lobos.uno\/index.php?rest_route=\/wp\/v2\/types\/product"}],"replies":[{"embeddable":true,"href":"https:\/\/lobos.uno\/index.php?rest_route=%2Fwp%2Fv2%2Fcomments&post=311"}],"wp:featuredmedia":[{"embeddable":true,"href":"https:\/\/lobos.uno\/index.php?rest_route=\/wp\/v2\/media\/445"}],"wp:attachment":[{"href":"https:\/\/lobos.uno\/index.php?rest_route=%2Fwp%2Fv2%2Fmedia&parent=311"}],"wp:term":[{"taxonomy":"product_brand","embeddable":true,"href":"https:\/\/lobos.uno\/index.php?rest_route=%2Fwp%2Fv2%2Fproduct_brand&post=311"},{"taxonomy":"product_cat","embeddable":true,"href":"https:\/\/lobos.uno\/index.php?rest_route=%2Fwp%2Fv2%2Fproduct_cat&post=311"},{"taxonomy":"product_tag","embeddable":true,"href":"https:\/\/lobos.uno\/index.php?rest_route=%2Fwp%2Fv2%2Fproduct_tag&post=311"}],"curies":[{"name":"wp","href":"https:\/\/api.w.org\/{rel}","templated":true}]}}