{"id":367,"date":"2025-04-20T15:16:54","date_gmt":"2025-04-20T13:16:54","guid":{"rendered":"http:\/\/3.23.22.20\/?post_type=product&#038;p=367"},"modified":"2025-04-20T15:17:36","modified_gmt":"2025-04-20T13:17:36","slug":"honey-bagder-rifle-de-asalto-de-hidrogel","status":"publish","type":"product","link":"https:\/\/lobos.uno\/?product=honey-bagder-rifle-de-asalto-de-hidrogel","title":{"rendered":"HONEY BAGDER RIFLE DE ASALTO DE HIDROGEL"},"content":{"rendered":"<p>Presentamos el\u00a0<strong>Rifle de Hidrogel AAC<a href=\"https:\/\/tiktok.com\/@nordicos.shop\"> Honey Badger<\/a><\/strong>: experimente una diversi\u00f3n de disparo ilimitada desde una distancia de hasta 35 metros: con un motor potente de metal y un modo completamente autom\u00e1tico, puede dominar el campo de los lanzadores de gel. La construcci\u00f3n artificial le permite disfrutar de la apariencia y la sensaci\u00f3n de un arma de fuego real, con un agarre c\u00f3modo y una punter\u00eda precisa. \u00a1Haga que el <strong>AAC Honey Badger Rifle de Asalto de Hidrogel<\/strong>\u00a0sea su elecci\u00f3n para obtener el m\u00e1ximo control, precisi\u00f3n y disfrute!<\/p>\n<h3><strong>ACERCA DEL RIFLE DE ASALTO <a href=\"\/categoria-producto\/hidrogel\">HONEY BADGER<\/a><\/strong><\/h3>\n<p><strong>El Honey Badger es un Rifle de Asalto<\/strong>\u00a0de ca\u00f1\u00f3n corto (SBR) con rec\u00e1mara en .300 AAC Blackout.<\/p>\n<p>Es conocido por su tama\u00f1o compacto, dise\u00f1o liviano y alto nivel de personalizaci\u00f3n.<\/p>\n<p>Fue dise\u00f1ado por Advanced Armament Corporation (AAC), una empresa que se especializa en el dise\u00f1o y fabricaci\u00f3n de silenciadores, armas de fuego y accesorios relacionados.<\/p>\n<p>El\u00a0<strong>Rifle de asalto Honey Badger<\/strong>\u00a0est\u00e1 dise\u00f1ado para CQB (combate cuerpo a cuerpo) y es popular entre el personal militar y policial.<\/p>\n<p><strong>El Rifle de Hidrogel Honey Badger<\/strong> es una r\u00e9plica que dispara balas de hidrogel como munici\u00f3n, tambi\u00e9n conocida como gelsoft. Est\u00e1 inspirado en el AAC Honey Badger SBR de la vida real y es popular entre los entusiastas del deporte de Hidrogel.<\/p>\n<p><strong>El gel blasting<\/strong> es una actividad recreativa similar al airsoft o al paintball, pero utiliza balas de hidrogel como proyectil.<\/p>\n<p>La versi\u00f3n del Honey Badger es muy buscada debido a su dise\u00f1o \u00fanico y su reputaci\u00f3n de ser un Rifle confiable y personalizable.<\/p>\n<p><strong>NOTA: LA BOQUILLA ORIGINAL ES NEGRA<\/strong><\/p>\n<h3><strong>CARACTER\u00cdSTICAS DE LA PISTOLA DE JUGUETE AAC HONEY BADGER GEL BLASTER<\/strong><\/h3>\n<ul>\n<li>Cuerpo de nailon<\/li>\n<li>Funci\u00f3n de retroceso<\/li>\n<li>Engranaje de acero al carbono sinterizado<\/li>\n<li>Rodamientos SHS de alta calidad<\/li>\n<li>Pist\u00f3n de carbono<\/li>\n<li>Tubo de aleaci\u00f3n de aluminio<\/li>\n<li>Receptor de nailon dividido<\/li>\n<li>Empu\u00f1adura MagPul MOE<\/li>\n<li>Motor 480<\/li>\n<li>Mag Prime<\/li>\n<li>3 modos: seguro, simple y totalmente autom\u00e1tico<\/li>\n<li>Culata ajustable PDW<\/li>\n<\/ul>\n<h3>RENDIMIENTO:<\/h3>\n<p>Rango de tiro: 35 metros<\/p>\n<p>Velocidad: 250-280 FPS<\/p>\n<h3>INCLUIDO CON LA AAC HONEY BADGER<\/h3>\n<ol>\n<li>Honey Bagder<\/li>\n<li>Cacerina<\/li>\n<li>Botella de balas de hidrogel<\/li>\n<li>10 mil balas de hidrogel<\/li>\n<li>gafas de seguridad<\/li>\n<li>Bater\u00eda y cargador de 11.1 V<\/li>\n<\/ol>\n<p>&nbsp;<\/p>\n","protected":false},"excerpt":{"rendered":"<p>Presentamos el\u00a0Rifle de Hidrogel AAC Honey Badger: experimente una diversi\u00f3n de disparo ilimitada desde una distancia de hasta 35 metros: con un motor potente de metal y un modo completamente autom\u00e1tico, puede dominar el campo de los lanzadores de gel. La construcci\u00f3n artificial le permite disfrutar de la apariencia y la sensaci\u00f3n de un arma [&hellip;]<\/p>\n","protected":false},"featured_media":469,"comment_status":"open","ping_status":"closed","template":"","meta":[],"product_brand":[],"product_cat":[32],"product_tag":[],"class_list":{"0":"post-367","1":"product","2":"type-product","3":"status-publish","4":"has-post-thumbnail","6":"product_cat-rifles","8":"first","9":"instock","10":"sale","11":"shipping-taxable","12":"purchasable","13":"product-type-simple"},"_links":{"self":[{"href":"https:\/\/lobos.uno\/index.php?rest_route=\/wp\/v2\/product\/367","targetHints":{"allow":["GET"]}}],"collection":[{"href":"https:\/\/lobos.uno\/index.php?rest_route=\/wp\/v2\/product"}],"about":[{"href":"https:\/\/lobos.uno\/index.php?rest_route=\/wp\/v2\/types\/product"}],"replies":[{"embeddable":true,"href":"https:\/\/lobos.uno\/index.php?rest_route=%2Fwp%2Fv2%2Fcomments&post=367"}],"wp:featuredmedia":[{"embeddable":true,"href":"https:\/\/lobos.uno\/index.php?rest_route=\/wp\/v2\/media\/469"}],"wp:attachment":[{"href":"https:\/\/lobos.uno\/index.php?rest_route=%2Fwp%2Fv2%2Fmedia&parent=367"}],"wp:term":[{"taxonomy":"product_brand","embeddable":true,"href":"https:\/\/lobos.uno\/index.php?rest_route=%2Fwp%2Fv2%2Fproduct_brand&post=367"},{"taxonomy":"product_cat","embeddable":true,"href":"https:\/\/lobos.uno\/index.php?rest_route=%2Fwp%2Fv2%2Fproduct_cat&post=367"},{"taxonomy":"product_tag","embeddable":true,"href":"https:\/\/lobos.uno\/index.php?rest_route=%2Fwp%2Fv2%2Fproduct_tag&post=367"}],"curies":[{"name":"wp","href":"https:\/\/api.w.org\/{rel}","templated":true}]}}