{"id":369,"date":"2025-04-20T15:16:54","date_gmt":"2025-04-20T13:16:54","guid":{"rendered":"http:\/\/3.23.22.20\/?post_type=product&#038;p=369"},"modified":"2025-04-20T15:17:47","modified_gmt":"2025-04-20T13:17:47","slug":"mp5-subfusil-de-hidrogel","status":"publish","type":"product","link":"https:\/\/lobos.uno\/?product=mp5-subfusil-de-hidrogel","title":{"rendered":"MP5 SUBFUSIL DE HIDROGEL"},"content":{"rendered":"<h3><strong>ACERCA DEL <a href=\"\/categoria-producto\/hidrogel\">MP5 SUBFUSIL DE HIDROGEL<\/a><\/strong><\/h3>\n<p>El\u00a0<strong>MP5<\/strong>\u00a0(Heckler &amp; Koch MP5) es un subfusil que fue desarrollado por la compa\u00f1\u00eda alemana\u00a0<strong>Heckler &amp; Koch<\/strong>\u00a0en la d\u00e9cada de 1960.<\/p>\n<p>Es un arma compacta de fuego selectivo que es ampliamente utilizada por las fuerzas del orden y las organizaciones militares de todo el mundo.<\/p>\n<p><strong>La\u00a0MP5\u00a0es conocida por su precisi\u00f3n, fiabilidad y versatilidad, y se ha convertido en una de las ametralladoras m\u00e1s reconocibles del mundo. El MP5 dispara munici\u00f3n Parabellum de 9&#215;19 mm y est\u00e1 disponible en una variedad de configuraciones, incluyendo semiautom\u00e1tica, r\u00e1faga de tres rondas y totalmente autom\u00e1tica.<\/strong><\/p>\n<p><strong>LDT<\/strong>\u00a0(LDT Model) es una marca que produce\u00a0<strong>Pistolas de Hidrogel<\/strong>, que disparan balas de hidrogel como proyectiles. LDT es una gran marca conocida por producir <strong>replicas de hidrogel<\/strong>\u00a0de alta calidad que est\u00e1n dise\u00f1ados para imitar la apariencia de las armas de fuego reales.<\/p>\n<p><span>La marca ofrece una gama de modelos basados en armas de fuego populares, como la MP5 y la\u00a0<\/span><strong>HK416 <\/strong><span>entre otros.<\/span><\/p>\n<p>Estos juguetes est\u00e1n dise\u00f1ados para uso recreativo y no son capaces de disparar munici\u00f3n real.<\/p>\n<div class=\"w-full h-32 md:h-48 flex-shrink-0\"><span>El cargador de tambor es un tipo de cargador que contiene una gran cantidad de munici\u00f3n y, por lo general, requiere una recarga menos frecuente en comparaci\u00f3n con un cargador est\u00e1ndar.\u00a0<\/span><\/div>\n<div class=\"w-full h-32 md:h-48 flex-shrink-0\"><\/div>\n<div class=\"w-full h-32 md:h-48 flex-shrink-0\"><strong>La VERSI\u00d3N DELUXE inclu\u00eda engranajes met\u00e1licos, cargador de tambor y bater\u00eda de 11,1 V.<\/strong><\/div>\n<div><\/div>\n<h3><a href=\"https:\/\/tiktok.com\/@nordicos.shop\"><strong><span>CARACTER\u00cdSTICAS DELSUBFUSIL MP5<\/span><\/strong><\/a><\/h3>\n<ul>\n<li>Construcci\u00f3n de nailon de alta calidad, con ca\u00f1\u00f3n exterior e interior de metal que incluye punta roscada CCW de 14 mm<\/li>\n<li><span>Caja de cambios de nylon v2 versi\u00f3n 3.0 LDT con\u00a0engranajes met\u00e1licos, cilindro de lat\u00f3n, dientes met\u00e1licos<\/span><\/li>\n<li><span>Alambre plateado con\u00a0peque\u00f1o enchufe tipo Tamiya<\/span><\/li>\n<li>Rodamientos de 8 mm<\/li>\n<li><span>Cabeza de perno de retroceso completo<\/span><\/li>\n<li>Detalles de soldadura Reducci\u00f3n final<\/li>\n<li>Soporte de eslinga de metal<\/li>\n<li>Interruptor ambidiestro de selecci\u00f3n de fuego<\/li>\n<li>Compartimento grande de la bater\u00eda<\/li>\n<li>Ca\u00f1\u00f3n interior met\u00e1lico largo<\/li>\n<li>Capacidad del cargador del tambor: 350<\/li>\n<li>Peso: 1,6 kg<\/li>\n<li>Tama\u00f1o: 68 * 25 cm<\/li>\n<\/ul>\n<p><strong>El paquete incluye:<\/strong><\/p>\n<ul>\n<li>1 x LDT MP5 subfusil de Hidrogel<\/li>\n<li>1 x bolsa de transporte de la marca HK con correa para el hombro<\/li>\n<li>1 x cargador de tambor<\/li>\n<li>1 x Miras de hierro<\/li>\n<li>1 x Ocultador de flash<\/li>\n<li>1 x Gafas de seguridad<\/li>\n<li>1 x 10 mil balines de hidrogel<\/li>\n<li>1 x Bater\u00eda de 11,1 V + cargador<\/li>\n<\/ul>\n<p><strong>Nota: La boquilla original es negra<\/strong><\/p>\n","protected":false},"excerpt":{"rendered":"<p>ACERCA DEL MP5 SUBFUSIL DE HIDROGEL El\u00a0MP5\u00a0(Heckler &amp; Koch MP5) es un subfusil que fue desarrollado por la compa\u00f1\u00eda alemana\u00a0Heckler &amp; Koch\u00a0en la d\u00e9cada de 1960. Es un arma compacta de fuego selectivo que es ampliamente utilizada por las fuerzas del orden y las organizaciones militares de todo el mundo. La\u00a0MP5\u00a0es conocida por su precisi\u00f3n, [&hellip;]<\/p>\n","protected":false},"featured_media":493,"comment_status":"open","ping_status":"closed","template":"","meta":[],"product_brand":[],"product_cat":[31],"product_tag":[],"class_list":{"0":"post-369","1":"product","2":"type-product","3":"status-publish","4":"has-post-thumbnail","6":"product_cat-fusil","8":"first","9":"instock","10":"purchasable","11":"product-type-simple"},"_links":{"self":[{"href":"https:\/\/lobos.uno\/index.php?rest_route=\/wp\/v2\/product\/369","targetHints":{"allow":["GET"]}}],"collection":[{"href":"https:\/\/lobos.uno\/index.php?rest_route=\/wp\/v2\/product"}],"about":[{"href":"https:\/\/lobos.uno\/index.php?rest_route=\/wp\/v2\/types\/product"}],"replies":[{"embeddable":true,"href":"https:\/\/lobos.uno\/index.php?rest_route=%2Fwp%2Fv2%2Fcomments&post=369"}],"wp:featuredmedia":[{"embeddable":true,"href":"https:\/\/lobos.uno\/index.php?rest_route=\/wp\/v2\/media\/493"}],"wp:attachment":[{"href":"https:\/\/lobos.uno\/index.php?rest_route=%2Fwp%2Fv2%2Fmedia&parent=369"}],"wp:term":[{"taxonomy":"product_brand","embeddable":true,"href":"https:\/\/lobos.uno\/index.php?rest_route=%2Fwp%2Fv2%2Fproduct_brand&post=369"},{"taxonomy":"product_cat","embeddable":true,"href":"https:\/\/lobos.uno\/index.php?rest_route=%2Fwp%2Fv2%2Fproduct_cat&post=369"},{"taxonomy":"product_tag","embeddable":true,"href":"https:\/\/lobos.uno\/index.php?rest_route=%2Fwp%2Fv2%2Fproduct_tag&post=369"}],"curies":[{"name":"wp","href":"https:\/\/api.w.org\/{rel}","templated":true}]}}