{"id":371,"date":"2025-04-20T15:16:54","date_gmt":"2025-04-20T13:16:54","guid":{"rendered":"http:\/\/3.23.22.20\/?post_type=product&#038;p=371"},"modified":"2025-04-20T15:17:51","modified_gmt":"2025-04-20T13:17:51","slug":"mp17-ronnie-pistola-de-hidrogel","status":"publish","type":"product","link":"https:\/\/lobos.uno\/?product=mp17-ronnie-pistola-de-hidrogel","title":{"rendered":"MP17 RONNIE PISTOLA DE HIDROGEL"},"content":{"rendered":"<p><strong>Experimenta simulaciones de batalla intensas y realistas con el<a href=\"\/categoria-producto\/hidrogel\"> MP17 Pistola de Hidrogel<\/a>. Esta versi\u00f3n t\u00e1ctica de la pistola de hidrogel MP17 viene con dos cargadores, incluido un tambor para un juego prolongado. Cambie f\u00e1cilmente entre los modos de disparo semiautom\u00e1tico y completamente autom\u00e1tico y personalice su desintegrador con accesorios extra\u00edbles. Con un alcance de disparo de 20 metros y una potencia de fuego de hasta 180 FPS, este blaster es perfecto para enfrentamientos de largo alcance.<\/strong><\/p>\n<h3><b><span><a href=\"https:\/\/tiktok.com\/@nordicos.shop\">Caracter\u00edsticas<\/a>:<\/span><\/b><\/h3>\n<p><span>\u00a0&#8211; El MP17 tiene dos cargadores, un cargador de varilla y un tambor.<\/span><br \/>\n<span>&#8211; versi\u00f3n t\u00e1ctica basada en la pistola mp17.<\/span><\/p>\n<p><span>&#8211; Revista alimentada.<\/span><\/p>\n<p><span>&#8211; Accesorios extra\u00edbles.<\/span><br \/>\n<span>&#8211; Culata met\u00e1lica extensible.<\/span><\/p>\n<p><span><b style=\"font-size: 1.5em; font-style: inherit;\">Especificaciones:<\/b><br \/>\n<\/span><span>Modelo: mk17 Pistola de Hidrogel<\/span><br \/>\n<span>Material: nailon<\/span><br \/>\n<span>Color: tostado; negro<\/span><br \/>\n<span>Modo de disparo: semiautom\u00e1tico; completamente autom\u00e1tico<\/span><br \/>\n<span>Alcance de disparo: 20 m<\/span><br \/>\n<span>Potencia de fuego: hasta 180 FPS<\/span><br \/>\n<span>Tama\u00f1o: 60,5*28,2*13,5 cm<\/span><br \/>\n<span>Peso: 800 g<\/span><\/p>\n<h3>\n<b><span>El paquete incluye:<\/span><\/b><\/h3>\n<ul>\n<li style=\"list-style-type: none;\">\n<ul>\n<li>1 Mp17 Pistola de Hidrogel<\/li>\n<li><span>1 cargador de bater\u00eda.<\/span><\/li>\n<li>1x supresor<\/li>\n<li>1x paquete x 10 mil balines de hidrogel<\/li>\n<li>1x gafas de seguridad<\/li>\n<li>1 bater\u00eda recargable de 7,4 V.<\/li>\n<li>1 cable de carga USB.<\/li>\n<li>1x linterna<\/li>\n<li>1x mira de punto rojo<\/li>\n<li>1x culata<\/li>\n<\/ul>\n<\/li>\n<\/ul>\n","protected":false},"excerpt":{"rendered":"<p>Experimenta simulaciones de batalla intensas y realistas con el MP17 Pistola de Hidrogel. Esta versi\u00f3n t\u00e1ctica de la pistola de hidrogel MP17 viene con dos cargadores, incluido un tambor para un juego prolongado. Cambie f\u00e1cilmente entre los modos de disparo semiautom\u00e1tico y completamente autom\u00e1tico y personalice su desintegrador con accesorios extra\u00edbles. Con un alcance de [&hellip;]<\/p>\n","protected":false},"featured_media":509,"comment_status":"open","ping_status":"closed","template":"","meta":[],"product_brand":[],"product_cat":[38],"product_tag":[],"class_list":{"0":"post-371","1":"product","2":"type-product","3":"status-publish","4":"has-post-thumbnail","6":"product_cat-pistolas","8":"first","9":"instock","10":"sale","11":"shipping-taxable","12":"purchasable","13":"product-type-simple"},"_links":{"self":[{"href":"https:\/\/lobos.uno\/index.php?rest_route=\/wp\/v2\/product\/371","targetHints":{"allow":["GET"]}}],"collection":[{"href":"https:\/\/lobos.uno\/index.php?rest_route=\/wp\/v2\/product"}],"about":[{"href":"https:\/\/lobos.uno\/index.php?rest_route=\/wp\/v2\/types\/product"}],"replies":[{"embeddable":true,"href":"https:\/\/lobos.uno\/index.php?rest_route=%2Fwp%2Fv2%2Fcomments&post=371"}],"wp:featuredmedia":[{"embeddable":true,"href":"https:\/\/lobos.uno\/index.php?rest_route=\/wp\/v2\/media\/509"}],"wp:attachment":[{"href":"https:\/\/lobos.uno\/index.php?rest_route=%2Fwp%2Fv2%2Fmedia&parent=371"}],"wp:term":[{"taxonomy":"product_brand","embeddable":true,"href":"https:\/\/lobos.uno\/index.php?rest_route=%2Fwp%2Fv2%2Fproduct_brand&post=371"},{"taxonomy":"product_cat","embeddable":true,"href":"https:\/\/lobos.uno\/index.php?rest_route=%2Fwp%2Fv2%2Fproduct_cat&post=371"},{"taxonomy":"product_tag","embeddable":true,"href":"https:\/\/lobos.uno\/index.php?rest_route=%2Fwp%2Fv2%2Fproduct_tag&post=371"}],"curies":[{"name":"wp","href":"https:\/\/api.w.org\/{rel}","templated":true}]}}