{"id":372,"date":"2025-04-20T15:16:54","date_gmt":"2025-04-20T13:16:54","guid":{"rendered":"http:\/\/3.23.22.20\/?post_type=product&#038;p=372"},"modified":"2025-04-20T15:17:53","modified_gmt":"2025-04-20T13:17:53","slug":"pistola-m92-cyma-cm132s-tan-lipo-y-mosfet","status":"publish","type":"product","link":"https:\/\/lobos.uno\/?product=pistola-m92-cyma-cm132s-tan-lipo-y-mosfet","title":{"rendered":"PISTOLA M92 CYMA CM132S TAN (LIPO Y MOSFET)"},"content":{"rendered":"<p><strong>Cyma nos presenta una fant\u00e1stica <a href=\"https:\/\/tiktok.com\/@nordicos.shop\">pistola<\/a> el\u00e9ctrica que ya incluye de serie bater\u00eda Lipo y Mosfet. Con esto se consigue una mayor cadencia de disparo, mas durabilidad de la bater\u00eda y mejor respuesta del gatillo en modo semi-autom\u00e1tico respecto a los modelos mas econ\u00f3micos sin mosfet ni <a href=\"\/categoria-producto\/accesorios\">bater\u00eda Lipo<\/a>. Este modelo adem\u00e1s nos ofrece una rosca de 14mm CCW para la colocaci\u00f3n de silenciadores o trazadores.<\/strong><\/p>\n<p>Una r\u00e9plica que sorprende. Su bajo costo la hace atractiva tanto para jugadores que empiezan como para jugadores experimentados que buscan una r\u00e9plica ocasional y c\u00f3moda para jugar en entornos CQB. Resulta ser bastante precisa en sus disparos y la potencia en torno a los 200 FPS la hace apta para todo tipo de situaciones de combate cercano sin ocasionar da\u00f1o alguno al oponente.<\/p>\n<p>Tipo r\u00e9plica: pistola el\u00e9ctrica AEP<\/p>\n<p>Serie r\u00e9plica: Beretta<\/p>\n<p>Material cuerpo: pol\u00edmero<\/p>\n<p>Material corredera: metal<\/p>\n<p>Ra\u00edles: picatinny en la parte inferior del ca\u00f1\u00f3n<\/p>\n<p>Rosca de 14mm CCW en el ca\u00f1\u00f3n<\/p>\n<p>Tipo bater\u00eda: Lipo de 7.4V integrada<\/p>\n<p>Mosfet: si<\/p>\n<p>Blowback: no<\/p>\n<p>Recoil: no<\/p>\n<p>Longitud: 230mm<\/p>\n<p>Peso: 730gr<\/p>\n<p>Color: tan y negro<\/p>\n<p>Incluye bater\u00eda Lipo, cargador de bater\u00eda que requiere alimentaci\u00f3n USB, bolsa de bolas BBs de prueba, cargador de bolas tipo Tico-Tico y varilla desatascadora<\/p>\n<p>Se recomienda el uso de pistoleras universales tanto r\u00edgidas como de tela\/velcro ya que no es compatible con pistoleras est\u00e1ndar de Beretta al ser mas anchas las pistolas AEP<\/p>\n<p>Cargador suplementario tama\u00f1o est\u00e1ndar: CARGADOR CYMA<\/p>\n","protected":false},"excerpt":{"rendered":"<p>Cyma nos presenta una fant\u00e1stica pistola el\u00e9ctrica que ya incluye de serie bater\u00eda Lipo y Mosfet. Con esto se consigue una mayor cadencia de disparo, mas durabilidad de la bater\u00eda y mejor respuesta del gatillo en modo semi-autom\u00e1tico respecto a los modelos mas econ\u00f3micos sin mosfet ni bater\u00eda Lipo. Este modelo adem\u00e1s nos ofrece una [&hellip;]<\/p>\n","protected":false},"featured_media":515,"comment_status":"open","ping_status":"closed","template":"","meta":[],"product_brand":[],"product_cat":[42],"product_tag":[],"class_list":{"0":"post-372","1":"product","2":"type-product","3":"status-publish","4":"has-post-thumbnail","6":"product_cat-pistolas-airsoft","8":"first","9":"instock","10":"purchasable","11":"product-type-simple"},"_links":{"self":[{"href":"https:\/\/lobos.uno\/index.php?rest_route=\/wp\/v2\/product\/372","targetHints":{"allow":["GET"]}}],"collection":[{"href":"https:\/\/lobos.uno\/index.php?rest_route=\/wp\/v2\/product"}],"about":[{"href":"https:\/\/lobos.uno\/index.php?rest_route=\/wp\/v2\/types\/product"}],"replies":[{"embeddable":true,"href":"https:\/\/lobos.uno\/index.php?rest_route=%2Fwp%2Fv2%2Fcomments&post=372"}],"wp:featuredmedia":[{"embeddable":true,"href":"https:\/\/lobos.uno\/index.php?rest_route=\/wp\/v2\/media\/515"}],"wp:attachment":[{"href":"https:\/\/lobos.uno\/index.php?rest_route=%2Fwp%2Fv2%2Fmedia&parent=372"}],"wp:term":[{"taxonomy":"product_brand","embeddable":true,"href":"https:\/\/lobos.uno\/index.php?rest_route=%2Fwp%2Fv2%2Fproduct_brand&post=372"},{"taxonomy":"product_cat","embeddable":true,"href":"https:\/\/lobos.uno\/index.php?rest_route=%2Fwp%2Fv2%2Fproduct_cat&post=372"},{"taxonomy":"product_tag","embeddable":true,"href":"https:\/\/lobos.uno\/index.php?rest_route=%2Fwp%2Fv2%2Fproduct_tag&post=372"}],"curies":[{"name":"wp","href":"https:\/\/api.w.org\/{rel}","templated":true}]}}