{"id":374,"date":"2025-04-20T15:16:55","date_gmt":"2025-04-20T13:16:55","guid":{"rendered":"http:\/\/3.23.22.20\/?post_type=product&#038;p=374"},"modified":"2025-04-20T15:18:00","modified_gmt":"2025-04-20T13:18:00","slug":"golden-eagle-10-5-m4-ar-15-rifle-mc6590m-gbbr","status":"publish","type":"product","link":"https:\/\/lobos.uno\/?product=golden-eagle-10-5-m4-ar-15-rifle-mc6590m-gbbr","title":{"rendered":"GOLDEN EAGLE 10.5&#8243; M4\/AR-15 RIFLE MC6590M GBBR"},"content":{"rendered":"<p><a href=\"https:\/\/tiktok.com\/@nordicos.shop\"><b>Descripci\u00f3n:<\/b><\/a><\/p>\n<p><strong>Basado en el sistema <a href=\"\/categoria-producto\/airsoft\">GBBR de Western Arms<\/a> pero mejorado con un martillo de acero, un perno de acero, un ca\u00f1\u00f3n interno de 6.02 mm y compatibilidad de caucho de ca\u00f1\u00f3n interno\/HOP-up AEG, el Golden Eagle 10.5&#8243; M4\/AR-15 Rifle MC6590M GBBR le da una ventaja en las actualizaciones esenciales que la mayor\u00eda de los GBBR necesitan para seguir funcionando a largo plazo.<\/strong><\/p>\n<p>En el exterior, el MC6591M ya est\u00e1 equipado como una pieza personalizada y cuenta con un dise\u00f1o de receptor \u00fanico, un forend M-LOK ligero y \u00e1gil y un agresivo dispositivo de boca multipuerto, \u00a1haci\u00e9ndolo destacar por algo m\u00e1s que su asombroso retroceso!<\/p>\n<p>Comenzando en la punta del ca\u00f1\u00f3n, podemos encontrar un freno de boca de aleaci\u00f3n retenido por un tornillo de agarre, que proporciona un aspecto moderno y agresivo al extremo comercial del rifle. El freno de boca se puede cambiar f\u00e1cilmente por un supresor, unidad <a href=\"\/categoria-producto\/accesorios\">trazadora<\/a> o un dispositivo de boca alternativo de su elecci\u00f3n gracias a las roscas macho CCW comunes de 14 mm en la punta del barril exterior de aleaci\u00f3n. El barril exterior tiene una longitud total de 10.5 pulgadas, lo que lo convierte en una plataforma fant\u00e1stica para uso en exteriores, pero a\u00fan utilizable en todos los sitios de CQB menos en los m\u00e1s estrechos.<\/p>\n<p>El protector de mano de 9,5 pulgadas sigue poco despu\u00e9s del dispositivo de boca, con ranuras de fijaci\u00f3n M-LOK en las posiciones de las 3, 6 y 9 en punto, con atractivos respiraderos hexagonales a lo largo de la parte superior junto con longitudes cortas de riel Picatinny de 20 mm en la parte delantera y trasera. El uso de M-LOK permite montar directamente los accesorios m\u00e1s modernos, las empu\u00f1aduras verticales y las cubiertas de rieles, pero si tiene accesorios de 20 mm que prefiere, a\u00fan puede montarlos con adaptadores de riel de 20 mm para M-LOK.<\/p>\n<p>Las secciones de riel Picatinny de 20 mm en la parte delantera y trasera del protector de mano sirven para proporcionar un espacio para que se instalen las miras de hierro abatibles incluidas y alarguen el riel receptor, proporciona mucho espacio de fijaci\u00f3n para vistas \u00f3pticas m\u00e1s largas, unidades l\u00e1ser PEQ y combos de punto rojo y lupa. Las vistas de hierro en s\u00ed funcionan como vistas de hierro que mejoran la luz abierta, perfectas para situaciones de poca luz y vistas de apertura de altura de rifle est\u00e1ndar cuando se encienden. Para desplegar las vistas, simplemente presione hacia abajo las pesta\u00f1as a cada lado de cada vista, despu\u00e9s de lo cual cada una aparecer\u00e1 bajo tensi\u00f3n de resorte. Cuando se voltea hacia arriba, la configuraci\u00f3n de apertura es totalmente ajustable tanto para el devanado como para la elevaci\u00f3n.<\/p>\n<p>El ajustador rotativo HOP se puede encontrar en la parte inferior del barril exterior y es accesible cuando se ha retirado el protector de mano M-LOK, o a trav\u00e9s de los puertos en la parte inferior del protector de mano utilizando una peque\u00f1a herramienta. A diferencia del Western Arms M4A1 GBBR original en el que se basa, la unidad HOP-up del Golden Eagle MC6590M es compatible con cauchos HOP-up de especificaciones AEG y barriles internos. \u00a1Esto hace que la actualizaci\u00f3n sea s\u00faper f\u00e1cil en comparaci\u00f3n con el abastecimiento de piezas de especificaciones WA; un toque encantador de Golden Eagle que muestra que les importa!<\/p>\n<p>El receptor del MC6590M es una desviaci\u00f3n radical de cualquier otro AR, con un redise\u00f1o \u00fanico de la silueta del receptor AR y controles ambidiestros extendidos. El \u00e1ngulo del pozo de la revista ha cambiado por completo, con un mont\u00f3n de material eliminado del receptor AR est\u00e1ndar que resulta en una sensaci\u00f3n ligera y \u00e1gil y un aspecto din\u00e1mico y moderno.<\/p>\n<p>Alrededor del selector de incendios hay a\u00fan m\u00e1s reducci\u00f3n de peso en forma de huecos en el dise\u00f1o del receptor, manteniendo el material innecesario a un m\u00ednimo absoluto. Un buen toque de realismo que se suma a los looks personalizados es la inclusi\u00f3n de lo que se conoce como enlaces de pines antirrotaci\u00f3n. Estos se unen a los dos pines que mantienen las partes del grupo de gatillo en su lugar y evitan que salgan o giren bajo retroceso.<\/p>\n<p>Todos los controles en el MC6590M son extendidos, ambidiestros o ambos. El lanzamiento de la revista se coloca a ambos lados de la revista, y ambos botones son absolutamente masivos, lo que significa que nunca se perder\u00e1 el lanzamiento de la revista en el calor de un tiroteo. La secci\u00f3n m\u00e1s baja de esta palanca de estilo sierra tambi\u00e9n se puede presionar hacia abajo cuando el mango de carga se retiene para bloquear el perno en la posici\u00f3n abierta.<\/p>\n<p>El selector de incendios tambi\u00e9n se agranda y se coloca a cada lado, haciendo que sea f\u00e1cil de usar tanto para tiradores zurdos como diestros y dando a aquellos que usan transiciones hombro con hombro las mejoras que necesitan para hacer el mejor uso de la cubierta circundante en CQB. Al igual que el verdadero AR15, este rifle no se puede colocar en SAFE cuando el martillo no est\u00e1 engarzado, por lo que si desea poner su rifle en caja fuerte, entonces, por favor, no fuerce el interruptor selector; si no se mueve, el rifle probablemente no est\u00e9 inclinado. El lanzamiento de 90 grados del selector AR est\u00e1ndar permanece, pero por lo dem\u00e1s, este selector es un gran paso adelante y mucho m\u00e1s f\u00e1cil de usar en climas h\u00famedos o cuando se usan guantes gruesos.<\/p>\n<p>La manija de carga se encuentra en la parte trasera superior del receptor, como podr\u00edamos esperar, pero aquellos que no est\u00e1n familiarizados con los GBBR pueden no esperar que esto deba extraerse para cargar el primer BB, al igual que un AR real. El mango de carga tambi\u00e9n es ambidiestro y se puede accionar desde ambos lados, encajando muy bien con los otros controles ambi en el MC6590M.<\/p>\n<p>En el lado izquierdo del receptor, smack bang en el centro tenemos la captura de liberaci\u00f3n de perno que se ampl\u00eda significativamente en comparaci\u00f3n con la captura est\u00e1ndar de estilo paleta de ping pong AR y tambi\u00e9n tiene textura piramidal en la superficie. La captura del perno es lo que sostiene el perno hacia atr\u00e1s cuando ha disparado su \u00faltimo BB, y tambi\u00e9n permite que el perno se devuelva a la bater\u00eda despu\u00e9s de insertar un nuevo cargador. La naturaleza ampliada de la captura del perno hace que las recargas sean mucho m\u00e1s f\u00e1ciles, especialmente con poca luz, lo que le permite golpear una revista a casa y golpear la captura como un profesional, \u00a1incluso si est\u00e1s temblando de adrenalina!<\/p>\n<p>Al ser un GBBR, el receptor no contiene una caja de cambios, lo que significa que es pr\u00e1cticamente escala 1:1 con lo real. Esto da como resultado una sensaci\u00f3n delgada para el rifle y un agarre de pistola positivamente delgado, marcando esto como un GBBR y haciendo que sea realmente dif\u00edcil distinguirlo de un AR real. Obviamente, esto no lo hace mejor o peor para la escaramuza, pero si usted es como nosotros y aprecia la atenci\u00f3n al detalle y la fidelidad al art\u00edculo real, sentir\u00e1s una extra\u00f1a sensaci\u00f3n de satisfacci\u00f3n manejando a este chico malo.<\/p>\n<p>Otra pista de que se trata de un GBBR se puede ver cuando revisa el portador del perno a trav\u00e9s del puerto de expulsi\u00f3n en el lado derecho. Este portador es mucho m\u00e1s detallado que las placas de perno simuladas presentes en AEGs y es uno de esos detalles que realmente eleva las r\u00e9plicas GBBR por encima de todas las dem\u00e1s cuando se trata de realismo.<\/p>\n<p>Integrado en el receptor tenemos un protector de gatillo ampliado y reducido en peso, mejorando la resistencia en comparaci\u00f3n con la configuraci\u00f3n de protecci\u00f3n de gatillo modular AR est\u00e1ndar al tiempo que agrega un exceso de peso m\u00ednimo. El protector del gatillo tiene mucho espacio dentro para los guantes de dedo completo, por lo que no necesita arriesgar sus d\u00edgitos en el juego, \u00a1incluso si tiene dedos de salchicha!<\/p>\n<p>La empu\u00f1adura de pistola del MC6590M es un dise\u00f1o ergon\u00f3mico con textura profunda en su superficie junto con repisas de pulgar en cada lado, proporcionando una sensaci\u00f3n c\u00f3moda para la mayor\u00eda de los tama\u00f1os de mano. El agarre tambi\u00e9n tiene un tama\u00f1o realista y es compatible con cualquier agarre de pistola para el sistema WA o G&amp;P GBBR, y agarres AR15 reales con modificaciones menores. El pol\u00edmero utilizado para el agarre es agradable y grueso, con una textura superficial de alta calidad y sin movimiento ni flexi\u00f3n alguna.<\/p>\n<p>En la parte trasera del receptor, podemos encontrar un tubo amortiguador M4\/AR-15 de 6 posiciones, con un stock de gr\u00faa montado en \u00e9l. Este tubo de amortiguaci\u00f3n es compatible con cualquier stock de M4\/AR15 del mercado de accesorios dise\u00f1ado para un AEG, as\u00ed como con existencias de acero reales dise\u00f1adas para tubos de amortiguaci\u00f3n \u00abMilspec. El receptor est\u00e1 cerrado con una placa receptora lisa, pero esto se puede reemplazar con placas de eslinga dise\u00f1adas para los GBBR de Airsoft. Tenga en cuenta; las placas de honda AEG no son compatibles con este rifle.<\/p>\n<p>El stock de gr\u00faa montado en el MC6590M tiene una palanca de ajuste de perfil bajo, lo que reduce las posibilidades de un enganche y presenta puntos de eslinga QD a cada lado, que se puede utilizar junto con un soporte de eslinga M-LOK o Picatinny de 20 mm (no incluido) para unir una eslinga de 2 o 3 puntos. \u00a1La placa de tope est\u00e1 de goma y cuenta con un control lineal profundo para garantizar que el rifle permanezca firmemente en su hombro bajo las intensas fuerzas de retroceso de este GBBR, independientemente de las inclemencias del tiempo!<\/p>\n<p>El MC6590M se basa en el dise\u00f1o GBBR de Western Arms, el GBBR original; ampliamente considerado por muchos como el sistema GBBR m\u00e1s realista que existe. Las partes de control de fuego del rifle son una imagen escupidora del AR real, incluso hasta la forma del martillo en s\u00ed. Mientras estamos en el tema del martillo, usted estar\u00e1 encantado de saber que est\u00e1 hecho de acero, ahorr\u00e1ndole dinero en la actualizaci\u00f3n de una de las partes de alto desgaste de este sistema interno.<\/p>\n<p>El portador de pernos tiene un tama\u00f1o realista y tiene mucho peso, lo que le da a este rifle su retroceso. Una de las debilidades de los GBBR en general tiende a ser su captura de pernos, que finalmente desaparece y deja de funcionar. Golden Eagle se ha encargado de esto, proporcionando una captura de perno de acero directamente de la caja. Este GBBR es compatible con revistas de Western Arms, revistas G&amp;P WOC y cualquier otra revista GBBR dise\u00f1ada para el sistema WA, aunque funcionar\u00e1 mejor con Revistas de la marca Golden Eagle.<\/p>\n<p>Si el realismo es tu m\u00e1xima prioridad y est\u00e1s feliz de trabajar muy duro para competir con las masas de usuarios de AEG y HPA, el Golden Eagle 10.5&#8243; M4\/AR-15 Rifle MC6590M GBBR te mantendr\u00e1 sonriendo. Su impresionante retroceso, dram\u00e1ticas nubes de gas que salen del puerto de expulsi\u00f3n y ese momento tan satisfactorio en el que arrancas una recarga r\u00e1pida y golpeas el cerrojo como un profesional es lo que hace que un GBBR \u00a1vale la pena la pr\u00e1ctica adicional, la paciencia y el mantenimiento necesarios para ejecutar uno!<\/p>\n<p>Caracter\u00edsticas<\/p>\n<p>Construcci\u00f3n met\u00e1lica completa<\/p>\n<p>Rifle de Soplado de Gas &#8211; Muy realista pero requiere mantenimiento y manejo cuidadoso (ver Instrucciones Especiales)<\/p>\n<p>6.02mm Tightbore barril interior &#8211; Potencial de precisi\u00f3n impresionante<\/p>\n<p>14mm CCW Barril exterior roscado macho &#8211; Listo para unidades trazadoras o supresores<\/p>\n<p>Compatible con barriles internos est\u00e1ndar AEG y cubos HOP-up: las actualizaciones son f\u00e1ciles de encontrar<\/p>\n<p>CNC Aluminio M-LOK guardamanos &#8211; Listo para Accesorios M-LOK o adaptadores M-LOK a 20 mm<\/p>\n<p>20mm Picatinny receptor de rieles: listo para una mira de punto rojo o alcance de rifle<\/p>\n<p>Vistas de hierro abatible: vista de apertura cuando se eleva, luz que mejora la vista abierta cuando se guarda<\/p>\n<p>Manual realista de brazos: tire de la manija de carga para cargar la primera ronda, golpee la captura del perno para liberar el perno<\/p>\n<p>Mango de carga ambidiestro: accesible para tiradores zurdos y diestros<\/p>\n<p>Captura de liberaci\u00f3n de pernos agrandados: construcci\u00f3n de acero, realmente f\u00e1cil de encontrar bajo presi\u00f3n<\/p>\n<p>Lanzamiento extendido de la revista ambidextrous: hace que las recargas r\u00e1pidas sean realmente f\u00e1ciles, ya sea zurdo o diestro<\/p>\n<p>Enlaces de pasador antirrotaci\u00f3n preinstalados: evita que los pasadores del grupo de gatillo caminen bajo retroceso<\/p>\n<p>Selector de fuego ambidiestro mejorado: a izquierda y derecha, superficies texturizadas extendidas para un agarre \u00f3ptimo<\/p>\n<p>\u00c1ngulo de pozo de la revista redise\u00f1ada: le da un aspecto personalizado, reduce el peso y facilita la extracci\u00f3n de la revista<\/p>\n<p>Protector de gatillo ampliado: f\u00e1cil acceso al gatillo con o sin guantes<\/p>\n<p>Tubo amortiguador de 6 posiciones M4\/AR-15 &#8211; Compatible con las existencias deslizantes M4\/AR-15 del mercado de accesorios<\/p>\n<p>Gr\u00faa preinstalada &#8211; C\u00f3moda p\u00f3mulo inclinado, placa de goma de goma<\/p>\n<p>Agarre de pistola ergon\u00f3mico texturizado: c\u00f3modo y de tama\u00f1o realista, mucho m\u00e1s delgado que los agarres AEG<\/p>\n<p>Punto de eslinga QD ambidiestro en stock &#8211; Listo para una eslinga giratoria QD<\/p>\n<p>Los puntos de eslinga QD delanteros no son funcionales &#8211; Solo para est\u00e9tica, agregue un punto de eslinga del mercado de accesorios para el uso de eslinga de dos puntos<\/p>\n<p>Compatible con Western Arms\/G&amp;P WOC system GBBR magazines &#8211; Repuestos Golden Eagle revista.<\/p>\n<p>El paquete incluye<\/p>\n<p>Golden Eagle 10.5\u00bb M4\/AR-15 Rifle MC6590M GBBR<\/p>\n<p>50rnd Green Gas Magazine (Sistema WA\/G&amp;P)<\/p>\n<p>Manual de usuario<\/p>\n<p>Varilla de limpieza<\/p>\n<p>Instrucciones Especiales<\/p>\n<p>Este es un Rifle de Soplado de Gas. Los GBBR requieren mantenimiento y manejo cuidadoso y no los recomendamos para los nuevos.<\/p>\n","protected":false},"excerpt":{"rendered":"<p>Descripci\u00f3n: Basado en el sistema GBBR de Western Arms pero mejorado con un martillo de acero, un perno de acero, un ca\u00f1\u00f3n interno de 6.02 mm y compatibilidad de caucho de ca\u00f1\u00f3n interno\/HOP-up AEG, el Golden Eagle 10.5&#8243; M4\/AR-15 Rifle MC6590M GBBR le da una ventaja en las actualizaciones esenciales que la mayor\u00eda de los [&hellip;]<\/p>\n","protected":false},"featured_media":524,"comment_status":"open","ping_status":"closed","template":"","meta":[],"product_brand":[],"product_cat":[51],"product_tag":[],"class_list":{"0":"post-374","1":"product","2":"type-product","3":"status-publish","4":"has-post-thumbnail","6":"product_cat-rifles-airsoft","8":"first","9":"instock","10":"shipping-taxable","11":"purchasable","12":"product-type-simple"},"_links":{"self":[{"href":"https:\/\/lobos.uno\/index.php?rest_route=\/wp\/v2\/product\/374","targetHints":{"allow":["GET"]}}],"collection":[{"href":"https:\/\/lobos.uno\/index.php?rest_route=\/wp\/v2\/product"}],"about":[{"href":"https:\/\/lobos.uno\/index.php?rest_route=\/wp\/v2\/types\/product"}],"replies":[{"embeddable":true,"href":"https:\/\/lobos.uno\/index.php?rest_route=%2Fwp%2Fv2%2Fcomments&post=374"}],"wp:featuredmedia":[{"embeddable":true,"href":"https:\/\/lobos.uno\/index.php?rest_route=\/wp\/v2\/media\/524"}],"wp:attachment":[{"href":"https:\/\/lobos.uno\/index.php?rest_route=%2Fwp%2Fv2%2Fmedia&parent=374"}],"wp:term":[{"taxonomy":"product_brand","embeddable":true,"href":"https:\/\/lobos.uno\/index.php?rest_route=%2Fwp%2Fv2%2Fproduct_brand&post=374"},{"taxonomy":"product_cat","embeddable":true,"href":"https:\/\/lobos.uno\/index.php?rest_route=%2Fwp%2Fv2%2Fproduct_cat&post=374"},{"taxonomy":"product_tag","embeddable":true,"href":"https:\/\/lobos.uno\/index.php?rest_route=%2Fwp%2Fv2%2Fproduct_tag&post=374"}],"curies":[{"name":"wp","href":"https:\/\/api.w.org\/{rel}","templated":true}]}}