{"id":375,"date":"2025-04-20T15:16:55","date_gmt":"2025-04-20T13:16:55","guid":{"rendered":"http:\/\/3.23.22.20\/?post_type=product&#038;p=375"},"modified":"2026-02-12T22:35:06","modified_gmt":"2026-02-12T21:35:06","slug":"arp-9-aeg-m4-gg-negra","status":"publish","type":"product","link":"https:\/\/lobos.uno\/?product=arp-9-aeg-m4-gg-negra","title":{"rendered":"ARP 9 AEG M4 G&#038;G NEGRA"},"content":{"rendered":"<p><a href=\"https:\/\/tiktok.com\/@nordicos.shop\"><strong>REPLICA AEG M4 G&amp;G ARP 9 AMBER NEGRA Y NARANJA<\/strong><\/a><\/p>\n<p><strong>G&amp;G ha realizado un trabajo excepcional durante a\u00f1os con su gama CM16, pero en este caso se han superado consiguiendo una r\u00e9plica realmente corta pero que sorprende nada m\u00e1s sacarla de la caja. <\/strong><\/p>\n<p>Su robustez de la ARP 9 AEG M4 G&amp;G contrasta con el bajo peso y cuando la probamos observamos una gran precisi\u00f3n y alcance, donde acertar a blancos peque\u00f1os a 40-50m es realmente sencillo y c\u00f3modo. Sin duda es una r\u00e9plica de Airsoft id\u00f3nea para jugadores noveles que buscan algo c\u00f3modo y compacto y para jugadores experimentados que buscan un complemento a sus fusiles de asalto mas largos.<\/p>\n<p><strong>Esta <a href=\"\/categoria-producto\/airsoft\">G&amp;G ARP9<\/a> es una de las mejores elecciones actuales tanto para juego de tipo CQB como para distancias medias.\u00a0<\/strong><\/p>\n<p>Tipo r\u00e9plica: fusil de asalto corto<\/p>\n<p>Serie r\u00e9plica: M4<\/p>\n<p>Material cuerpo: pol\u00edmero reforzado de alto rendimiento<\/p>\n<p>Material guardamanos: aluminio anodizado en negro y mecanizado en CNC<\/p>\n<p>Culata: ajustable<\/p>\n<p>Ra\u00edles: picatinny<\/p>\n<p>Tipo bater\u00eda recomendada: Lipo de 11.1V<\/p>\n<p>Modelos recomendados de bater\u00eda: OPCI\u00d3N 1<\/p>\n<p>Blowback: no<\/p>\n<p>Recoil: no<\/p>\n<p>Mosfet: si<\/p>\n<p>Gatillo electr\u00f3nico: si<\/p>\n<p>Rodamientos: 8mm<\/p>\n<p>FPS aprox: 315 (comprobamos cada unidad y le cambiamos el muelle si es necesario para conseguir un valor correcto en julios y FPS. Algunas unidades al tener un ca\u00f1\u00f3n tan corto y vienen con un muelle duro de f\u00e1brica, se pasan de 350 FPS y 1.14J. En Hobby Expert solucionamos esto gratuitamente)<\/p>\n<p>Ca\u00f1\u00f3n: 6.08mm di\u00e1metro y 128mm longitud<\/p>\n<p>Gu\u00eda de muelle met\u00e1lica<\/p>\n<p>Cableado: 18AWG<\/p>\n<p>Longitud: 497mm<\/p>\n<p>Peso: 2000gr<\/p>\n<p>Color: negro y naranja<\/p>\n<p>Usa cargadores de subfusil de 9mm<\/p>\n<p>incluye cargador Hi-Cap de pol\u00edmero, varilla desatascadora y manual<\/p>\n","protected":false},"excerpt":{"rendered":"<p>REPLICA AEG M4 G&amp;G ARP 9 AMBER NEGRA Y NARANJA G&amp;G ha realizado un trabajo excepcional durante a\u00f1os con su gama CM16, pero en este caso se han superado consiguiendo una r\u00e9plica realmente corta pero que sorprende nada m\u00e1s sacarla de la caja. Su robustez de la ARP 9 AEG M4 G&amp;G contrasta con el [&hellip;]<\/p>\n","protected":false},"featured_media":534,"comment_status":"open","ping_status":"closed","template":"","meta":[],"product_brand":[],"product_cat":[52],"product_tag":[],"class_list":{"0":"post-375","1":"product","2":"type-product","3":"status-publish","4":"has-post-thumbnail","6":"product_cat-fusil-airsoft","8":"first","9":"instock","10":"purchasable","11":"product-type-simple"},"_links":{"self":[{"href":"https:\/\/lobos.uno\/index.php?rest_route=\/wp\/v2\/product\/375","targetHints":{"allow":["GET"]}}],"collection":[{"href":"https:\/\/lobos.uno\/index.php?rest_route=\/wp\/v2\/product"}],"about":[{"href":"https:\/\/lobos.uno\/index.php?rest_route=\/wp\/v2\/types\/product"}],"replies":[{"embeddable":true,"href":"https:\/\/lobos.uno\/index.php?rest_route=%2Fwp%2Fv2%2Fcomments&post=375"}],"wp:featuredmedia":[{"embeddable":true,"href":"https:\/\/lobos.uno\/index.php?rest_route=\/wp\/v2\/media\/534"}],"wp:attachment":[{"href":"https:\/\/lobos.uno\/index.php?rest_route=%2Fwp%2Fv2%2Fmedia&parent=375"}],"wp:term":[{"taxonomy":"product_brand","embeddable":true,"href":"https:\/\/lobos.uno\/index.php?rest_route=%2Fwp%2Fv2%2Fproduct_brand&post=375"},{"taxonomy":"product_cat","embeddable":true,"href":"https:\/\/lobos.uno\/index.php?rest_route=%2Fwp%2Fv2%2Fproduct_cat&post=375"},{"taxonomy":"product_tag","embeddable":true,"href":"https:\/\/lobos.uno\/index.php?rest_route=%2Fwp%2Fv2%2Fproduct_tag&post=375"}],"curies":[{"name":"wp","href":"https:\/\/api.w.org\/{rel}","templated":true}]}}