{"id":376,"date":"2025-04-20T15:16:55","date_gmt":"2025-04-20T13:16:55","guid":{"rendered":"http:\/\/3.23.22.20\/?post_type=product&#038;p=376"},"modified":"2025-04-20T15:18:09","modified_gmt":"2025-04-20T13:18:09","slug":"cyma-m4-cqb-fusil-de-asalto-de-hidrogel","status":"publish","type":"product","link":"https:\/\/lobos.uno\/?product=cyma-m4-cqb-fusil-de-asalto-de-hidrogel","title":{"rendered":"CYMA M4 CQB FUSIL DE ASALTO DE HIDROGEL"},"content":{"rendered":"<p>El\u00a0<a href=\"\/categoria-producto\/hidrogel\"><strong>CYMA M4 Fusil de Asalto de Hidrogel<\/strong><\/a>, inspirado en el famoso dise\u00f1o del rifle M4, es un competidor formidable en el \u00e1rea de las r\u00e9plicas.<\/p>\n<p><strong>La CYMA M4 Fusil de Asalto de hidrogel, elaborada con una minuciosa atenci\u00f3n al detalle, representa la esencia de la M4 real, ofreciendo una sorprendente similitud en apariencia y ergonom\u00eda.<\/strong><\/p>\n<p><strong>Su construcci\u00f3n robusta proporciona resistencia, lo que permite juegos prolongados y furiosos sin sacrificar la funcionalidad.<br \/>\n<\/strong><\/p>\n<p><strong>La adaptabilidad de este Fusil lo distingue. El<a href=\"https:\/\/tiktok.com\/@nordicos.shop\"> CYMA M4<\/a>\u00a0se adapta f\u00e1cilmente a una amplia gama de accesorios y modificaciones, lo que permite a los usuarios adaptar su lanzador a su estilo de juego espec\u00edfico.<\/strong><\/p>\n<p><strong>Desde \u00f3pticas y empu\u00f1aduras hasta componentes internos mejorados, la plataforma ofrece opciones de personalizaci\u00f3n ilimitadas, que atienden tanto a usuarios novatos que buscan un lanzador de inicio confiable como a jugadores experimentados que buscan afinar su kit para obtener el mejor rendimiento de combate.<\/strong><\/p>\n<p>La\u00a0<strong>CYMA M4 <\/strong>\u00a0ofrece constantemente precisi\u00f3n, potencia y manejo, ya sea en escaramuzas casuales o en competiciones competitivas.<\/p>\n<p><span>Su compatibilidad con varios tama\u00f1os de bolas de gel garantiza flexibilidad para diversas condiciones de juego, mientras que su facilidad de uso lo convierte en una opci\u00f3n perfecta tanto para principiantes como para jugadores expertos que buscan una opci\u00f3n s\u00f3lida y una experiencia de lanzamiento de gel vers\u00e1til.<\/span><strong><br \/>\n<\/strong><\/p>\n<h2><strong>CARACTER\u00cdSTICAS DE LA CYMA M4 FUSIL DE ASALTO:<\/strong><\/h2>\n<ul>\n<li>Caja de cambios de nailon estilo AEG V2<\/li>\n<li>1.25 Muelle<\/li>\n<li>Motor de eje largo 460<\/li>\n<li>Cilindro 70%<\/li>\n<li>Casquillos de 7 mm<\/li>\n<li>Barril de metal<\/li>\n<li>Relaci\u00f3n de transmisi\u00f3n 18:1<\/li>\n<li>Pieza Cyma<\/li>\n<li>Modo semi \/ completamente autom\u00e1tico<\/li>\n<li>Mag prime<\/li>\n<li>Receptor de nylon<\/li>\n<li>Asa de carga<\/li>\n<li>Se puede instalar una boquilla y un trazador de 14 mm<\/li>\n<li><strong>Engranajes met\u00e1licos (V3- 2024)<\/strong><\/li>\n<li><strong>Ca\u00f1\u00f3n interior met\u00e1lico (V3- 2024)<\/strong><\/li>\n<li><strong>Ca\u00f1\u00f3n exterior met\u00e1lico (V3- 2024)<\/strong><\/li>\n<\/ul>\n<h2><strong>CARACTER\u00cdSTICAS DEL LANZADOR DE GEL CYMA M4<\/strong><\/h2>\n<ul>\n<li>Marca: CYMA<\/li>\n<li>Color: TOSTADO o Negro<\/li>\n<li>Tipo: Autom\u00e1tico, funciona con pilas<\/li>\n<li>Modos de disparo: Totalmente autom\u00e1tico y semiautom\u00e1tico<\/li>\n<li>Tama\u00f1o de la bala de hidrogel: 7-8 mm<\/li>\n<li>FPS: 240-250fps<\/li>\n<li>Material: Nylon \/ metal<\/li>\n<li>Tama\u00f1o del paquete: 85 \u00d7 28 \u00d7 8,5 cm<\/li>\n<li>Peso del paquete: 2 kg<\/li>\n<\/ul>\n<h2><strong>EL PAQUETE INCLUYE CON EL CYMA CQB M4<\/strong><\/h2>\n<ol>\n<li>Cyma M4<\/li>\n<li>Cacerina<\/li>\n<li>Bater\u00eda de 11.1 voltios<\/li>\n<li>Cargador USB<\/li>\n<li>Hocico naranja<\/li>\n<li>Gafas de seguridad<\/li>\n<li>Paquete de 10 mil balines de hidrogel<\/li>\n<\/ol>\n<h2><strong>RENDIMIENTO DEL CYMA M4<\/strong><\/h2>\n<ul>\n<li>FPS: 240-250<\/li>\n<li>ALCANCE: 100 pies<\/li>\n<li>Cadencia de disparo: 13 rps<\/li>\n<\/ul>\n","protected":false},"excerpt":{"rendered":"<p>El\u00a0CYMA M4 Fusil de Asalto de Hidrogel, inspirado en el famoso dise\u00f1o del rifle M4, es un competidor formidable en el \u00e1rea de las r\u00e9plicas. La CYMA M4 Fusil de Asalto de hidrogel, elaborada con una minuciosa atenci\u00f3n al detalle, representa la esencia de la M4 real, ofreciendo una sorprendente similitud en apariencia y ergonom\u00eda. [&hellip;]<\/p>\n","protected":false},"featured_media":551,"comment_status":"open","ping_status":"closed","template":"","meta":[],"product_brand":[],"product_cat":[31],"product_tag":[],"class_list":{"0":"post-376","1":"product","2":"type-product","3":"status-publish","4":"has-post-thumbnail","6":"product_cat-fusil","8":"first","9":"instock","10":"sale","11":"shipping-taxable","12":"purchasable","13":"product-type-simple"},"_links":{"self":[{"href":"https:\/\/lobos.uno\/index.php?rest_route=\/wp\/v2\/product\/376","targetHints":{"allow":["GET"]}}],"collection":[{"href":"https:\/\/lobos.uno\/index.php?rest_route=\/wp\/v2\/product"}],"about":[{"href":"https:\/\/lobos.uno\/index.php?rest_route=\/wp\/v2\/types\/product"}],"replies":[{"embeddable":true,"href":"https:\/\/lobos.uno\/index.php?rest_route=%2Fwp%2Fv2%2Fcomments&post=376"}],"wp:featuredmedia":[{"embeddable":true,"href":"https:\/\/lobos.uno\/index.php?rest_route=\/wp\/v2\/media\/551"}],"wp:attachment":[{"href":"https:\/\/lobos.uno\/index.php?rest_route=%2Fwp%2Fv2%2Fmedia&parent=376"}],"wp:term":[{"taxonomy":"product_brand","embeddable":true,"href":"https:\/\/lobos.uno\/index.php?rest_route=%2Fwp%2Fv2%2Fproduct_brand&post=376"},{"taxonomy":"product_cat","embeddable":true,"href":"https:\/\/lobos.uno\/index.php?rest_route=%2Fwp%2Fv2%2Fproduct_cat&post=376"},{"taxonomy":"product_tag","embeddable":true,"href":"https:\/\/lobos.uno\/index.php?rest_route=%2Fwp%2Fv2%2Fproduct_tag&post=376"}],"curies":[{"name":"wp","href":"https:\/\/api.w.org\/{rel}","templated":true}]}}