{"id":377,"date":"2025-04-20T15:16:55","date_gmt":"2025-04-20T13:16:55","guid":{"rendered":"http:\/\/3.23.22.20\/?post_type=product&#038;p=377"},"modified":"2025-04-20T15:18:11","modified_gmt":"2025-04-20T13:18:11","slug":"kriss-vector-v2-subfusil-compacto-de-hidrogel","status":"publish","type":"product","link":"https:\/\/lobos.uno\/?product=kriss-vector-v2-subfusil-compacto-de-hidrogel","title":{"rendered":"KRISS VECTOR V2 SUBFUSIL COMPACTO DE HIDROGEL"},"content":{"rendered":"<p>El KRISS VECTOR V2 SUBFUSIL COMPACTO DE HIDROGEL \u00a0cuenta con tres modos de disparo diferentes: disparo \u00fanico, full auto y r\u00e1faga.<\/p>\n<p>Esta arma est\u00e1 fabricada con materiales de alta calidad y viene muy completa.<\/p>\n<p><a href=\"\/categoria-producto\/hidrogel\">BALAS DE HIDROGEL<\/a> (ORBEEZ)<\/p>\n<p>Las balas de hidrogel incluidas <strong>deben remojarse en el agua durante 2-3 horas, tras lo cual se expandir\u00e1n.<\/strong> Cuando las balas de hidrogel se hayan expandido por completo, podr\u00e1 llenar el cargador y \u00a1disparar!<\/p>\n<p><strong>ECOL\u00d3GICO<\/strong><\/p>\n<p>\u00c9stas balas de hidrogel estallan con el impacto y luego se disuelven solas. <strong>Bueno para el medio ambiente y f\u00e1cil para usted, \u00a1ya que no tiene que limpiar nada usted mismo! As\u00ed tendr\u00e1 a\u00fan m\u00e1s tiempo para jugar.<\/strong><\/p>\n<p><strong>SEGURIDAD<\/strong><\/p>\n<p>Como el KRISS VECTOR V2 SUBFUSIL COMPACTO DE HIDROGEL dispara balas de Hidrogel que contienen un 95% de agua, no tendr\u00e1 que preocuparse por los moretones.<\/p>\n<p>Las bolas de hidrogel explotar\u00e1n al contacto y no dejar\u00e1n ning\u00fan da\u00f1o. Aun as\u00ed, es muy importante no apuntar a los dem\u00e1s y llevar siempre gafas de seguridad. Estas gafas se incluyen de serie con todos nuestras r\u00e9plicas de hidrogel.<\/p>\n<p><strong>\u00bfQU\u00c9 HAY EN LA CAJA?<\/strong><\/p>\n<p>KRISS VECTOR V2 SUBFUSIL COMPACTO DE HIDROGEL<\/p>\n<p>10.000 Bolas de Gel<\/p>\n<p>Almac\u00e9n de municiones<\/p>\n<p>Suppressor<\/p>\n<p>Muzzle<\/p>\n<p>Scope<\/p>\n<p>Iron sights<\/p>\n<p>Foregrip<\/p>\n<p>Buttstock (Ajustable)<\/p>\n<p>Laser<\/p>\n<p>Linterna<\/p>\n<p>2x Llave Allen<\/p>\n<p>Botella de almacenamiento<\/p>\n<p>Bater\u00eda recargable de litio de 11.1v<\/p>\n<p>Cable de carga USB<\/p>\n","protected":false},"excerpt":{"rendered":"<p>El KRISS VECTOR V2 SUBFUSIL COMPACTO DE HIDROGEL \u00a0cuenta con tres modos de disparo diferentes: disparo \u00fanico, full auto y r\u00e1faga. Esta arma est\u00e1 fabricada con materiales de alta calidad y viene muy completa. BALAS DE HIDROGEL (ORBEEZ) Las balas de hidrogel incluidas deben remojarse en el agua durante 2-3 horas, tras lo cual se [&hellip;]<\/p>\n","protected":false},"featured_media":558,"comment_status":"open","ping_status":"closed","template":"","meta":[],"product_brand":[],"product_cat":[31],"product_tag":[],"class_list":{"0":"post-377","1":"product","2":"type-product","3":"status-publish","4":"has-post-thumbnail","6":"product_cat-fusil","8":"first","9":"instock","10":"shipping-taxable","11":"purchasable","12":"product-type-simple"},"_links":{"self":[{"href":"https:\/\/lobos.uno\/index.php?rest_route=\/wp\/v2\/product\/377","targetHints":{"allow":["GET"]}}],"collection":[{"href":"https:\/\/lobos.uno\/index.php?rest_route=\/wp\/v2\/product"}],"about":[{"href":"https:\/\/lobos.uno\/index.php?rest_route=\/wp\/v2\/types\/product"}],"replies":[{"embeddable":true,"href":"https:\/\/lobos.uno\/index.php?rest_route=%2Fwp%2Fv2%2Fcomments&post=377"}],"wp:featuredmedia":[{"embeddable":true,"href":"https:\/\/lobos.uno\/index.php?rest_route=\/wp\/v2\/media\/558"}],"wp:attachment":[{"href":"https:\/\/lobos.uno\/index.php?rest_route=%2Fwp%2Fv2%2Fmedia&parent=377"}],"wp:term":[{"taxonomy":"product_brand","embeddable":true,"href":"https:\/\/lobos.uno\/index.php?rest_route=%2Fwp%2Fv2%2Fproduct_brand&post=377"},{"taxonomy":"product_cat","embeddable":true,"href":"https:\/\/lobos.uno\/index.php?rest_route=%2Fwp%2Fv2%2Fproduct_cat&post=377"},{"taxonomy":"product_tag","embeddable":true,"href":"https:\/\/lobos.uno\/index.php?rest_route=%2Fwp%2Fv2%2Fproduct_tag&post=377"}],"curies":[{"name":"wp","href":"https:\/\/api.w.org\/{rel}","templated":true}]}}