{"id":378,"date":"2025-04-20T15:16:55","date_gmt":"2025-04-20T13:16:55","guid":{"rendered":"http:\/\/3.23.22.20\/?post_type=product&#038;p=378"},"modified":"2025-04-20T15:18:14","modified_gmt":"2025-04-20T13:18:14","slug":"glock-17-pistola-de-hidrogel","status":"publish","type":"product","link":"https:\/\/lobos.uno\/?product=glock-17-pistola-de-hidrogel","title":{"rendered":"GLOCK 17 PISTOLA DE HIDROGEL"},"content":{"rendered":"<p>Primera Elecci\u00f3n para Juegos al Aire Libre la GLOCK 17 PISTOLA DE HIDROGEL puede ser un gran juguete para ni\u00f1os y adultos, sin importar en patios traseros, selvas, colinas y terrenos planos. El trabajo en equipo hace que su v\u00ednculo con su familia y amigos sea m\u00e1s profundo.<\/p>\n<p>La GLOCK 17 PISTOLA DE HIDROGEL usa balas de <a href=\"\/categoria-producto\/hidrogel\">hidrogel<\/a> ecol\u00f3gicas, biodegradables y desaparecen por completo despu\u00e9s del secado. No solo es ecol\u00f3gico, sino que tampoco requiere limpieza.<\/p>\n<p>Equipamiento Actualizado Hemos refactorizado y actualizado el dise\u00f1o del equipo, lo que no solo hace que la GLOCK 17 GLOCK 17 PISTOLA DE HIDROGEL tenga una velocidad m\u00e1s sorprendente (300 rondas por minuto), ultra larga (60 pies) y estabilidad.<\/p>\n<p><strong>Especificaciones<\/strong>:<\/p>\n<p>Modelo: GLOCK 17 PISTOLA DE HIDROGEL<\/p>\n<p>Material: pl\u00e1stico ABS<\/p>\n<p>Modo de fuego: totalmente autom\u00e1tico ; semi auto<\/p>\n<p>Tipo de munici\u00f3n: Balas de hidrogel de 7-8 mm<\/p>\n<p>Color: azul; rojo; bronceado; negro<\/p>\n<p>Tama\u00f1o: 33*14*3cm<\/p>\n<p>Rendimiento:<\/p>\n<p>Rango de disparo: 15-20m<\/p>\n<p>Potencia de fuego: 150 FPS<\/p>\n<p>Tasa de fuego: 5-7RPS<\/p>\n<p>El paquete incluye:<\/p>\n<p>1x GLOCK 17 PISTOLA DE HIDROGEL<\/p>\n<p>1x <a href=\"\/categoria-producto\/accesorios\">gafas de seguridad<\/a><\/p>\n<p>1x 7.4v bater\u00eda<\/p>\n<p>1x cargador usb<\/p>\n<p>1x tambor mag<\/p>\n<p>2x palo mag<\/p>\n<p>1x linterna<\/p>\n<p>1x paquete de 10 mil balas de hidrogel<\/p>\n<p>&nbsp;<\/p>\n","protected":false},"excerpt":{"rendered":"<p>Primera Elecci\u00f3n para Juegos al Aire Libre la GLOCK 17 PISTOLA DE HIDROGEL puede ser un gran juguete para ni\u00f1os y adultos, sin importar en patios traseros, selvas, colinas y terrenos planos. El trabajo en equipo hace que su v\u00ednculo con su familia y amigos sea m\u00e1s profundo. La GLOCK 17 PISTOLA DE HIDROGEL usa [&hellip;]<\/p>\n","protected":false},"featured_media":566,"comment_status":"open","ping_status":"closed","template":"","meta":[],"product_brand":[],"product_cat":[38],"product_tag":[],"class_list":{"0":"post-378","1":"product","2":"type-product","3":"status-publish","4":"has-post-thumbnail","6":"product_cat-pistolas","8":"first","9":"instock","10":"sale","11":"shipping-taxable","12":"purchasable","13":"product-type-simple"},"_links":{"self":[{"href":"https:\/\/lobos.uno\/index.php?rest_route=\/wp\/v2\/product\/378","targetHints":{"allow":["GET"]}}],"collection":[{"href":"https:\/\/lobos.uno\/index.php?rest_route=\/wp\/v2\/product"}],"about":[{"href":"https:\/\/lobos.uno\/index.php?rest_route=\/wp\/v2\/types\/product"}],"replies":[{"embeddable":true,"href":"https:\/\/lobos.uno\/index.php?rest_route=%2Fwp%2Fv2%2Fcomments&post=378"}],"wp:featuredmedia":[{"embeddable":true,"href":"https:\/\/lobos.uno\/index.php?rest_route=\/wp\/v2\/media\/566"}],"wp:attachment":[{"href":"https:\/\/lobos.uno\/index.php?rest_route=%2Fwp%2Fv2%2Fmedia&parent=378"}],"wp:term":[{"taxonomy":"product_brand","embeddable":true,"href":"https:\/\/lobos.uno\/index.php?rest_route=%2Fwp%2Fv2%2Fproduct_brand&post=378"},{"taxonomy":"product_cat","embeddable":true,"href":"https:\/\/lobos.uno\/index.php?rest_route=%2Fwp%2Fv2%2Fproduct_cat&post=378"},{"taxonomy":"product_tag","embeddable":true,"href":"https:\/\/lobos.uno\/index.php?rest_route=%2Fwp%2Fv2%2Fproduct_tag&post=378"}],"curies":[{"name":"wp","href":"https:\/\/api.w.org\/{rel}","templated":true}]}}