{"id":379,"date":"2025-04-20T15:16:55","date_gmt":"2025-04-20T13:16:55","guid":{"rendered":"http:\/\/3.23.22.20\/?post_type=product&#038;p=379"},"modified":"2026-03-04T18:32:12","modified_gmt":"2026-03-04T17:32:12","slug":"akm-47-pistola-de-hidrogel-doble-bateria","status":"publish","type":"product","link":"https:\/\/lobos.uno\/?product=akm-47-pistola-de-hidrogel-doble-bateria","title":{"rendered":"AKM 47 PISTOLA DE HIDROGEL DOBLE BATERIA"},"content":{"rendered":"<p><strong>Funciones y detalles<\/strong><\/p>\n<p><span style=\"font-size: 16px;\"><a href=\"\/categoria-producto\/hidrogel\"><strong>La AKM 47 PISTOLA DE HIDROGEL:<\/strong><\/a> Es un nuevo estilo dise\u00f1ado y producido por Anstoy.<\/span><\/p>\n<p>El motor ha sido mejorado y mejorado para una mejor estabilidad. Con engranajes duros, la pistola de Hidrogel dura m\u00e1s tiempo.<\/p>\n<p>El ABS hace que las pistolas de hidrogel sean m\u00e1s duraderas, resistentes a las ca\u00eddas y m\u00e1s resistentes al calor. Esta pistola de Hidrogel se carga muy r\u00e1pido y dura m\u00e1s tiempo.<\/p>\n<p><span style=\"font-size: 16px;\">La AKM 47 pistola de hidrogel es r\u00e1pida como s\u00f3nica y es bastante precisa debido a la velocidad. su velocidad r\u00e1pida de disparo y disparos de largo alcance pueden brindarle una experiencia muy real e interesante.<strong> \u00a1Es tan divertido usar esto para disparar objetivos!<\/strong><\/span><\/p>\n<p>Ya sea que est\u00e9s vinculando con la familia o buscando aventuras de adrenalina, prep\u00e1rate para batallas \u00e9picas al aire libre o en la atm\u00f3sfera interior de una arena interior.<\/p>\n<p>Incluye<\/p>\n<p>1* AKM 47 PISTOLA DE HIDROGEL<\/p>\n<p>1* bater\u00eda recargable<\/p>\n<p>1* cable USB recargable<\/p>\n<p>1* gafas de seguridad<\/p>\n<p>1* tolva de capacidad<\/p>\n<p>Despu\u00e9s de que termine el juego familiar, solo necesitas conectar la bater\u00eda al USB para cargarla.<\/p>\n","protected":false},"excerpt":{"rendered":"<p>Funciones y detalles La AKM 47 PISTOLA DE HIDROGEL: Es un nuevo estilo dise\u00f1ado y producido por Anstoy. El motor ha sido mejorado y mejorado para una mejor estabilidad. Con engranajes duros, la pistola de Hidrogel dura m\u00e1s tiempo. El ABS hace que las pistolas de hidrogel sean m\u00e1s duraderas, resistentes a las ca\u00eddas y [&hellip;]<\/p>\n","protected":false},"featured_media":572,"comment_status":"open","ping_status":"closed","template":"","meta":[],"product_brand":[],"product_cat":[38],"product_tag":[],"class_list":{"0":"post-379","1":"product","2":"type-product","3":"status-publish","4":"has-post-thumbnail","6":"product_cat-pistolas","8":"first","9":"instock","10":"purchasable","11":"product-type-simple"},"_links":{"self":[{"href":"https:\/\/lobos.uno\/index.php?rest_route=\/wp\/v2\/product\/379","targetHints":{"allow":["GET"]}}],"collection":[{"href":"https:\/\/lobos.uno\/index.php?rest_route=\/wp\/v2\/product"}],"about":[{"href":"https:\/\/lobos.uno\/index.php?rest_route=\/wp\/v2\/types\/product"}],"replies":[{"embeddable":true,"href":"https:\/\/lobos.uno\/index.php?rest_route=%2Fwp%2Fv2%2Fcomments&post=379"}],"wp:featuredmedia":[{"embeddable":true,"href":"https:\/\/lobos.uno\/index.php?rest_route=\/wp\/v2\/media\/572"}],"wp:attachment":[{"href":"https:\/\/lobos.uno\/index.php?rest_route=%2Fwp%2Fv2%2Fmedia&parent=379"}],"wp:term":[{"taxonomy":"product_brand","embeddable":true,"href":"https:\/\/lobos.uno\/index.php?rest_route=%2Fwp%2Fv2%2Fproduct_brand&post=379"},{"taxonomy":"product_cat","embeddable":true,"href":"https:\/\/lobos.uno\/index.php?rest_route=%2Fwp%2Fv2%2Fproduct_cat&post=379"},{"taxonomy":"product_tag","embeddable":true,"href":"https:\/\/lobos.uno\/index.php?rest_route=%2Fwp%2Fv2%2Fproduct_tag&post=379"}],"curies":[{"name":"wp","href":"https:\/\/api.w.org\/{rel}","templated":true}]}}