{"id":380,"date":"2025-04-20T15:16:55","date_gmt":"2025-04-20T13:16:55","guid":{"rendered":"http:\/\/3.23.22.20\/?post_type=product&#038;p=380"},"modified":"2026-04-05T05:20:31","modified_gmt":"2026-04-05T03:20:31","slug":"arp9-de-hidrogel-premium","status":"publish","type":"product","link":"https:\/\/lobos.uno\/?product=arp9-de-hidrogel-premium","title":{"rendered":"ARP9 DE HIDROGEL PREMIUM"},"content":{"rendered":"<p>Este modelo est\u00e1 basado en el G&amp;G ARP9. El ARP9 FUSIL DE ASALTO DE HIDROGEL PREMIUM<\/p>\n<p>Con un ca\u00f1\u00f3n compacto y vers\u00e1til conocido por su rendimiento y dise\u00f1o, a menudo favorecido para el combate cuerpo a cuerpo debido a su tama\u00f1o y maniobrabilidad.<\/p>\n<p>El ARP9 de hidrogel suele utilizar un cargador de 9 mm totalmente electr\u00f3nico y se puede personalizar con varios accesorios como miras de punto rojo, empu\u00f1aduras delanteras y supresores. Su parecido con la ARP9 le da un atractivo est\u00e9tico \u00fanico entre los entusiastas del<a href=\"\/categoria-producto\/airsoft\"> Gelsoft.<\/a><\/p>\n<p>\u00a1El\u00a0ARP9 de hidrogel es uno de los mejores rifle de asalto de hidrogel CQB!<\/p>\n<p>Tiene una construcci\u00f3n externa completa de nylon, culata ajustable y una caja de cambios de metal de muy alta calidad.<\/p>\n<p>El rendimiento es bueno para un lanzador corto. El\u00a0ARP9 de hidrogel alcanza los 300 fps desde el primer momento con una buena precisi\u00f3n.<\/p>\n<h3>CARACTER\u00cdSTICAS DEL\u00a0 ARP9 de Hidrogel<\/h3>\n<ul>\n<li>Alcance de 40 metros.<\/li>\n<li>Tama\u00f1o: 50-59 cm x 28 cm.<\/li>\n<li>Nylon y Metal.<\/li>\n<li>Culata ajustable.<\/li>\n<li>Engranajes met\u00e1licos.<\/li>\n<li>Cubierta antipolvo.<\/li>\n<li>Totalmente autom\u00e1tico.<\/li>\n<\/ul>\n<p>Rendimiento:<\/p>\n<ul>\n<li>Potencia de disparo: Aproximadamente 305 FPS<\/li>\n<li>RPS: hasta 15 disparos por segundo<\/li>\n<li>Alcance de disparo: 40 m<\/li>\n<\/ul>\n<p>Paquete incluido:<\/p>\n<ol>\n<li>ARP9 DE HIDROGEL PREMIUM<\/li>\n<li>02 cacerinas largas + 01 tambor.<\/li>\n<li>Bater\u00eda recargable de iones de litio de 11.1 V.<\/li>\n<li>Cable de carga USB.<\/li>\n<li>Gafas de seguridad.<\/li>\n<li>Paquete x 20 mil balas de hidrogel.<\/li>\n<li>Maletin de transporte.<\/li>\n<\/ol>\n<p>#<a href=\"https:\/\/lobos.fun\/producto\/arp-9-aeg-m4-gg-negra\/\">SOMOSLOBOS<\/a> te trae la ARP9 de hidrogel en metal y nylon para elevar tus partidas<\/p>\n<p>&nbsp;<\/p>\n","protected":false},"excerpt":{"rendered":"<p>#SOMOSLOBOS te trae la ARP9 de hidrogel en metal y nylon para elevar tus partidas.<\/p>\n","protected":false},"featured_media":475,"comment_status":"open","ping_status":"closed","template":"","meta":[],"product_brand":[],"product_cat":[31],"product_tag":[53,40,49],"class_list":{"0":"post-380","1":"product","2":"type-product","3":"status-publish","4":"has-post-thumbnail","6":"product_cat-fusil","7":"product_tag-arp9","8":"product_tag-hidrogel","9":"product_tag-premium","11":"first","12":"instock","13":"purchasable","14":"product-type-simple"},"_links":{"self":[{"href":"https:\/\/lobos.uno\/index.php?rest_route=\/wp\/v2\/product\/380","targetHints":{"allow":["GET"]}}],"collection":[{"href":"https:\/\/lobos.uno\/index.php?rest_route=\/wp\/v2\/product"}],"about":[{"href":"https:\/\/lobos.uno\/index.php?rest_route=\/wp\/v2\/types\/product"}],"replies":[{"embeddable":true,"href":"https:\/\/lobos.uno\/index.php?rest_route=%2Fwp%2Fv2%2Fcomments&post=380"}],"wp:featuredmedia":[{"embeddable":true,"href":"https:\/\/lobos.uno\/index.php?rest_route=\/wp\/v2\/media\/475"}],"wp:attachment":[{"href":"https:\/\/lobos.uno\/index.php?rest_route=%2Fwp%2Fv2%2Fmedia&parent=380"}],"wp:term":[{"taxonomy":"product_brand","embeddable":true,"href":"https:\/\/lobos.uno\/index.php?rest_route=%2Fwp%2Fv2%2Fproduct_brand&post=380"},{"taxonomy":"product_cat","embeddable":true,"href":"https:\/\/lobos.uno\/index.php?rest_route=%2Fwp%2Fv2%2Fproduct_cat&post=380"},{"taxonomy":"product_tag","embeddable":true,"href":"https:\/\/lobos.uno\/index.php?rest_route=%2Fwp%2Fv2%2Fproduct_tag&post=380"}],"curies":[{"name":"wp","href":"https:\/\/api.w.org\/{rel}","templated":true}]}}