{"id":427,"date":"2025-04-20T15:17:18","date_gmt":"2025-04-20T13:17:18","guid":{"rendered":"http:\/\/3.23.22.20\/?post_type=product&#038;p=427"},"modified":"2025-04-20T15:19:01","modified_gmt":"2025-04-20T13:19:01","slug":"mochila-militar-mardingtop-28-35l","status":"publish","type":"product","link":"https:\/\/lobos.uno\/?product=mochila-militar-mardingtop-28-35l","title":{"rendered":"MOCHILA MILITAR MARDINGTOP 28\/35L"},"content":{"rendered":"<p>\u263a<strong>Material de alta calidad y dise\u00f1o atractivo: <\/strong><\/p>\n<p>La <strong><a href=\"\/categoria-producto\/accesorios\">mochila Mardingtop 28L<\/a><\/strong> est\u00e1 fabricada con material resistente de <strong>poli\u00e9ster 600D. <\/strong><\/p>\n<p><strong>Las costuras bien rematadas y las cremalleras resistentes garantizan una larga vida \u00fatil. <\/strong><\/p>\n<p><strong>El dise\u00f1o multibolsillo ofrece un volumen de 28 litros y permite organizar eficazmente el equipo.<\/strong><\/p>\n<p><strong>Gran capacidad y dise\u00f1o pr\u00e1ctico: <\/strong><\/p>\n<p>Dentro del compartimento principal hay un bolsillo con correa el\u00e1stica y cierre r\u00e1pido, ideal para guardar objetos importantes como tarjetas, cartera, smartphone y llaves. Dos compartimentos m\u00e1s peque\u00f1os en el exterior ofrecen espacio de almacenamiento adicional.<\/p>\n<p><strong>Aunque la mochila parece compacta, sorprende con un amplio espacio para tus utensilios.<\/strong><\/p>\n<p><strong>Comodidad de transporte durante el viaje: <\/strong><\/p>\n<p>La mochila militar ofrece una comodidad de transporte excepcional, incluso con una carga pesada. Los tirantes con acolchado grueso y los cierres de regazo y pecho distribuyen el peso de forma \u00f3ptima.<\/p>\n<p>El acolchado de la espalda con circulaci\u00f3n de aire garantiza una agradable ventilaci\u00f3n en las excursiones.<\/p>\n<p><strong>Opciones externas ampliables:<\/strong> <strong>La mochila t\u00e1ctica est\u00e1 equipada con el sistema MOLLE, que te permite ampliar la mochila seg\u00fan tus necesidades individuales. Coloca bolsas MOLLE o una bolsa para botellas de agua, por ejemplo. <\/strong><\/p>\n<p><strong>Las correas de compresi\u00f3n en la parte delantera e inferior garantizan que puedas colocar equipo adicional, como un saco de dormir o un poncho, sin comprometer el valioso espacio de almacenamiento.<\/strong><\/p>\n","protected":false},"excerpt":{"rendered":"<p>\u263aMaterial de alta calidad y dise\u00f1o atractivo: La mochila Mardingtop 28L est\u00e1 fabricada con material resistente de poli\u00e9ster 600D. Las costuras bien rematadas y las cremalleras resistentes garantizan una larga vida \u00fatil. El dise\u00f1o multibolsillo ofrece un volumen de 28 litros y permite organizar eficazmente el equipo. Gran capacidad y dise\u00f1o pr\u00e1ctico: Dentro del compartimento [&hellip;]<\/p>\n","protected":false},"featured_media":597,"comment_status":"open","ping_status":"closed","template":"","meta":[],"product_brand":[],"product_cat":[47],"product_tag":[],"class_list":{"0":"post-427","1":"product","2":"type-product","3":"status-publish","4":"has-post-thumbnail","6":"product_cat-mochilas","8":"first","9":"instock","10":"shipping-taxable","11":"purchasable","12":"product-type-simple"},"_links":{"self":[{"href":"https:\/\/lobos.uno\/index.php?rest_route=\/wp\/v2\/product\/427","targetHints":{"allow":["GET"]}}],"collection":[{"href":"https:\/\/lobos.uno\/index.php?rest_route=\/wp\/v2\/product"}],"about":[{"href":"https:\/\/lobos.uno\/index.php?rest_route=\/wp\/v2\/types\/product"}],"replies":[{"embeddable":true,"href":"https:\/\/lobos.uno\/index.php?rest_route=%2Fwp%2Fv2%2Fcomments&post=427"}],"wp:featuredmedia":[{"embeddable":true,"href":"https:\/\/lobos.uno\/index.php?rest_route=\/wp\/v2\/media\/597"}],"wp:attachment":[{"href":"https:\/\/lobos.uno\/index.php?rest_route=%2Fwp%2Fv2%2Fmedia&parent=427"}],"wp:term":[{"taxonomy":"product_brand","embeddable":true,"href":"https:\/\/lobos.uno\/index.php?rest_route=%2Fwp%2Fv2%2Fproduct_brand&post=427"},{"taxonomy":"product_cat","embeddable":true,"href":"https:\/\/lobos.uno\/index.php?rest_route=%2Fwp%2Fv2%2Fproduct_cat&post=427"},{"taxonomy":"product_tag","embeddable":true,"href":"https:\/\/lobos.uno\/index.php?rest_route=%2Fwp%2Fv2%2Fproduct_tag&post=427"}],"curies":[{"name":"wp","href":"https:\/\/api.w.org\/{rel}","templated":true}]}}