{"id":428,"date":"2025-04-20T15:17:19","date_gmt":"2025-04-20T13:17:19","guid":{"rendered":"http:\/\/3.23.22.20\/?post_type=product&#038;p=428"},"modified":"2025-04-20T15:19:05","modified_gmt":"2025-04-20T13:19:05","slug":"mochila-yakeda-cromwell-50l","status":"publish","type":"product","link":"https:\/\/lobos.uno\/?product=mochila-yakeda-cromwell-50l","title":{"rendered":"MOCHILA YAKEDA \u00abCROMWELL\u00bb 50L"},"content":{"rendered":"<p><a href=\"\/categoria-producto\/equipo\"><strong>MOCHILA YAKEDA \u00abCROMWELL\u00bb 50L<\/strong><\/a><\/p>\n<p><strong>Cuando te preparas para salir a<\/strong> cazar caza mayor, necesitas una gama muy amplia de herramientas y accesorios. Al ser este deporte un verdadero deporte de resistencia, debes poder seguir al animal y rastrearlo dondequiera que vaya. Para poder realizar un seguimiento eficiente es necesario disponer de una soluci\u00f3n de transporte c\u00f3moda y pr\u00e1ctica. Las bolsas de transporte pueden ser estas soluciones; existen en varios modelos y son fabricadas por varios fabricantes. Aqu\u00ed tienes la mochila <a href=\"https:\/\/tiktok.com\/@nordicos.shop\">YAKEDA CROMWELL<\/a> 50L.<\/p>\n<p><strong>CARACTER\u00cdSTICAS T\u00c9CNICAS DEL BOLSO.<\/strong><\/p>\n<p><strong>La mochila YAKEDA CROMWELL 50L es un bolso de la famosa marca YAKEDA. Este equipo militar negro es ideal para excursionistas y cazadores de caza mayor. Est\u00e1 fabricado en Oxford 600D.<\/strong><\/p>\n<p><strong><em>Esto significa que no s\u00f3lo puede resistir el agua, sino que tambi\u00e9n es fuerte y, por tanto, duradero.<\/em><\/strong><\/p>\n<p><strong>Mide 48 cm de alto por 28 cm de ancho.<\/strong><\/p>\n<p><strong>Su capacidad total es de 50L.<\/strong><\/p>\n<p><strong>As\u00ed podr\u00e1s guardar all\u00ed f\u00e1cilmente tu equipo de caza: cartuchos, correas de caza, cortavientos, portafusiles o mapas. Y la compartimentaci\u00f3n definitivamente ayudar\u00e1 mucho. Hay bolsillos por todas partes, interiores y exteriores, para que puedas guardar la herramienta adecuada en el lugar correcto.<\/strong><\/p>\n<p><strong>UN BOLSO ERGON\u00d3MICO Y C\u00d3MODO<\/strong><\/p>\n<p><strong>Cuando nos encontramos en determinadas situaciones, el bolso que llevamos no debe constituir en ning\u00fan caso un estorbo. Y podemos decir que la YAKEDA CROMWELL 50L es muy ergon\u00f3mica. Esta bolsa cuenta con correas de compresi\u00f3n a diferentes niveles para permitir una buena distribuci\u00f3n del peso de la carga. Las correas acolchadas para los hombros y la espalda del bolso permiten llevarlo c\u00f3modamente. Gracias al sistema MOLLE, puedes colgar herramientas de exterior o incluso bolsas para aumentar la carga de la bolsa.<\/strong><\/p>\n<p><strong>LA YAKEDA CROMWELL 50L, QUEDAS SATISFECHO O TE DEVOLVEMOS EL DINERO<\/strong><\/p>\n<p><strong>Y si lo prueba y descubre que no satisface sus necesidades, siempre puede devolver el art\u00edculo para obtener un reembolso. Para ello, simplemente aseg\u00farese de realizar la devoluci\u00f3n dentro de los catorce d\u00edas siguientes a la entrega.<\/strong><\/p>\n<p><strong>____________________<\/strong><\/p>\n<p><strong>Yakeda Mochila<\/strong><\/p>\n<p><strong>sistema MOLLE<\/strong><\/p>\n<p><strong>Material : Oxford 600D<\/strong><\/p>\n<p><strong>Altura : 48 cm<\/strong><\/p>\n<p><strong>Ancho : 28 cm<\/strong><\/p>\n<p><strong>Capacidad : 50L<\/strong><\/p>\n","protected":false},"excerpt":{"rendered":"<p>MOCHILA YAKEDA \u00abCROMWELL\u00bb 50L Cuando te preparas para salir a cazar caza mayor, necesitas una gama muy amplia de herramientas y accesorios. Al ser este deporte un verdadero deporte de resistencia, debes poder seguir al animal y rastrearlo dondequiera que vaya. Para poder realizar un seguimiento eficiente es necesario disponer de una soluci\u00f3n de transporte [&hellip;]<\/p>\n","protected":false},"featured_media":604,"comment_status":"open","ping_status":"closed","template":"","meta":[],"product_brand":[],"product_cat":[47],"product_tag":[],"class_list":{"0":"post-428","1":"product","2":"type-product","3":"status-publish","4":"has-post-thumbnail","6":"product_cat-mochilas","8":"first","9":"instock","10":"shipping-taxable","11":"purchasable","12":"product-type-simple"},"_links":{"self":[{"href":"https:\/\/lobos.uno\/index.php?rest_route=\/wp\/v2\/product\/428","targetHints":{"allow":["GET"]}}],"collection":[{"href":"https:\/\/lobos.uno\/index.php?rest_route=\/wp\/v2\/product"}],"about":[{"href":"https:\/\/lobos.uno\/index.php?rest_route=\/wp\/v2\/types\/product"}],"replies":[{"embeddable":true,"href":"https:\/\/lobos.uno\/index.php?rest_route=%2Fwp%2Fv2%2Fcomments&post=428"}],"wp:featuredmedia":[{"embeddable":true,"href":"https:\/\/lobos.uno\/index.php?rest_route=\/wp\/v2\/media\/604"}],"wp:attachment":[{"href":"https:\/\/lobos.uno\/index.php?rest_route=%2Fwp%2Fv2%2Fmedia&parent=428"}],"wp:term":[{"taxonomy":"product_brand","embeddable":true,"href":"https:\/\/lobos.uno\/index.php?rest_route=%2Fwp%2Fv2%2Fproduct_brand&post=428"},{"taxonomy":"product_cat","embeddable":true,"href":"https:\/\/lobos.uno\/index.php?rest_route=%2Fwp%2Fv2%2Fproduct_cat&post=428"},{"taxonomy":"product_tag","embeddable":true,"href":"https:\/\/lobos.uno\/index.php?rest_route=%2Fwp%2Fv2%2Fproduct_tag&post=428"}],"curies":[{"name":"wp","href":"https:\/\/api.w.org\/{rel}","templated":true}]}}