{"id":429,"date":"2025-04-20T15:17:19","date_gmt":"2025-04-20T13:17:19","guid":{"rendered":"http:\/\/3.23.22.20\/?post_type=product&#038;p=429"},"modified":"2025-04-20T15:19:10","modified_gmt":"2025-04-20T13:19:10","slug":"guantes-tacticos-militares-joss","status":"publish","type":"product","link":"https:\/\/lobos.uno\/?product=guantes-tacticos-militares-joss","title":{"rendered":"GUANTES T\u00c1CTICOS MILITARES \u201cJOSS\u201d"},"content":{"rendered":"<p>GUANTES T\u00c1CTICOS MILITARES \u201cJOSS\u201d<\/p>\n<p>Guia de tallas<\/p>\n<p><img loading=\"lazy\" decoding=\"async\" class=\"alignnone size-medium wp-image-2465\" src=\"http:\/\/www.nordicos.shop\/wp-content\/uploads\/2024\/05\/guide-taille-gant-01_f61ead21-43cb-4415-839b-bd33b4bfd67e-300x181.jpg\" alt=\"\" width=\"300\" height=\"181\" \/><\/p>\n<p>Los guantes t\u00e1cticos, que satisfacen diversas necesidades, ya sea de trabajo o de ocio, son un equipo invaluable para actividades al aire libre. \u00a1Este modelo militar JOSS lo demuestra! Este par de guantes fue dise\u00f1ado para soportar actividades que requieren fuerza y agarre.<\/p>\n<p>Confeccionados con un tejido sint\u00e9tico , estos guantes son \u00f3ptimamente suaves , perfectos para disfrutar de la comodidad durante todo el d\u00eda. En invierno, estos accesorios ayudan a proteger tus manos del fr\u00edo y te permiten manipular objetos sin restricciones . El resto del tiempo, estos guantes son ideales en diferentes situaciones. Puedes usarlos como guantes de trabajo, guantes militares t\u00e1cticos y equipo de protecci\u00f3n para actividades al aire libre.<\/p>\n<p>Equipados con carcasas de goma, estos accesorios amortiguan los golpes y sacudidas que puedan producirse. Esta protecci\u00f3n cubre el dorso de las manos y va hacia cada dedo. Tus metacarpianos y articulaciones evitan as\u00ed lesiones de todo tipo. En la zona de la palma, estos guantes cuentan con un revestimiento de silicona que permite tener un buen agarre de los objetos que tendr\u00e1s que sujetar.<\/p>\n<p>Adem\u00e1s de ser \u00fatiles y pr\u00e1cticos, estos guantes tambi\u00e9n cuentan con un dise\u00f1o muy est\u00e9tico . Se ofrecen en tonos muy militares pero a\u00fan as\u00ed elegantes . Sea cual sea tu estilo, encontrar\u00e1s un modelo que satisfaga tus deseos.<\/p>\n<p>____________________<\/p>\n<p>Guantes t\u00e1cticos militares<\/p>\n<p>Compatibilidad con pantalla t\u00e1ctil: S\u00ed<\/p>\n<p>Refuerzo metacarpiano: S\u00ed (goma)<\/p>\n<p>Ajuste de pu\u00f1os: Correa de velcro<\/p>\n<p>Material: poli\u00e9ster, caucho<\/p>\n<p>Antideslizante: S\u00ed (palmas de silicona)<\/p>\n","protected":false},"excerpt":{"rendered":"<p>GUANTES T\u00c1CTICOS MILITARES \u201cJOSS\u201d Guia de tallas Los guantes t\u00e1cticos, que satisfacen diversas necesidades, ya sea de trabajo o de ocio, son un equipo invaluable para actividades al aire libre. \u00a1Este modelo militar JOSS lo demuestra! Este par de guantes fue dise\u00f1ado para soportar actividades que requieren fuerza y agarre. Confeccionados con un tejido sint\u00e9tico [&hellip;]<\/p>\n","protected":false},"featured_media":614,"comment_status":"open","ping_status":"closed","template":"","meta":[],"product_brand":[],"product_cat":[54],"product_tag":[],"class_list":{"0":"post-429","1":"product","2":"type-product","3":"status-publish","4":"has-post-thumbnail","6":"product_cat-guantes","8":"first","9":"instock","10":"sale","11":"shipping-taxable","12":"purchasable","13":"product-type-simple"},"_links":{"self":[{"href":"https:\/\/lobos.uno\/index.php?rest_route=\/wp\/v2\/product\/429","targetHints":{"allow":["GET"]}}],"collection":[{"href":"https:\/\/lobos.uno\/index.php?rest_route=\/wp\/v2\/product"}],"about":[{"href":"https:\/\/lobos.uno\/index.php?rest_route=\/wp\/v2\/types\/product"}],"replies":[{"embeddable":true,"href":"https:\/\/lobos.uno\/index.php?rest_route=%2Fwp%2Fv2%2Fcomments&post=429"}],"wp:featuredmedia":[{"embeddable":true,"href":"https:\/\/lobos.uno\/index.php?rest_route=\/wp\/v2\/media\/614"}],"wp:attachment":[{"href":"https:\/\/lobos.uno\/index.php?rest_route=%2Fwp%2Fv2%2Fmedia&parent=429"}],"wp:term":[{"taxonomy":"product_brand","embeddable":true,"href":"https:\/\/lobos.uno\/index.php?rest_route=%2Fwp%2Fv2%2Fproduct_brand&post=429"},{"taxonomy":"product_cat","embeddable":true,"href":"https:\/\/lobos.uno\/index.php?rest_route=%2Fwp%2Fv2%2Fproduct_cat&post=429"},{"taxonomy":"product_tag","embeddable":true,"href":"https:\/\/lobos.uno\/index.php?rest_route=%2Fwp%2Fv2%2Fproduct_tag&post=429"}],"curies":[{"name":"wp","href":"https:\/\/api.w.org\/{rel}","templated":true}]}}