{"id":430,"date":"2025-04-20T15:17:19","date_gmt":"2025-04-20T13:17:19","guid":{"rendered":"http:\/\/3.23.22.20\/?post_type=product&#038;p=430"},"modified":"2025-04-20T15:19:12","modified_gmt":"2025-04-20T13:19:12","slug":"p90-pro-v3-fusil-de-hidrogel-black","status":"publish","type":"product","link":"https:\/\/lobos.uno\/?product=p90-pro-v3-fusil-de-hidrogel-black","title":{"rendered":"P90 PRO V3 FUSIL DE HIDROGEL BLACK"},"content":{"rendered":"<p><strong>Nuevo lanzador de bola de gel <a href=\"\/categoria-producto\/hidrogel\">P90 PRO V3 DE HIDROGEL BLACK<\/a>. El dise\u00f1o compacto y la comodidad del P90 lo convierten en una excelente incorporaci\u00f3n a su colecci\u00f3n, especialmente para aquellas situaciones <a href=\"https:\/\/tiktok.com\/@nordicos.shop\">CQB<\/a>.<\/strong><\/p>\n<h3><strong>CARACTER\u00cdSTICAS<\/strong><\/h3>\n<ul>\n<li><strong>Esquema de color negro completo.<\/strong><\/li>\n<li><strong>Construcci\u00f3n completa de nylon y metal.<\/strong><\/li>\n<li><strong>Reserva Magn\u00e9tica.<\/strong><\/li>\n<li><strong>Modo de disparo totalmente autom\u00e1tico.<\/strong><\/li>\n<li><strong>Culata con tapa de goma<\/strong><\/li>\n<li><strong>Barril de aleaci\u00f3n.<\/strong><\/li>\n<li><strong>Rieles superiores y laterales para accesorios t\u00e1cticos.<\/strong><\/li>\n<li><strong>Punta extra\u00edble.<\/strong><\/li>\n<\/ul>\n<h3><strong>ESPECIFICACIONES:<\/strong><\/h3>\n<ul>\n<li><strong>Tipo de gel: 7-8 mm<\/strong><\/li>\n<li><strong>Tama\u00f1o del ca\u00f1\u00f3n interior: 7,5 mm<\/strong><\/li>\n<li><strong>Longitud del ca\u00f1\u00f3n interior: 30 cm.<\/strong><\/li>\n<li><strong>Fuente de bater\u00eda:\u00a011.1V Bater\u00eda de 1400mah<\/strong><\/li>\n<li><strong>Caja de cambios\u00a0 de metal P90 V3<\/strong><\/li>\n<li><strong>Selector de incendio: seguro\/completamente autom\u00e1tico<\/strong><\/li>\n<li><strong>Externos de nylon<\/strong><\/li>\n<li><strong>Capacidad del cargador: 350 balines de hidrogel<\/strong><\/li>\n<\/ul>\n<h3><strong>Tama\u00f1o:<\/strong><\/h3>\n<ul>\n<li><strong>Peso: 1365 Gramos<\/strong><\/li>\n<li><strong>Altura: 19 cm<\/strong><\/li>\n<li><strong>Longitud: 50 cm<\/strong><\/li>\n<li><strong>Ancho: 7 cm<\/strong><\/li>\n<\/ul>\n<h3><strong>Actuaci\u00f3n:<\/strong><\/h3>\n<ul>\n<li><strong>Hasta 240 pies por segundo<\/strong><\/li>\n<li><strong>Hasta 12 rondas por segundo<\/strong><\/li>\n<li><strong>Distancia de disparo de hasta 35 m<\/strong><\/li>\n<\/ul>\n<h3><strong>El paquete incluye:<\/strong><\/h3>\n<ul>\n<li><strong>1 P90 fusil de hidrogel Black.<\/strong><\/li>\n<li><strong>1x cacerina<\/strong><\/li>\n<li><strong>1x mira<\/strong><\/li>\n<li><strong>1x bozal<\/strong><\/li>\n<li><strong>1x bater\u00eda de 7,4v<\/strong><\/li>\n<li><strong>1 cargador USB.<\/strong><\/li>\n<li><strong>1x gafas de seguridad<\/strong><\/li>\n<li><strong>1x paquete de 10 mil balines de hidrogel.<\/strong><\/li>\n<\/ul>\n","protected":false},"excerpt":{"rendered":"<p>Nuevo lanzador de bola de gel P90 PRO V3 DE HIDROGEL BLACK. El dise\u00f1o compacto y la comodidad del P90 lo convierten en una excelente incorporaci\u00f3n a su colecci\u00f3n, especialmente para aquellas situaciones CQB. CARACTER\u00cdSTICAS Esquema de color negro completo. Construcci\u00f3n completa de nylon y metal. Reserva Magn\u00e9tica. Modo de disparo totalmente autom\u00e1tico. Culata con [&hellip;]<\/p>\n","protected":false},"featured_media":622,"comment_status":"open","ping_status":"closed","template":"","meta":[],"product_brand":[],"product_cat":[31],"product_tag":[],"class_list":{"0":"post-430","1":"product","2":"type-product","3":"status-publish","4":"has-post-thumbnail","6":"product_cat-fusil","8":"first","9":"instock","10":"shipping-taxable","11":"purchasable","12":"product-type-simple"},"_links":{"self":[{"href":"https:\/\/lobos.uno\/index.php?rest_route=\/wp\/v2\/product\/430","targetHints":{"allow":["GET"]}}],"collection":[{"href":"https:\/\/lobos.uno\/index.php?rest_route=\/wp\/v2\/product"}],"about":[{"href":"https:\/\/lobos.uno\/index.php?rest_route=\/wp\/v2\/types\/product"}],"replies":[{"embeddable":true,"href":"https:\/\/lobos.uno\/index.php?rest_route=%2Fwp%2Fv2%2Fcomments&post=430"}],"wp:featuredmedia":[{"embeddable":true,"href":"https:\/\/lobos.uno\/index.php?rest_route=\/wp\/v2\/media\/622"}],"wp:attachment":[{"href":"https:\/\/lobos.uno\/index.php?rest_route=%2Fwp%2Fv2%2Fmedia&parent=430"}],"wp:term":[{"taxonomy":"product_brand","embeddable":true,"href":"https:\/\/lobos.uno\/index.php?rest_route=%2Fwp%2Fv2%2Fproduct_brand&post=430"},{"taxonomy":"product_cat","embeddable":true,"href":"https:\/\/lobos.uno\/index.php?rest_route=%2Fwp%2Fv2%2Fproduct_cat&post=430"},{"taxonomy":"product_tag","embeddable":true,"href":"https:\/\/lobos.uno\/index.php?rest_route=%2Fwp%2Fv2%2Fproduct_tag&post=430"}],"curies":[{"name":"wp","href":"https:\/\/api.w.org\/{rel}","templated":true}]}}