{"id":431,"date":"2025-04-20T15:17:19","date_gmt":"2025-04-20T13:17:19","guid":{"rendered":"http:\/\/3.23.22.20\/?post_type=product&#038;p=431"},"modified":"2025-04-20T15:19:21","modified_gmt":"2025-04-20T13:19:21","slug":"p90-pro-v3-fusil-de-hidrogel-rose","status":"publish","type":"product","link":"https:\/\/lobos.uno\/?product=p90-pro-v3-fusil-de-hidrogel-rose","title":{"rendered":"P90 PRO V3 FUSIL DE HIDROGEL ROSE"},"content":{"rendered":"<p>Nuevo <a href=\"\/categoria-producto\/hidrogel\">FUSIL DE HIDROGEL P90 V3<\/a> con piel ROSADA. El dise\u00f1o compacto y la comodidad del P90 lo convierten en una excelente incorporaci\u00f3n a su colecci\u00f3n, especialmente para aquellas situaciones CQB<strong>.<\/strong><\/p>\n<h3>CARACTER\u00cdSTICAS del fusil de hidrogel P90:<\/h3>\n<ul>\n<li>Esquema de color rosa completo.<\/li>\n<li>Construcci\u00f3n completa de NYLON\/METAL.<\/li>\n<li>Reserva Magn\u00e9tica.<\/li>\n<li>Modo de disparo totalmente autom\u00e1tico.<\/li>\n<li>Culata con tapa de goma<\/li>\n<li>Barril de aleaci\u00f3n.<\/li>\n<li>Rieles superiores y laterales para accesorios t\u00e1cticos.<\/li>\n<li>Punta extra\u00edble.<\/li>\n<\/ul>\n<h3>ESPECIFICACIONES del fusil de hidrogel P90:<\/h3>\n<ul>\n<li>Tipo de gel: 7-8 mm<\/li>\n<li>Tama\u00f1o del ca\u00f1\u00f3n interior: 7,5 mm<\/li>\n<li>Longitud del ca\u00f1\u00f3n interior: 30 cm.<\/li>\n<li>Fuente de bater\u00eda:\u00a07.4 Bater\u00eda de 1400mah<\/li>\n<li>Caja de cambios P90 V3 DE METAL<\/li>\n<li>Selector de incendio: seguro\/completamente autom\u00e1tico<\/li>\n<li>Externos de NYLON<\/li>\n<li>Capacidad del cargador: 350 geles<\/li>\n<\/ul>\n<h3><strong>Tama\u00f1o del fusil de hidrogel P90:<\/strong><\/h3>\n<ul>\n<li>Peso: 1365 Gramos<\/li>\n<li>Altura: 19 cm<\/li>\n<li>Longitud: 50 cm<\/li>\n<li>Ancho: 7 cm<\/li>\n<\/ul>\n<h3><strong>Actuaci\u00f3n del fusil de hidrogel P90:<\/strong><\/h3>\n<ul>\n<li>Hasta 320 fps<\/li>\n<li>Hasta 12 rondas por segundo<\/li>\n<li>Distancia de disparo de hasta 35 m<\/li>\n<\/ul>\n<h3><strong>El paquete incluye del fusil de hidrogel P90:<\/strong><\/h3>\n<ul>\n<li>1 FUSIL DE HIDROGEL (ROSADO) P90.<\/li>\n<li>1x revista<\/li>\n<li>1x vista<\/li>\n<li>1x bozal<\/li>\n<li>1x bater\u00eda de 11.1V<\/li>\n<li>1 cargador USB.<\/li>\n<li>1x gafas de seguridad<\/li>\n<li>1x paquete de 10 mil balines de hidrogel.<\/li>\n<\/ul>\n","protected":false},"excerpt":{"rendered":"<p>Nuevo FUSIL DE HIDROGEL P90 V3 con piel ROSADA. El dise\u00f1o compacto y la comodidad del P90 lo convierten en una excelente incorporaci\u00f3n a su colecci\u00f3n, especialmente para aquellas situaciones CQB. CARACTER\u00cdSTICAS del fusil de hidrogel P90: Esquema de color rosa completo. Construcci\u00f3n completa de NYLON\/METAL. Reserva Magn\u00e9tica. Modo de disparo totalmente autom\u00e1tico. Culata con [&hellip;]<\/p>\n","protected":false},"featured_media":631,"comment_status":"open","ping_status":"closed","template":"","meta":[],"product_brand":[],"product_cat":[31],"product_tag":[40,49],"class_list":{"0":"post-431","1":"product","2":"type-product","3":"status-publish","4":"has-post-thumbnail","6":"product_cat-fusil","7":"product_tag-hidrogel","8":"product_tag-premium","10":"first","11":"instock","12":"shipping-taxable","13":"purchasable","14":"product-type-simple"},"_links":{"self":[{"href":"https:\/\/lobos.uno\/index.php?rest_route=\/wp\/v2\/product\/431","targetHints":{"allow":["GET"]}}],"collection":[{"href":"https:\/\/lobos.uno\/index.php?rest_route=\/wp\/v2\/product"}],"about":[{"href":"https:\/\/lobos.uno\/index.php?rest_route=\/wp\/v2\/types\/product"}],"replies":[{"embeddable":true,"href":"https:\/\/lobos.uno\/index.php?rest_route=%2Fwp%2Fv2%2Fcomments&post=431"}],"wp:featuredmedia":[{"embeddable":true,"href":"https:\/\/lobos.uno\/index.php?rest_route=\/wp\/v2\/media\/631"}],"wp:attachment":[{"href":"https:\/\/lobos.uno\/index.php?rest_route=%2Fwp%2Fv2%2Fmedia&parent=431"}],"wp:term":[{"taxonomy":"product_brand","embeddable":true,"href":"https:\/\/lobos.uno\/index.php?rest_route=%2Fwp%2Fv2%2Fproduct_brand&post=431"},{"taxonomy":"product_cat","embeddable":true,"href":"https:\/\/lobos.uno\/index.php?rest_route=%2Fwp%2Fv2%2Fproduct_cat&post=431"},{"taxonomy":"product_tag","embeddable":true,"href":"https:\/\/lobos.uno\/index.php?rest_route=%2Fwp%2Fv2%2Fproduct_tag&post=431"}],"curies":[{"name":"wp","href":"https:\/\/api.w.org\/{rel}","templated":true}]}}