{"id":432,"date":"2025-04-20T15:17:19","date_gmt":"2025-04-20T13:17:19","guid":{"rendered":"http:\/\/3.23.22.20\/?post_type=product&#038;p=432"},"modified":"2026-03-22T10:45:33","modified_gmt":"2026-03-22T09:45:33","slug":"b211-casaca-de-montana-tactica","status":"publish","type":"product","link":"https:\/\/lobos.uno\/?product=b211-casaca-de-montana-tactica","title":{"rendered":"B211 CASACA DE MONTA\u00d1A T\u00c1CTICA"},"content":{"rendered":"<p>B211 <a href=\"\/categoria-producto\/equipo\">Casaca<\/a> de monta\u00f1a T\u00e1ctica es una de las prendas m\u00e1s t\u00e9cnicas de toda la industria. Dise\u00f1ado originalmente para fuerzas especiales que operan en regiones monta\u00f1osas, el B211 tiene muchos detalles y es muy duradero.<\/p>\n<p>El exterior est\u00e1 hecho de nuestro exclusivo ripstop 50\/50 que tiene un revestimiento duradero resistente al agua.<\/p>\n<p>Cosido en la capucha y en la parte inferior de la chaqueta hay un forro resistente al viento para reducir el fr\u00edo del viento y mantenerte abrigado en condiciones dif\u00edciles.<\/p>\n<p>Los codos cuentan con coderas reforzadas con ripstop que son una soluci\u00f3n eficaz pero ligera.<\/p>\n<p>Las cremalleras en las axilas tambi\u00e9n permiten una f\u00e1cil ventilaci\u00f3n.<\/p>\n<p>Cuenta con una amplia gama de bolsillos para adaptarse a todas las necesidades.<\/p>\n<p>Incluye un bolsillo trasero para francotirador, dos bolsillos laterales y cuatro bolsillos delanteros.<\/p>\n<p>Detr\u00e1s de los bolsillos superiores se encuentran dos bolsillos para documentos con cremallera. (Tenga en cuenta que todos los bolsillos tipo caja est\u00e1n cerrados con un bot\u00f3n deslizante y forrados con Cordura para mayor resistencia)<\/p>\n<p>La capucha tiene estructura de alambre, es totalmente ajustable y se puede guardar en un compartimento en el cuello.<\/p>\n<p>Tambi\u00e9n se puede utilizar un velo facial retr\u00e1ctil para ocultar su rostro de los humanos o animales.<\/p>\n<p>Los ojales en el costado del cap\u00f3 est\u00e1n colocados para ayudar a permitir el paso del sonido y permitir una mejor conciencia.<\/p>\n<p>Capucha con marco de alambre y forro resistente al viento.<\/p>\n<p>velo facial retr\u00e1ctil<\/p>\n<p>Coderas reforzadas con ripstop.<\/p>\n<p>DWR 50\/50 Ripstop &#8211; No se derrite ni gotea<\/p>\n<p>Resistente al agua<\/p>\n<p>Bolsa para brazo de vendaje de campo<\/p>\n<p>Cremalleras de ventilaci\u00f3n en las axilas<\/p>\n<p>Solapa de tormenta<\/p>\n<p>Bucles de cincha<\/p>\n<p>Cintura y dobladillo con cord\u00f3n ajustable<\/p>\n<p>Bolsillo en el brazo para port\u00e1til con estuche para bol\u00edgrafos.<\/p>\n<p>Cuatro bolsillos delanteros<\/p>\n<p>Dos bolsillos de fuelle<\/p>\n<p>Un bolsillo trasero<\/p>\n<p>Dos bolsillos exteriores con cremallera en el pecho<\/p>\n<p>Bolsillo interno en el pecho<\/p>\n<p>Bolsillo trasero para mapas con cremallera<\/p>\n<p>Cremallera pasante a las capas inferiores.<\/p>\n","protected":false},"excerpt":{"rendered":"<p>B211 Casaca de monta\u00f1a T\u00e1ctica es una de las prendas m\u00e1s t\u00e9cnicas de toda la industria. Dise\u00f1ado originalmente para fuerzas especiales que operan en regiones monta\u00f1osas, el B211 tiene muchos detalles y es muy duradero. El exterior est\u00e1 hecho de nuestro exclusivo ripstop 50\/50 que tiene un revestimiento duradero resistente al agua. Cosido en la [&hellip;]<\/p>\n","protected":false},"featured_media":639,"comment_status":"open","ping_status":"closed","template":"","meta":[],"product_brand":[],"product_cat":[55],"product_tag":[],"class_list":{"0":"post-432","1":"product","2":"type-product","3":"status-publish","4":"has-post-thumbnail","6":"product_cat-casaca","8":"first","9":"instock","10":"shipping-taxable","11":"purchasable","12":"product-type-simple"},"_links":{"self":[{"href":"https:\/\/lobos.uno\/index.php?rest_route=\/wp\/v2\/product\/432","targetHints":{"allow":["GET"]}}],"collection":[{"href":"https:\/\/lobos.uno\/index.php?rest_route=\/wp\/v2\/product"}],"about":[{"href":"https:\/\/lobos.uno\/index.php?rest_route=\/wp\/v2\/types\/product"}],"replies":[{"embeddable":true,"href":"https:\/\/lobos.uno\/index.php?rest_route=%2Fwp%2Fv2%2Fcomments&post=432"}],"wp:featuredmedia":[{"embeddable":true,"href":"https:\/\/lobos.uno\/index.php?rest_route=\/wp\/v2\/media\/639"}],"wp:attachment":[{"href":"https:\/\/lobos.uno\/index.php?rest_route=%2Fwp%2Fv2%2Fmedia&parent=432"}],"wp:term":[{"taxonomy":"product_brand","embeddable":true,"href":"https:\/\/lobos.uno\/index.php?rest_route=%2Fwp%2Fv2%2Fproduct_brand&post=432"},{"taxonomy":"product_cat","embeddable":true,"href":"https:\/\/lobos.uno\/index.php?rest_route=%2Fwp%2Fv2%2Fproduct_cat&post=432"},{"taxonomy":"product_tag","embeddable":true,"href":"https:\/\/lobos.uno\/index.php?rest_route=%2Fwp%2Fv2%2Fproduct_tag&post=432"}],"curies":[{"name":"wp","href":"https:\/\/api.w.org\/{rel}","templated":true}]}}