{"id":433,"date":"2025-04-20T15:17:19","date_gmt":"2025-04-20T13:17:19","guid":{"rendered":"http:\/\/3.23.22.20\/?post_type=product&#038;p=433"},"modified":"2025-04-20T15:19:26","modified_gmt":"2025-04-20T13:19:26","slug":"mochila-militar-peregrino-40l","status":"publish","type":"product","link":"https:\/\/lobos.uno\/?product=mochila-militar-peregrino-40l","title":{"rendered":"MOCHILA MILITAR \u00abPEREGRINO\u00bb 40L"},"content":{"rendered":"<p>MOCHILA MILITAR \u00abPEREGRINO\u00bb 40L<\/p>\n<p>\u00bfEst\u00e1s planeando irte de viaje, en modo trotamundos? \u00bfO simplemente buscas un buen accesorio para el d\u00eda a d\u00eda?<\/p>\n<p>Esta <a href=\"\/categoria-producto\/accesorios\">mochila<\/a> militar Peregrino tiene espacio suficiente para guardar todas tus pertenencias, ideal para toda ocasi\u00f3n. Con su tejido ultrarresistente y sus detalles bien pensados , representa un buen aliado para diversos viajes.<\/p>\n<p>Con una capacidad de 40L , esta bolsa Peregrino es perfecta para transportar una gran cantidad de art\u00edculos, como ropa y zapatos. En su compartimento principal hay espacio para un ordenador port\u00e1til . El bolsillo frontal se utiliza para guardar cosas que necesitas con frecuencia. Para otras herramientas adicionales, tienes el sistema MOLLE , perfecto para colgar bolsos o accesorios. La bolsa tambi\u00e9n tiene una parte trasera autoadhesiva para poner uno o m\u00e1s parches. Esto facilita la identificaci\u00f3n de su bolso.<\/p>\n<p>Dise\u00f1ado con textil calibre 600D , este bolso es muy resistente. Puedes usarlo para actividades emocionantes, como hacer senderismo o acampar. Adem\u00e1s, es altamente resistente al agua . Por lo tanto, tiene la seguridad de que sus pertenencias permanecer\u00e1n secas mientras encuentra refugio. Y para garantizar tu comodidad, las asas y la parte trasera han sido acolchadas . Suficiente para evitar la sudoraci\u00f3n y el cansancio.<\/p>\n<p>____________________<\/p>\n<p><strong>Mochila militar t\u00e1ctica<\/strong><\/p>\n<p><strong>Impermeable<\/strong><\/p>\n<p><strong>sistema MOLLE<\/strong><\/p>\n<p><strong>Material : 600D<\/strong><\/p>\n<p><strong>Altura : 50 cm<\/strong><\/p>\n<p><strong>Ancho : 40 cm<\/strong><\/p>\n<p><strong>Profundidad : 20 cm<\/strong><\/p>\n<p><strong>Peso : 950 g<\/strong><\/p>\n<p><strong>Capacidad : 40L\u00a0\u00a0<\/strong><\/p>\n<p><strong>Uso : Senderismo, actividades al aire libre, ciclismo, camping, caza, pesca.<\/strong><\/p>\n","protected":false},"excerpt":{"rendered":"<p>MOCHILA MILITAR \u00abPEREGRINO\u00bb 40L \u00bfEst\u00e1s planeando irte de viaje, en modo trotamundos? \u00bfO simplemente buscas un buen accesorio para el d\u00eda a d\u00eda? Esta mochila militar Peregrino tiene espacio suficiente para guardar todas tus pertenencias, ideal para toda ocasi\u00f3n. Con su tejido ultrarresistente y sus detalles bien pensados , representa un buen aliado para diversos [&hellip;]<\/p>\n","protected":false},"featured_media":643,"comment_status":"open","ping_status":"closed","template":"","meta":[],"product_brand":[],"product_cat":[47],"product_tag":[],"class_list":{"0":"post-433","1":"product","2":"type-product","3":"status-publish","4":"has-post-thumbnail","6":"product_cat-mochilas","8":"first","9":"instock","10":"shipping-taxable","11":"purchasable","12":"product-type-simple"},"_links":{"self":[{"href":"https:\/\/lobos.uno\/index.php?rest_route=\/wp\/v2\/product\/433","targetHints":{"allow":["GET"]}}],"collection":[{"href":"https:\/\/lobos.uno\/index.php?rest_route=\/wp\/v2\/product"}],"about":[{"href":"https:\/\/lobos.uno\/index.php?rest_route=\/wp\/v2\/types\/product"}],"replies":[{"embeddable":true,"href":"https:\/\/lobos.uno\/index.php?rest_route=%2Fwp%2Fv2%2Fcomments&post=433"}],"wp:featuredmedia":[{"embeddable":true,"href":"https:\/\/lobos.uno\/index.php?rest_route=\/wp\/v2\/media\/643"}],"wp:attachment":[{"href":"https:\/\/lobos.uno\/index.php?rest_route=%2Fwp%2Fv2%2Fmedia&parent=433"}],"wp:term":[{"taxonomy":"product_brand","embeddable":true,"href":"https:\/\/lobos.uno\/index.php?rest_route=%2Fwp%2Fv2%2Fproduct_brand&post=433"},{"taxonomy":"product_cat","embeddable":true,"href":"https:\/\/lobos.uno\/index.php?rest_route=%2Fwp%2Fv2%2Fproduct_cat&post=433"},{"taxonomy":"product_tag","embeddable":true,"href":"https:\/\/lobos.uno\/index.php?rest_route=%2Fwp%2Fv2%2Fproduct_tag&post=433"}],"curies":[{"name":"wp","href":"https:\/\/api.w.org\/{rel}","templated":true}]}}