{"id":485,"date":"2025-04-20T15:17:40","date_gmt":"2025-04-20T13:17:40","guid":{"rendered":"http:\/\/3.23.22.20\/?post_type=product&#038;p=485"},"modified":"2025-04-20T15:19:34","modified_gmt":"2025-04-20T13:19:34","slug":"pantalon-tactico-uatac-gen-5-4-con-rodilleras-negro","status":"publish","type":"product","link":"https:\/\/lobos.uno\/?product=pantalon-tactico-uatac-gen-5-4-con-rodilleras-negro","title":{"rendered":"PANTAL\u00d3N T\u00c1CTICO UATAC GEN 5.4 CON RODILLERAS | NEGRO"},"content":{"rendered":"<p>El <a href=\"\/categoria-producto\/equipo\">pantal\u00f3n<\/a> t\u00e1ctico con rodilleras UATAC Gen 5.4 Negro tiene las siguientes caracter\u00edsticas:<\/p>\n<p>Tejido : 65% algod\u00f3n, 35% poli\u00e9ster. El tejido es RIPSTOP, lo que significa que tiene fuerza reforzada y resistencia al desgaste. Tambi\u00e9n cuenta con tecnolog\u00eda DWR (repelente al agua duradero), que no pierde sus propiedades despu\u00e9s de numerosos lavados, haciendo que el tejido sea resistente a las influencias atmosf\u00e9ricas. Se aplica un te\u00f1ido especial VAD, como resultado, la tela no pierde su color con repetidos lavados y es resistente a los efectos de la luz ultravioleta.<\/p>\n<p>Hilo : Los pantalones est\u00e1n cosidos con hilo reforzado alem\u00e1n.<\/p>\n<p>Botones : Hay botones en los bolsillos cargo y en la cintura.<\/p>\n<p>Solapas de ventilaci\u00f3n : hay solapas de ventilaci\u00f3n adicionales en la cremallera. Estos est\u00e1n reforzados con malla.<\/p>\n<p>Cremallera : Hay una cremallera en el bolsillo cargo para un uso c\u00f3modo mientras est\u00e1 sentado.<\/p>\n<p>Bolsillo para torniquete : los pantalones cuentan con una nueva versi\u00f3n del bolsillo para torniquete.<\/p>\n<p>Paneles el\u00e1sticos : los pantalones tienen paneles el\u00e1sticos aumentados para mayor comodidad durante el uso activo.<\/p>\n<p>Rodilleras : Los pantalones vienen con rodilleras insertables que son ajustables en altura. Las rodilleras de nueva generaci\u00f3n son m\u00e1s c\u00f3modas de usar y est\u00e1n protegidas externamente por el tejido CORDURA\u00ae 1000d Brookwood\u00ae USA.<\/p>\n<p>Cremalleras : \u00a1Todas las cremalleras son de YKK (Jap\u00f3n) y son muy confiables y de alta calidad!<\/p>\n<p>Paneles de velcro : Los pantalones tienen paneles de VELCRO\u00ae originales, duraderos y resistentes.<\/p>\n<p>Sistema de ajuste de cintura : Los pantalones tienen un c\u00f3modo sistema de ajuste de cintura.<\/p>\n<p>Bolsillos de carga : Cada bolsillo de carga contiene un estabilizador para una botella de agua\/revista.<\/p>\n<p>Soporte para equipo : Hay un soporte especial para una linterna u otro equipo, que proporciona f\u00e1cil acceso a los bolsillos vecinos.<\/p>\n<p>Ajustador de altura de rodilla : hay un pr\u00e1ctico ajustador de altura de rodilla ubicado en el bolsillo delantero. Est\u00e1 dise\u00f1ado para usarse con rodilleras intercambiables.<\/p>\n<p>Zona de asientos : Los pantalones cuentan con una zona de asientos de doble capa.<\/p>\n<p>Estas caracter\u00edsticas hacen de los pantalones t\u00e1cticos UATAC Gen 5.4 Black una opci\u00f3n confiable y c\u00f3moda para uso t\u00e1ctico. Esta es una serie limitada de UATAC.<\/p>\n","protected":false},"excerpt":{"rendered":"<p>El pantal\u00f3n t\u00e1ctico con rodilleras UATAC Gen 5.4 Negro tiene las siguientes caracter\u00edsticas: Tejido : 65% algod\u00f3n, 35% poli\u00e9ster. El tejido es RIPSTOP, lo que significa que tiene fuerza reforzada y resistencia al desgaste. Tambi\u00e9n cuenta con tecnolog\u00eda DWR (repelente al agua duradero), que no pierde sus propiedades despu\u00e9s de numerosos lavados, haciendo que el [&hellip;]<\/p>\n","protected":false},"featured_media":664,"comment_status":"open","ping_status":"closed","template":"","meta":[],"product_brand":[],"product_cat":[56],"product_tag":[],"class_list":{"0":"post-485","1":"product","2":"type-product","3":"status-publish","4":"has-post-thumbnail","6":"product_cat-pantalon","8":"first","9":"instock","10":"shipping-taxable","11":"purchasable","12":"product-type-simple"},"_links":{"self":[{"href":"https:\/\/lobos.uno\/index.php?rest_route=\/wp\/v2\/product\/485","targetHints":{"allow":["GET"]}}],"collection":[{"href":"https:\/\/lobos.uno\/index.php?rest_route=\/wp\/v2\/product"}],"about":[{"href":"https:\/\/lobos.uno\/index.php?rest_route=\/wp\/v2\/types\/product"}],"replies":[{"embeddable":true,"href":"https:\/\/lobos.uno\/index.php?rest_route=%2Fwp%2Fv2%2Fcomments&post=485"}],"wp:featuredmedia":[{"embeddable":true,"href":"https:\/\/lobos.uno\/index.php?rest_route=\/wp\/v2\/media\/664"}],"wp:attachment":[{"href":"https:\/\/lobos.uno\/index.php?rest_route=%2Fwp%2Fv2%2Fmedia&parent=485"}],"wp:term":[{"taxonomy":"product_brand","embeddable":true,"href":"https:\/\/lobos.uno\/index.php?rest_route=%2Fwp%2Fv2%2Fproduct_brand&post=485"},{"taxonomy":"product_cat","embeddable":true,"href":"https:\/\/lobos.uno\/index.php?rest_route=%2Fwp%2Fv2%2Fproduct_cat&post=485"},{"taxonomy":"product_tag","embeddable":true,"href":"https:\/\/lobos.uno\/index.php?rest_route=%2Fwp%2Fv2%2Fproduct_tag&post=485"}],"curies":[{"name":"wp","href":"https:\/\/api.w.org\/{rel}","templated":true}]}}