{"id":488,"date":"2025-04-20T15:17:40","date_gmt":"2025-04-20T13:17:40","guid":{"rendered":"http:\/\/3.23.22.20\/?post_type=product&#038;p=488"},"modified":"2025-04-20T15:19:43","modified_gmt":"2025-04-20T13:19:43","slug":"mochila-oakley-de-lona-color-camuflado","status":"publish","type":"product","link":"https:\/\/lobos.uno\/?product=mochila-oakley-de-lona-color-camuflado","title":{"rendered":"MOCHILA OAKLEY DE LONA COLOR CAMUFLADO"},"content":{"rendered":"<p><a href=\"\/categoria-producto\/accesorios\"><strong>Mochila de lona gruesa en color camuflado<\/strong><\/a><\/p>\n<p>\u00b7 Patr\u00f3n de camuflaje estampado en todas partes<\/p>\n<p>\u00b7 Resistente a la abrasi\u00f3n y repelente al agua<\/p>\n<p>\u00b7 Asa de transporte met\u00e1lica gr\u00e1fica<\/p>\n<p>\u00b7 Correas de hombro acolchadas ajustables<\/p>\n<p>\u00b7 Correa de liberaci\u00f3n r\u00e1pida para el estern\u00f3n y la cintura<\/p>\n<p>\u00b7 Compartimento acolchado con cremallera en la cara<\/p>\n<p>\u00b7 Herrajes con logo, presillas y bolsillo con cremallera en la cara<\/p>\n<p>\u00b7 Recubierto de goma parche con logo en la cara<\/p>\n<p>\u00b7 Correas de velcro y bolsillo con cremallera en los costados<\/p>\n<p>\u00b7 Abertura con cremallera en la parte posterior acolchada<\/p>\n<p>\u00b7 Compartimento con cremallera en la base<\/p>\n<p>\u00b7 Aros en la solapa con cierre de langosta<\/p>\n<p>\u00b7 Cierre con cremallera bidireccional<\/p>\n<p>\u00b7 Compartimento acolchado para computadora port\u00e1til en el interior<\/p>\n<p>\u00b7 Forro de lona<\/p>\n<p>\u00b7 H21&#8243; x W14&#8243; x D7&#8243; \/ 34L<\/p>\n<p>Color del proveedor: Cazador de camuflaje<\/p>\n<p>Cuerpo 1: 100% poliamida. Cuerpo 2: 100% poli\u00e9ster. Adorno: 100% cloruro de polivinilo. Forro: 100% poli\u00e9ster.<\/p>\n<p>Hecho en china.<\/p>\n","protected":false},"excerpt":{"rendered":"<p>Mochila de lona gruesa en color camuflado \u00b7 Patr\u00f3n de camuflaje estampado en todas partes \u00b7 Resistente a la abrasi\u00f3n y repelente al agua \u00b7 Asa de transporte met\u00e1lica gr\u00e1fica \u00b7 Correas de hombro acolchadas ajustables \u00b7 Correa de liberaci\u00f3n r\u00e1pida para el estern\u00f3n y la cintura \u00b7 Compartimento acolchado con cremallera en la cara [&hellip;]<\/p>\n","protected":false},"featured_media":685,"comment_status":"open","ping_status":"closed","template":"","meta":[],"product_brand":[],"product_cat":[47],"product_tag":[],"class_list":{"0":"post-488","1":"product","2":"type-product","3":"status-publish","4":"has-post-thumbnail","6":"product_cat-mochilas","8":"first","9":"instock","10":"shipping-taxable","11":"purchasable","12":"product-type-simple"},"_links":{"self":[{"href":"https:\/\/lobos.uno\/index.php?rest_route=\/wp\/v2\/product\/488","targetHints":{"allow":["GET"]}}],"collection":[{"href":"https:\/\/lobos.uno\/index.php?rest_route=\/wp\/v2\/product"}],"about":[{"href":"https:\/\/lobos.uno\/index.php?rest_route=\/wp\/v2\/types\/product"}],"replies":[{"embeddable":true,"href":"https:\/\/lobos.uno\/index.php?rest_route=%2Fwp%2Fv2%2Fcomments&post=488"}],"wp:featuredmedia":[{"embeddable":true,"href":"https:\/\/lobos.uno\/index.php?rest_route=\/wp\/v2\/media\/685"}],"wp:attachment":[{"href":"https:\/\/lobos.uno\/index.php?rest_route=%2Fwp%2Fv2%2Fmedia&parent=488"}],"wp:term":[{"taxonomy":"product_brand","embeddable":true,"href":"https:\/\/lobos.uno\/index.php?rest_route=%2Fwp%2Fv2%2Fproduct_brand&post=488"},{"taxonomy":"product_cat","embeddable":true,"href":"https:\/\/lobos.uno\/index.php?rest_route=%2Fwp%2Fv2%2Fproduct_cat&post=488"},{"taxonomy":"product_tag","embeddable":true,"href":"https:\/\/lobos.uno\/index.php?rest_route=%2Fwp%2Fv2%2Fproduct_tag&post=488"}],"curies":[{"name":"wp","href":"https:\/\/api.w.org\/{rel}","templated":true}]}}