{"id":489,"date":"2025-04-20T15:17:41","date_gmt":"2025-04-20T13:17:41","guid":{"rendered":"http:\/\/3.23.22.20\/?post_type=product&#038;p=489"},"modified":"2025-04-20T15:19:46","modified_gmt":"2025-04-20T13:19:46","slug":"ak-47-ametralladora-automatica-de-hidrogel","status":"publish","type":"product","link":"https:\/\/lobos.uno\/?product=ak-47-ametralladora-automatica-de-hidrogel","title":{"rendered":"AK 47 AMETRALLADORA AUTOM\u00c1TICA DE HIDROGEL"},"content":{"rendered":"<p>Ametralladora de juguete autom\u00e1tica Modelo AK47 Steel Black Replica, funciona con bolas de hidrogel.<\/p>\n<p>Incluye 5,000 balas de hidrogel para maxima diversi\u00f3n.<\/p>\n<p>1. MECANISMO AUTOM\u00c1TICA.<\/p>\n<p>Cuenta con un mecanismo el\u00e9ctrico que te permite disparar las balas de HIDROGEL de manera autom\u00e1tica presionando el gatillo puede alcanzar hasta 25 m<\/p>\n<p>2. BATER\u00cdA RECARGABLE<\/p>\n<p>Vienen incluido bater\u00eda recargable de Litio duradero para operar el juguete, esto nos ayuda a evitar el consumo de pilas alcalinas que da\u00f1an el medio ambiente.<\/p>\n<p>4. ARQUITECTURA Y TAMA\u00d1O.<\/p>\n<p>Este juguete est\u00e1 fabricado como r\u00e9plica de tama\u00f1o real con un largo de 85 cm aproximados que ofrece una experiencia \u00fanica.<\/p>\n<p>5. MATERIALES Y SEGURIDAD.<\/p>\n<p>Este art\u00edculo est\u00e1 fabricado con Pl\u00e1stico R\u00edgido ABS y proyectiles de HIDROGEL. amigables con el medio ambiente y viene incluido una gafa para proteger los ojos y evitar el contacto con los dardos.<\/p>\n<p><em><strong>Env\u00edos a todo Per\u00fa, recibe de 24 a 48 hrs despues de tu compra<\/strong><\/em><\/p>\n<p>Preguntas Frecuentes<\/p>\n<p>GARANT\u00cdA: Todos nuestros productos cuentan con garant\u00eda, escribanos al interno y con gusto solucionaremos cualquier situaci\u00f3n.<\/p>\n<p>\u00bfNECESITAS FACTURA? Al recibir tu producto te enviaremos un link por mensaje para que puedas dejarnos tus datos y se emitir\u00e1 la factura autom\u00e1ticamente<\/p>\n","protected":false},"excerpt":{"rendered":"<p>Ametralladora de juguete autom\u00e1tica Modelo AK47 Steel Black Replica, funciona con bolas de hidrogel. Incluye 5,000 balas de hidrogel para maxima diversi\u00f3n. 1. MECANISMO AUTOM\u00c1TICA. Cuenta con un mecanismo el\u00e9ctrico que te permite disparar las balas de HIDROGEL de manera autom\u00e1tica presionando el gatillo puede alcanzar hasta 25 m 2. BATER\u00cdA RECARGABLE Vienen incluido bater\u00eda [&hellip;]<\/p>\n","protected":false},"featured_media":690,"comment_status":"open","ping_status":"closed","template":"","meta":[],"product_brand":[],"product_cat":[48],"product_tag":[],"class_list":{"0":"post-489","1":"product","2":"type-product","3":"status-publish","4":"has-post-thumbnail","6":"product_cat-ametralladora","8":"first","9":"instock","10":"sale","11":"shipping-taxable","12":"purchasable","13":"product-type-simple"},"_links":{"self":[{"href":"https:\/\/lobos.uno\/index.php?rest_route=\/wp\/v2\/product\/489","targetHints":{"allow":["GET"]}}],"collection":[{"href":"https:\/\/lobos.uno\/index.php?rest_route=\/wp\/v2\/product"}],"about":[{"href":"https:\/\/lobos.uno\/index.php?rest_route=\/wp\/v2\/types\/product"}],"replies":[{"embeddable":true,"href":"https:\/\/lobos.uno\/index.php?rest_route=%2Fwp%2Fv2%2Fcomments&post=489"}],"wp:featuredmedia":[{"embeddable":true,"href":"https:\/\/lobos.uno\/index.php?rest_route=\/wp\/v2\/media\/690"}],"wp:attachment":[{"href":"https:\/\/lobos.uno\/index.php?rest_route=%2Fwp%2Fv2%2Fmedia&parent=489"}],"wp:term":[{"taxonomy":"product_brand","embeddable":true,"href":"https:\/\/lobos.uno\/index.php?rest_route=%2Fwp%2Fv2%2Fproduct_brand&post=489"},{"taxonomy":"product_cat","embeddable":true,"href":"https:\/\/lobos.uno\/index.php?rest_route=%2Fwp%2Fv2%2Fproduct_cat&post=489"},{"taxonomy":"product_tag","embeddable":true,"href":"https:\/\/lobos.uno\/index.php?rest_route=%2Fwp%2Fv2%2Fproduct_tag&post=489"}],"curies":[{"name":"wp","href":"https:\/\/api.w.org\/{rel}","templated":true}]}}