{"id":490,"date":"2025-04-20T15:17:41","date_gmt":"2025-04-20T13:17:41","guid":{"rendered":"http:\/\/3.23.22.20\/?post_type=product&#038;p=490"},"modified":"2025-04-20T15:19:52","modified_gmt":"2025-04-20T13:19:52","slug":"pistola-we-raven-eu8-half-tanasg","status":"publish","type":"product","link":"https:\/\/lobos.uno\/?product=pistola-we-raven-eu8-half-tanasg","title":{"rendered":"PISTOLA WE RAVEN EU8 HALF-TANASG"},"content":{"rendered":"<p><strong>La pistola ASG EC Raven EU8<\/strong><\/p>\n<p>La pistola ASG Green Gas-powered ha sido fabricada en metal y nylon.<\/p>\n<p>En la pistola, el metal se utiliza, entre otros, para la cerradura, algunas piezas internas y el cargador, mientras que el nylon se ha utilizado para la empu\u00f1adura de la pistola y el armaz\u00f3n.<\/p>\n<p>El nylon tambi\u00e9n se ha utilizado para las superposiciones de la empu\u00f1adura de la pistola, que permitir\u00e1n ajustar el tama\u00f1o de la empu\u00f1adura a la mano del usuario, as\u00ed como algunas piezas internas.<\/p>\n<p>El modelo Raven EU8 ha sido equipado con un cerrojo que utiliza el sistema Blow Back un sistema realista que hace que el cerrojo se retraiga despu\u00e9s de cada disparo y lo deja en posici\u00f3n trasera cuando se agota la munici\u00f3n del cargador.<\/p>\n<p>Una de las caracter\u00edsticas m\u00e1s importantes de la pistola EU8 es la posibilidad de disparar no s\u00f3lo fuego \u00fanico, sino tambi\u00e9n fuego continuo. Gracias al cut off de disparo situado en la cabeza de cilindro, es posible cambiar r\u00e1pidamente el modo de funcionamiento de la pistola, adapt\u00e1ndose a la situaci\u00f3n en el campo de airsoft.<\/p>\n<p><strong>Caracter\u00edsticas del producto:<\/strong><\/p>\n<p>-S\u00f3lida y conocida construcci\u00f3n de metal y aluminio<\/p>\n<p>-Libre 6.03 mm<\/p>\n<p>-Modo semi y full auto<\/p>\n<p>-Piezas de recambio adicionales incluidas<\/p>\n<p>-Parche<\/p>\n<p>-Almohadillas de empu\u00f1adura de pistola<\/p>\n<p>-Gu\u00eda RIS<\/p>\n<p><em><strong>CARACTERISTICAS<\/strong><\/em><\/p>\n<p>Blow Back: <span style=\"font-size: 16px;\">Si<\/span><\/p>\n<p>Color: <span style=\"font-size: 16px;\">Half-Tan<\/span><\/p>\n<p>Longitud del producto: 2<span style=\"font-size: 16px;\">1cm<\/span><\/p>\n<p>Peso del producto: <span style=\"font-size: 16px;\">700g<\/span><\/p>\n<p>Propulsi\u00f3n: <span style=\"font-size: 16px;\">Accionamiento a gas &#8211; Green Gas<\/span><\/p>\n<p>Materia\u0142: <span style=\"font-size: 16px;\">Metal\/Nylon<\/span><\/p>\n<p>Velocidad de salida: <span style=\"font-size: 16px;\">280 FPS<\/span><\/p>\n<p>Modo de disparo: <span style=\"font-size: 16px;\">Modo autom\u00e1tico\/<\/span><span style=\"font-size: 16px;\">Modo semiautom\u00e1tico<\/span><\/p>\n<p>Hop-Up: <span style=\"font-size: 16px;\">Si<\/span><\/p>\n<p>Longitud interna del ca\u00f1\u00f3n: <span style=\"font-size: 16px;\">90mm<\/span><\/p>\n<p>Capacidad del cargador de munici\u00f3n: <span style=\"font-size: 16px;\">24 disparos<\/span><\/p>\n<p>Tipo de cargador de munici\u00f3n: L<span style=\"font-size: 16px;\">ow-cap<\/span><\/p>\n","protected":false},"excerpt":{"rendered":"<p>La pistola ASG EC Raven EU8 La pistola ASG Green Gas-powered ha sido fabricada en metal y nylon. En la pistola, el metal se utiliza, entre otros, para la cerradura, algunas piezas internas y el cargador, mientras que el nylon se ha utilizado para la empu\u00f1adura de la pistola y el armaz\u00f3n. El nylon tambi\u00e9n [&hellip;]<\/p>\n","protected":false},"featured_media":699,"comment_status":"open","ping_status":"closed","template":"","meta":[],"product_brand":[],"product_cat":[42],"product_tag":[],"class_list":{"0":"post-490","1":"product","2":"type-product","3":"status-publish","4":"has-post-thumbnail","6":"product_cat-pistolas-airsoft","8":"first","9":"instock","10":"sale","11":"shipping-taxable","12":"purchasable","13":"product-type-simple"},"_links":{"self":[{"href":"https:\/\/lobos.uno\/index.php?rest_route=\/wp\/v2\/product\/490","targetHints":{"allow":["GET"]}}],"collection":[{"href":"https:\/\/lobos.uno\/index.php?rest_route=\/wp\/v2\/product"}],"about":[{"href":"https:\/\/lobos.uno\/index.php?rest_route=\/wp\/v2\/types\/product"}],"replies":[{"embeddable":true,"href":"https:\/\/lobos.uno\/index.php?rest_route=%2Fwp%2Fv2%2Fcomments&post=490"}],"wp:featuredmedia":[{"embeddable":true,"href":"https:\/\/lobos.uno\/index.php?rest_route=\/wp\/v2\/media\/699"}],"wp:attachment":[{"href":"https:\/\/lobos.uno\/index.php?rest_route=%2Fwp%2Fv2%2Fmedia&parent=490"}],"wp:term":[{"taxonomy":"product_brand","embeddable":true,"href":"https:\/\/lobos.uno\/index.php?rest_route=%2Fwp%2Fv2%2Fproduct_brand&post=490"},{"taxonomy":"product_cat","embeddable":true,"href":"https:\/\/lobos.uno\/index.php?rest_route=%2Fwp%2Fv2%2Fproduct_cat&post=490"},{"taxonomy":"product_tag","embeddable":true,"href":"https:\/\/lobos.uno\/index.php?rest_route=%2Fwp%2Fv2%2Fproduct_tag&post=490"}],"curies":[{"name":"wp","href":"https:\/\/api.w.org\/{rel}","templated":true}]}}