{"id":492,"date":"2025-04-20T15:17:41","date_gmt":"2025-04-20T13:17:41","guid":{"rendered":"http:\/\/3.23.22.20\/?post_type=product&#038;p=492"},"modified":"2025-04-20T15:20:07","modified_gmt":"2025-04-20T13:20:07","slug":"mp5k-graffiti-de-hidrogel-premium","status":"publish","type":"product","link":"https:\/\/lobos.uno\/?product=mp5k-graffiti-de-hidrogel-premium","title":{"rendered":"MP5K GRAFFITI DE HIDROGEL PREMIUM"},"content":{"rendered":"<p>Accesorios incluidos con la compra de la MP5 de hidrogel:<\/p>\n<p>Gafas de seguridad<\/p>\n<p>Munici\u00f3n<\/p>\n<p>Mira R\u00e9flex<\/p>\n<p>Culata Plegable<\/p>\n<p>Empu\u00f1adura Vertical<\/p>\n<p>Linterna T\u00e1ctica<\/p>\n<p>Cargador De Munici\u00f3n<\/p>\n<p>Correa<\/p>\n<p>Silenciador.<\/p>\n<p>Alcance de 25-30 metros: Disfruta de la acci\u00f3n a distancia.<\/p>\n<p>Tama\u00f1o de la munici\u00f3n: 7-8mm: Compatible con balas de hidrogel est\u00e1ndar.<\/p>\n<p>Lanzadora t\u00e1ctica de alta calidad:<\/p>\n<p>Fabricado con pl\u00e1stico ABS resistente para una mayor durabilidad.<\/p>\n<p>F\u00e1cil de usar:<\/p>\n<p>Bater\u00eda recargable y cargador incluidos.<\/p>\n<p>Hidrata las bolas de gel en agua durante 4 a 5 horas.<\/p>\n","protected":false},"excerpt":{"rendered":"<p>Accesorios incluidos con la compra de la MP5 de hidrogel: Gafas de seguridad Munici\u00f3n Mira R\u00e9flex Culata Plegable Empu\u00f1adura Vertical Linterna T\u00e1ctica Cargador De Munici\u00f3n Correa Silenciador. Alcance de 25-30 metros: Disfruta de la acci\u00f3n a distancia. Tama\u00f1o de la munici\u00f3n: 7-8mm: Compatible con balas de hidrogel est\u00e1ndar. Lanzadora t\u00e1ctica de alta calidad: Fabricado con [&hellip;]<\/p>\n","protected":false},"featured_media":717,"comment_status":"open","ping_status":"closed","template":"","meta":[],"product_brand":[],"product_cat":[31],"product_tag":[40],"class_list":{"0":"post-492","1":"product","2":"type-product","3":"status-publish","4":"has-post-thumbnail","6":"product_cat-fusil","7":"product_tag-hidrogel","9":"first","10":"instock","11":"shipping-taxable","12":"purchasable","13":"product-type-simple"},"_links":{"self":[{"href":"https:\/\/lobos.uno\/index.php?rest_route=\/wp\/v2\/product\/492","targetHints":{"allow":["GET"]}}],"collection":[{"href":"https:\/\/lobos.uno\/index.php?rest_route=\/wp\/v2\/product"}],"about":[{"href":"https:\/\/lobos.uno\/index.php?rest_route=\/wp\/v2\/types\/product"}],"replies":[{"embeddable":true,"href":"https:\/\/lobos.uno\/index.php?rest_route=%2Fwp%2Fv2%2Fcomments&post=492"}],"wp:featuredmedia":[{"embeddable":true,"href":"https:\/\/lobos.uno\/index.php?rest_route=\/wp\/v2\/media\/717"}],"wp:attachment":[{"href":"https:\/\/lobos.uno\/index.php?rest_route=%2Fwp%2Fv2%2Fmedia&parent=492"}],"wp:term":[{"taxonomy":"product_brand","embeddable":true,"href":"https:\/\/lobos.uno\/index.php?rest_route=%2Fwp%2Fv2%2Fproduct_brand&post=492"},{"taxonomy":"product_cat","embeddable":true,"href":"https:\/\/lobos.uno\/index.php?rest_route=%2Fwp%2Fv2%2Fproduct_cat&post=492"},{"taxonomy":"product_tag","embeddable":true,"href":"https:\/\/lobos.uno\/index.php?rest_route=%2Fwp%2Fv2%2Fproduct_tag&post=492"}],"curies":[{"name":"wp","href":"https:\/\/api.w.org\/{rel}","templated":true}]}}