{"id":546,"date":"2025-04-20T15:18:05","date_gmt":"2025-04-20T13:18:05","guid":{"rendered":"http:\/\/3.23.22.20\/?post_type=product&#038;p=546"},"modified":"2025-04-20T15:20:11","modified_gmt":"2025-04-20T13:20:11","slug":"pistola-airsoft-vorsk-r92f-gbb-negra","status":"publish","type":"product","link":"https:\/\/lobos.uno\/?product=pistola-airsoft-vorsk-r92f-gbb-negra","title":{"rendered":"PISTOLA AIRSOFT VORSK R92F GBB (negra)"},"content":{"rendered":"<p>\ud83d\udd25Descubra la combinaci\u00f3n perfecta de rendimiento y precisi\u00f3n con la pistola Vorsk Raven R92F GBB.<\/p>\n<p>\ud83d\udd25Esta pistola de airsoft semiautom\u00e1tica, dise\u00f1ada por la reconocida marca Raven, cuenta con un ca\u00f1\u00f3n de precisi\u00f3n de 113 mm con un calibre de 6,03 mm para una precisi\u00f3n excepcional.<\/p>\n<p>\ud83d\udc49\ud83c\udffcFabricada con una corredera y un armaz\u00f3n de aleaci\u00f3n de aluminio duraderos, complementados con una empu\u00f1adura de pol\u00edmero HIPS, esta pistola est\u00e1 dise\u00f1ada para durar.<\/p>\n<p>Con un alto rendimiento que alcanza hasta 330 FPS con munici\u00f3n NUPROL 3.0, ofrece una experiencia de disparo realista.<\/p>\n<p>\ud83d\ude0eCon componentes internos confiables hechos de acero, y aleaci\u00f3n de aluminio, y una corredera con acabado CNC con un acabado de pintura hidrost\u00e1tica, el Raven R92F garantiza un rendimiento y un estilo de primera categor\u00eda. Compatible con TM\/WE, ofrece un uso vers\u00e1til, lo que lo convierte en una adici\u00f3n esencial a cualquier arsenal de airsoft.<\/p>\n<p>Especificaciones:<\/p>\n<p>Fabricante: Vorsk Airsoft<\/p>\n<p>Modelo: Pistola Airsoft Tactical R92F GBB<\/p>\n<p>Velocidad inicial: 300-320 FPS<\/p>\n<p>Capacidad del cargador: 30 rds<\/p>\n<p>Color: Negro<\/p>\n<p>El paquete incluye: Pistola, cargador, gas, 1k de municiones<\/p>\n<p>Caracter\u00edsticas:<\/p>\n<p>Corredera de metal CNC<\/p>\n<p>Marco de aluminio<\/p>\n<p>Ca\u00f1\u00f3n interior de calibre estrecho de 6,03 mm<\/p>\n<p>Compatible con TM\/WE para un uso vers\u00e1til<\/p>\n<p>Tenga en cuenta:<\/p>\n<p>Uso recomendado +18<\/p>\n","protected":false},"excerpt":{"rendered":"<p>\ud83d\udd25Descubra la combinaci\u00f3n perfecta de rendimiento y precisi\u00f3n con la pistola Vorsk Raven R92F GBB. \ud83d\udd25Esta pistola de airsoft semiautom\u00e1tica, dise\u00f1ada por la reconocida marca Raven, cuenta con un ca\u00f1\u00f3n de precisi\u00f3n de 113 mm con un calibre de 6,03 mm para una precisi\u00f3n excepcional. \ud83d\udc49\ud83c\udffcFabricada con una corredera y un armaz\u00f3n de aleaci\u00f3n de [&hellip;]<\/p>\n","protected":false},"featured_media":723,"comment_status":"open","ping_status":"closed","template":"","meta":[],"product_brand":[],"product_cat":[42],"product_tag":[],"class_list":{"0":"post-546","1":"product","2":"type-product","3":"status-publish","4":"has-post-thumbnail","6":"product_cat-pistolas-airsoft","8":"first","9":"instock","10":"sale","11":"shipping-taxable","12":"purchasable","13":"product-type-simple"},"_links":{"self":[{"href":"https:\/\/lobos.uno\/index.php?rest_route=\/wp\/v2\/product\/546","targetHints":{"allow":["GET"]}}],"collection":[{"href":"https:\/\/lobos.uno\/index.php?rest_route=\/wp\/v2\/product"}],"about":[{"href":"https:\/\/lobos.uno\/index.php?rest_route=\/wp\/v2\/types\/product"}],"replies":[{"embeddable":true,"href":"https:\/\/lobos.uno\/index.php?rest_route=%2Fwp%2Fv2%2Fcomments&post=546"}],"wp:featuredmedia":[{"embeddable":true,"href":"https:\/\/lobos.uno\/index.php?rest_route=\/wp\/v2\/media\/723"}],"wp:attachment":[{"href":"https:\/\/lobos.uno\/index.php?rest_route=%2Fwp%2Fv2%2Fmedia&parent=546"}],"wp:term":[{"taxonomy":"product_brand","embeddable":true,"href":"https:\/\/lobos.uno\/index.php?rest_route=%2Fwp%2Fv2%2Fproduct_brand&post=546"},{"taxonomy":"product_cat","embeddable":true,"href":"https:\/\/lobos.uno\/index.php?rest_route=%2Fwp%2Fv2%2Fproduct_cat&post=546"},{"taxonomy":"product_tag","embeddable":true,"href":"https:\/\/lobos.uno\/index.php?rest_route=%2Fwp%2Fv2%2Fproduct_tag&post=546"}],"curies":[{"name":"wp","href":"https:\/\/api.w.org\/{rel}","templated":true}]}}