{"id":547,"date":"2025-04-20T15:18:05","date_gmt":"2025-04-20T13:18:05","guid":{"rendered":"http:\/\/3.23.22.20\/?post_type=product&#038;p=547"},"modified":"2025-04-20T15:20:37","modified_gmt":"2025-04-20T13:20:37","slug":"botas-tacticas-militares-de-exterior-de-cana-alta","status":"publish","type":"product","link":"https:\/\/lobos.uno\/?product=botas-tacticas-militares-de-exterior-de-cana-alta","title":{"rendered":"BOTAS T\u00c1CTICAS MILITARES DE EXTERIOR DE CA\u00d1A ALTA"},"content":{"rendered":"<p>Al atravesar terrenos exigentes en climas dif\u00edciles, esta bota militar ligera t\u00e1ctica de ca\u00f1a alta para hombre proporciona una excelente funcionalidad, soporte para el arco y comodidad.<\/p>\n<p>Su parte superior de piel de gamuza resistente al agua y tela de nailon con parachoques delantero y trasero en la puntera y el tal\u00f3n mejora la dureza y la resistencia, para un soporte duradero y resistencia al agua.<\/p>\n<p>Duradera, ligera, transpirable, con fuerte agarre y protecci\u00f3n, todo en uno. Ya sea en la jungla, el desierto o en el trabajo, necesitar\u00e1 estas botas para brindarle la m\u00e1xima comodidad y durabilidad.<\/p>\n<p>Dise\u00f1o t\u00e1ctico con estilo de moda urbana, lo que las hace pr\u00e1cticas para la vida al aire libre y en la ciudad.<\/p>\n<p><strong>Caracter\u00edsticas<\/strong><\/p>\n<p>Ayuda dentro del material: malla<\/p>\n<p>Estilo: Zapatos altos Bullock<\/p>\n<p>Estilo de la punta: cabeza redonda<\/p>\n<p>Cerrado: con cordones<\/p>\n<p>Material superior: malla<\/p>\n<p>Material de la superficie de ayuda: piel nobuck<\/p>\n<p>Material de la suela: Caucho<\/p>\n<p>Altura del tac\u00f3n: tac\u00f3n plano<\/p>\n<p>Material del forro superior: malla<\/p>\n<p>Altura del tac\u00f3n: 3 cent\u00edmetros<\/p>\n","protected":false},"excerpt":{"rendered":"<p>Al atravesar terrenos exigentes en climas dif\u00edciles, esta bota militar ligera t\u00e1ctica de ca\u00f1a alta para hombre proporciona una excelente funcionalidad, soporte para el arco y comodidad. Su parte superior de piel de gamuza resistente al agua y tela de nailon con parachoques delantero y trasero en la puntera y el tal\u00f3n mejora la dureza [&hellip;]<\/p>\n","protected":false},"featured_media":727,"comment_status":"open","ping_status":"closed","template":"","meta":[],"product_brand":[],"product_cat":[59],"product_tag":[],"class_list":{"0":"post-547","1":"product","2":"type-product","3":"status-publish","4":"has-post-thumbnail","6":"product_cat-calzado","8":"first","9":"instock","10":"shipping-taxable","11":"purchasable","12":"product-type-variable"},"_links":{"self":[{"href":"https:\/\/lobos.uno\/index.php?rest_route=\/wp\/v2\/product\/547","targetHints":{"allow":["GET"]}}],"collection":[{"href":"https:\/\/lobos.uno\/index.php?rest_route=\/wp\/v2\/product"}],"about":[{"href":"https:\/\/lobos.uno\/index.php?rest_route=\/wp\/v2\/types\/product"}],"replies":[{"embeddable":true,"href":"https:\/\/lobos.uno\/index.php?rest_route=%2Fwp%2Fv2%2Fcomments&post=547"}],"wp:featuredmedia":[{"embeddable":true,"href":"https:\/\/lobos.uno\/index.php?rest_route=\/wp\/v2\/media\/727"}],"wp:attachment":[{"href":"https:\/\/lobos.uno\/index.php?rest_route=%2Fwp%2Fv2%2Fmedia&parent=547"}],"wp:term":[{"taxonomy":"product_brand","embeddable":true,"href":"https:\/\/lobos.uno\/index.php?rest_route=%2Fwp%2Fv2%2Fproduct_brand&post=547"},{"taxonomy":"product_cat","embeddable":true,"href":"https:\/\/lobos.uno\/index.php?rest_route=%2Fwp%2Fv2%2Fproduct_cat&post=547"},{"taxonomy":"product_tag","embeddable":true,"href":"https:\/\/lobos.uno\/index.php?rest_route=%2Fwp%2Fv2%2Fproduct_tag&post=547"}],"curies":[{"name":"wp","href":"https:\/\/api.w.org\/{rel}","templated":true}]}}