{"id":658,"date":"2025-04-20T15:19:30","date_gmt":"2025-04-20T13:19:30","guid":{"rendered":"http:\/\/3.23.22.20\/?post_type=product&#038;p=658"},"modified":"2025-05-17T11:24:01","modified_gmt":"2025-05-17T09:24:01","slug":"g18-pistola-con-blowback","status":"publish","type":"product","link":"https:\/\/lobos.uno\/?product=g18-pistola-con-blowback","title":{"rendered":"G18 PISTOLA CON BLOWBACK"},"content":{"rendered":"<p>Esta pistola de juguete Blowback Pistol es un producto con licencia oficial y est\u00e1 dise\u00f1ada para verse y sentirse como la original. Cuenta con un sistema de expulsi\u00f3n de proyectiles realista para que pueda disfrutar de una experiencia de disparo realista. Esta pistola puede ayudarte a recrear tiroteos reales con su potente sistema de retroceso.<\/p>\n<p>Expulsi\u00f3n de proyectiles + disparo, restaura perfectamente el proceso real de disparo con pistola.<\/p>\n<p>Esta es una pistola de retroceso, lo que significa que la corredera se mueve hacia atr\u00e1s cuando presiona el gatillo.<\/p>\n<p>Cuando no hay bala en el arma, la corredera se bloquear\u00e1 cuando se presione el gatillo, el cerrojo del \u00faltimo cartucho se mantendr\u00e1 abierto.<\/p>\n<p><strong>Perspectiva:<\/strong>\u00a0La \u00fanica pistola de juguete que puede brindar satisfacci\u00f3n con solo presionar el gatillo incluso sin cargar balas.<\/p>\n<p><strong>Modelo de pistola realista:<\/strong>\u00a0la reducci\u00f3n 1:1 se puede mostrar como un modelo, tambi\u00e9n se puede usar como un juguete inquieto para jugar.<\/p>\n<p><strong>Seguro y duradero:<\/strong>\u00a0Esta pistola de juguete est\u00e1 hecha de material ABS de alta calidad.<\/p>\n<p><strong>Regalo perfecto:<\/strong>\u00a0Esta genial pistola de juguete tiene un aspecto muy realista. La gran fiesta, regalos de cumplea\u00f1os para ni\u00f1os de 5+ a\u00f1os.<\/p>\n<p><strong>Longitud:<\/strong>\u00a08.7 pulgadas<\/p>\n<p><strong>Incluido:<\/strong><\/p>\n<ul>\n<li>1 * Pistola<\/li>\n<li>6 * Dardos<\/li>\n<li>10* Balines<\/li>\n<li>1 * Revista<\/li>\n<\/ul>\n","protected":false},"excerpt":{"rendered":"<p>Esta pistola de juguete Blowback Pistol es un producto con licencia oficial y est\u00e1 dise\u00f1ada para verse y sentirse como la original. Cuenta con un sistema de expulsi\u00f3n de proyectiles realista para que pueda disfrutar de una experiencia de disparo realista. Esta pistola puede ayudarte a recrear tiroteos reales con su potente sistema de retroceso. [&hellip;]<\/p>\n","protected":false},"featured_media":745,"comment_status":"open","ping_status":"closed","template":"","meta":[],"product_brand":[],"product_cat":[38],"product_tag":[],"class_list":{"0":"post-658","1":"product","2":"type-product","3":"status-publish","4":"has-post-thumbnail","6":"product_cat-pistolas","8":"first","9":"instock","10":"shipping-taxable","11":"purchasable","12":"product-type-simple"},"_links":{"self":[{"href":"https:\/\/lobos.uno\/index.php?rest_route=\/wp\/v2\/product\/658","targetHints":{"allow":["GET"]}}],"collection":[{"href":"https:\/\/lobos.uno\/index.php?rest_route=\/wp\/v2\/product"}],"about":[{"href":"https:\/\/lobos.uno\/index.php?rest_route=\/wp\/v2\/types\/product"}],"replies":[{"embeddable":true,"href":"https:\/\/lobos.uno\/index.php?rest_route=%2Fwp%2Fv2%2Fcomments&post=658"}],"wp:featuredmedia":[{"embeddable":true,"href":"https:\/\/lobos.uno\/index.php?rest_route=\/wp\/v2\/media\/745"}],"wp:attachment":[{"href":"https:\/\/lobos.uno\/index.php?rest_route=%2Fwp%2Fv2%2Fmedia&parent=658"}],"wp:term":[{"taxonomy":"product_brand","embeddable":true,"href":"https:\/\/lobos.uno\/index.php?rest_route=%2Fwp%2Fv2%2Fproduct_brand&post=658"},{"taxonomy":"product_cat","embeddable":true,"href":"https:\/\/lobos.uno\/index.php?rest_route=%2Fwp%2Fv2%2Fproduct_cat&post=658"},{"taxonomy":"product_tag","embeddable":true,"href":"https:\/\/lobos.uno\/index.php?rest_route=%2Fwp%2Fv2%2Fproduct_tag&post=658"}],"curies":[{"name":"wp","href":"https:\/\/api.w.org\/{rel}","templated":true}]}}