{"id":659,"date":"2025-04-20T15:19:30","date_gmt":"2025-04-20T13:19:30","guid":{"rendered":"http:\/\/3.23.22.20\/?post_type=product&#038;p=659"},"modified":"2025-04-20T15:20:35","modified_gmt":"2025-04-20T13:20:35","slug":"sig17-pistola-con-blowback","status":"publish","type":"product","link":"https:\/\/lobos.uno\/?product=sig17-pistola-con-blowback","title":{"rendered":"SIG17 PISTOLA CON BLOWBACK"},"content":{"rendered":"<p>Esta pistola de juguete SIG17 Blowback Pistol est\u00e1 dise\u00f1ada para verse y sentirse como la original. Cuenta con un sistema de expulsi\u00f3n de proyectiles realista para que pueda disfrutar de una experiencia de disparo realista. Esta pistola puede ayudarte a recrear tiroteos reales con su potente sistema de retroceso.<br \/>\nExpulsi\u00f3n de proyectiles + disparo, restaura perfectamente el proceso real de disparo con pistola.<br \/>\nEsta es una pistola de retroceso, lo que significa que la corredera se mueve hacia atr\u00e1s cuando presiona el gatillo.<br \/>\nCuando no hay bala en el arma, la corredera se bloquear\u00e1 cuando se presione el gatillo, el cerrojo del \u00faltimo cartucho se mantendr\u00e1 abierto.<br \/>\nPerspectiva: La \u00fanica pistola de juguete que puede brindar satisfacci\u00f3n con solo presionar el gatillo incluso sin cargar balas.<br \/>\nModelo de pistola realista: la reducci\u00f3n 1:1 se puede mostrar como un modelo, tambi\u00e9n se puede usar como un juguete inquieto para jugar.<br \/>\nSeguro y duradero: esta pistola de juguete est\u00e1 hecha de material ABS de alta calidad.<br \/>\nRegalo perfecto: Esta genial pistola de juguete tiene un aspecto muy realista. La gran fiesta, regalos de cumplea\u00f1os para ni\u00f1os de 14+ a\u00f1os.<\/p>\n<p>Modelo: SIG17<br \/>\nIncluido:<br \/>\n1\u00d7Pistola SIG17<br \/>\n1\u00d7Actualizaci\u00f3n del cargador:<br \/>\n1\u00d7Pistola SIG17<br \/>\n12\u00d7Proyectiles<br \/>\n40\u00d7Balas 1\u00d7Cargador<br \/>\n1\u00d7Puntero<br \/>\nl\u00e1ser 1\u00d7Linterna t\u00e1ctica<\/p>\n","protected":false},"excerpt":{"rendered":"<p>Esta pistola de juguete SIG17 Blowback Pistol est\u00e1 dise\u00f1ada para verse y sentirse como la original. Cuenta con un sistema de expulsi\u00f3n de proyectiles realista para que pueda disfrutar de una experiencia de disparo realista. Esta pistola puede ayudarte a recrear tiroteos reales con su potente sistema de retroceso. Expulsi\u00f3n de proyectiles + disparo, restaura [&hellip;]<\/p>\n","protected":false},"featured_media":751,"comment_status":"open","ping_status":"closed","template":"","meta":[],"product_brand":[],"product_cat":[38],"product_tag":[],"class_list":{"0":"post-659","1":"product","2":"type-product","3":"status-publish","4":"has-post-thumbnail","6":"product_cat-pistolas","8":"first","9":"instock","10":"shipping-taxable","11":"purchasable","12":"product-type-simple"},"_links":{"self":[{"href":"https:\/\/lobos.uno\/index.php?rest_route=\/wp\/v2\/product\/659","targetHints":{"allow":["GET"]}}],"collection":[{"href":"https:\/\/lobos.uno\/index.php?rest_route=\/wp\/v2\/product"}],"about":[{"href":"https:\/\/lobos.uno\/index.php?rest_route=\/wp\/v2\/types\/product"}],"replies":[{"embeddable":true,"href":"https:\/\/lobos.uno\/index.php?rest_route=%2Fwp%2Fv2%2Fcomments&post=659"}],"wp:featuredmedia":[{"embeddable":true,"href":"https:\/\/lobos.uno\/index.php?rest_route=\/wp\/v2\/media\/751"}],"wp:attachment":[{"href":"https:\/\/lobos.uno\/index.php?rest_route=%2Fwp%2Fv2%2Fmedia&parent=659"}],"wp:term":[{"taxonomy":"product_brand","embeddable":true,"href":"https:\/\/lobos.uno\/index.php?rest_route=%2Fwp%2Fv2%2Fproduct_brand&post=659"},{"taxonomy":"product_cat","embeddable":true,"href":"https:\/\/lobos.uno\/index.php?rest_route=%2Fwp%2Fv2%2Fproduct_cat&post=659"},{"taxonomy":"product_tag","embeddable":true,"href":"https:\/\/lobos.uno\/index.php?rest_route=%2Fwp%2Fv2%2Fproduct_tag&post=659"}],"curies":[{"name":"wp","href":"https:\/\/api.w.org\/{rel}","templated":true}]}}