{"id":661,"date":"2025-04-20T15:19:30","date_gmt":"2025-04-20T13:19:30","guid":{"rendered":"http:\/\/3.23.22.20\/?post_type=product&#038;p=661"},"modified":"2025-04-20T15:20:41","modified_gmt":"2025-04-20T13:20:41","slug":"m200-rifle-de-franco-tirador","status":"publish","type":"product","link":"https:\/\/lobos.uno\/?product=m200-rifle-de-franco-tirador","title":{"rendered":"M200 RIFLE DE FRANCO TIRADOR"},"content":{"rendered":"<p>El rifle de francotirador JY M200 ofrece a los entusiastas una combinaci\u00f3n \u00fanica de un cuerpo met\u00e1lico para una mayor durabilidad y el arte de la funcionalidad del rifle de francotirador manual. Sum\u00e9rgete en el mundo de los tiros de precisi\u00f3n y el juego estrat\u00e9gico con este excepcional lanzador de gel.<\/p>\n<p><strong>Caracter\u00edsticas clave:<\/strong><\/p>\n<p><strong>Construcci\u00f3n de cuerpo met\u00e1lico:<\/strong><\/p>\n<ul>\n<li>Experimente la sensaci\u00f3n de robustez y durabilidad de un cuerpo de metal, elevando la autenticidad y la calidad general de construcci\u00f3n del rifle de francotirador JY M200.<\/li>\n<\/ul>\n<p><strong>Rifle de francotirador manual:<\/strong><\/p>\n<ul>\n<li>Realiza disparos manuales precisos mientras navegas por el campo de batalla con el JY M200, dise\u00f1ado para aquellos que aprecian el arte de la precision a larga distancia.<\/li>\n<\/ul>\n<p><strong>Especificaciones:<\/strong><\/p>\n<ul>\n<li><strong>Construcci\u00f3n de carrocer\u00eda:<\/strong>\u00a0Metal<\/li>\n<li><strong>Modo de disparo:<\/strong>\u00a0rifle de francotirador manual<\/li>\n<li><strong>Velocidad:<\/strong>\u00a0100m\/s<\/li>\n<li><strong>Central el\u00e9ctrica:<\/strong>\u00a0300 fps y\u00a045 metros, \u00a1ideal para objetivos de largo alcance!<\/li>\n<\/ul>\n<p><strong>Construido para durar:<\/strong>\u00a0Fabricado con un cuerpo de metal, el JY M200 es un testimonio de calidad y durabilidad. Navega por el campo de batalla con confianza, sabiendo que cada disparo est\u00e1 respaldado por una construcci\u00f3n s\u00f3lida y confiable.<\/p>\n<p>Disfrute de la precisi\u00f3n de una experiencia con un rifle de francotirador manual con el rifle de francotirador JY M200. Mejora tus aventuras de explosi\u00f3n de gel con un toque de artesan\u00eda en metal.<\/p>\n","protected":false},"excerpt":{"rendered":"<p>Mejora tus aventuras de explosi\u00f3n de gel con un toque de artesan\u00eda en metal.<\/p>\n","protected":false},"featured_media":768,"comment_status":"open","ping_status":"closed","template":"","meta":[],"product_brand":[],"product_cat":[32],"product_tag":[],"class_list":{"0":"post-661","1":"product","2":"type-product","3":"status-publish","4":"has-post-thumbnail","6":"product_cat-rifles","8":"first","9":"instock","10":"sale","11":"shipping-taxable","12":"purchasable","13":"product-type-simple"},"_links":{"self":[{"href":"https:\/\/lobos.uno\/index.php?rest_route=\/wp\/v2\/product\/661","targetHints":{"allow":["GET"]}}],"collection":[{"href":"https:\/\/lobos.uno\/index.php?rest_route=\/wp\/v2\/product"}],"about":[{"href":"https:\/\/lobos.uno\/index.php?rest_route=\/wp\/v2\/types\/product"}],"replies":[{"embeddable":true,"href":"https:\/\/lobos.uno\/index.php?rest_route=%2Fwp%2Fv2%2Fcomments&post=661"}],"wp:featuredmedia":[{"embeddable":true,"href":"https:\/\/lobos.uno\/index.php?rest_route=\/wp\/v2\/media\/768"}],"wp:attachment":[{"href":"https:\/\/lobos.uno\/index.php?rest_route=%2Fwp%2Fv2%2Fmedia&parent=661"}],"wp:term":[{"taxonomy":"product_brand","embeddable":true,"href":"https:\/\/lobos.uno\/index.php?rest_route=%2Fwp%2Fv2%2Fproduct_brand&post=661"},{"taxonomy":"product_cat","embeddable":true,"href":"https:\/\/lobos.uno\/index.php?rest_route=%2Fwp%2Fv2%2Fproduct_cat&post=661"},{"taxonomy":"product_tag","embeddable":true,"href":"https:\/\/lobos.uno\/index.php?rest_route=%2Fwp%2Fv2%2Fproduct_tag&post=661"}],"curies":[{"name":"wp","href":"https:\/\/api.w.org\/{rel}","templated":true}]}}